{"id":925,"date":"2019-04-01T09:19:08","date_gmt":"2019-04-01T09:19:08","guid":{"rendered":"https:\/\/mobaro.com\/?page_id=925"},"modified":"2019-12-20T10:46:16","modified_gmt":"2019-12-20T10:46:16","slug":"partner","status":"publish","type":"page","link":"https:\/\/mobaro.com\/es\/about\/partner\/","title":{"rendered":"Conviertete en partner"},"content":{"rendered":"<div data-elementor-type=\"wp-post\" data-elementor-id=\"925\" class=\"elementor elementor-925\" data-elementor-post-type=\"page\">\n\t\t\t\t\t\t<section class=\"elementor-section elementor-top-section elementor-element elementor-element-500596e5 elementor-section-content-bottom elementor-section-height-min-height elementor-section-boxed elementor-section-height-default elementor-section-items-middle exad-glass-effect-no exad-sticky-section-no\" data-id=\"500596e5\" data-element_type=\"section\" data-settings=\"{&quot;background_background&quot;:&quot;classic&quot;}\">\n\t\t\t\t\t\t\t<div class=\"elementor-background-overlay\"><\/div>\n\t\t\t\t\t\t\t<div class=\"elementor-container elementor-column-gap-no\">\n\t\t\t\t\t<div class=\"elementor-column elementor-col-50 elementor-top-column elementor-element elementor-element-dcb60a3 exad-glass-effect-no exad-sticky-section-no\" data-id=\"dcb60a3\" data-element_type=\"column\">\n\t\t\t<div class=\"elementor-widget-wrap elementor-element-populated\">\n\t\t\t\t\t\t<div class=\"elementor-element elementor-element-38964e3a exad-sticky-section-no exad-glass-effect-no elementor-widget elementor-widget-text-editor\" data-id=\"38964e3a\" data-element_type=\"widget\" data-widget_type=\"text-editor.default\">\n\t\t\t\t<div class=\"elementor-widget-container\">\n\t\t\t\t\t\t\t\t\t<p>\u00fanete a nosotros<\/p>\t\t\t\t\t\t\t\t<\/div>\n\t\t\t\t<\/div>\n\t\t\t\t<div class=\"elementor-element elementor-element-7db5daac exad-sticky-section-no exad-glass-effect-no elementor-widget elementor-widget-heading\" data-id=\"7db5daac\" data-element_type=\"widget\" data-widget_type=\"heading.default\">\n\t\t\t\t<div class=\"elementor-widget-container\">\n\t\t\t\t\t<h1 class=\"elementor-heading-title elementor-size-default\">Conviertete en partner<\/h1>\t\t\t\t<\/div>\n\t\t\t\t<\/div>\n\t\t\t\t<div class=\"elementor-element elementor-element-6e7d0149 exad-sticky-section-no exad-glass-effect-no elementor-widget elementor-widget-heading\" data-id=\"6e7d0149\" data-element_type=\"widget\" data-widget_type=\"heading.default\">\n\t\t\t\t<div class=\"elementor-widget-container\">\n\t\t\t\t\t<h2 class=\"elementor-heading-title elementor-size-default\">Como Socio Asociado de Mobaro, obtendr\u00e1 una gran cantidad de beneficios y permitir\u00e1 que otros en su sector se cuiden mejor.<\/h2>\t\t\t\t<\/div>\n\t\t\t\t<\/div>\n\t\t\t\t<div class=\"elementor-element elementor-element-fd71894 exad-sticky-section-no exad-glass-effect-no elementor-widget elementor-widget-text-editor\" data-id=\"fd71894\" data-element_type=\"widget\" data-widget_type=\"text-editor.default\">\n\t\t\t\t<div class=\"elementor-widget-container\">\n\t\t\t\t\t\t\t\t\t<p>Siempre estamos buscando candidatos a Associate Partner para presentar nuestra soluci\u00f3n a su red. Su experiencia en el sector y el acceso a los responsables de la toma de decisiones son su billete para el programa Mobaro AP.<\/p>\t\t\t\t\t\t\t\t<\/div>\n\t\t\t\t<\/div>\n\t\t\t\t<div class=\"elementor-element elementor-element-40855ec2 elementor-align-left animated-fast elementor-mobile-align-center exad-sticky-section-no exad-glass-effect-no elementor-invisible elementor-widget elementor-widget-button\" data-id=\"40855ec2\" data-element_type=\"widget\" data-settings=\"{&quot;_animation&quot;:&quot;fadeIn&quot;,&quot;_animation_delay&quot;:1000}\" data-widget_type=\"button.default\">\n\t\t\t\t<div class=\"elementor-widget-container\">\n\t\t\t\t\t\t\t\t\t<div class=\"elementor-button-wrapper\">\n\t\t\t\t\t<a class=\"elementor-button elementor-button-link elementor-size-xs\" href=\"#contact\">\n\t\t\t\t\t\t<span class=\"elementor-button-content-wrapper\">\n\t\t\t\t\t\t\t\t\t<span class=\"elementor-button-text\">CONTACTE CON NOSOTROS<\/span>\n\t\t\t\t\t<\/span>\n\t\t\t\t\t<\/a>\n\t\t\t\t<\/div>\n\t\t\t\t\t\t\t\t<\/div>\n\t\t\t\t<\/div>\n\t\t\t\t\t<\/div>\n\t\t<\/div>\n\t\t\t\t<div class=\"elementor-column elementor-col-50 elementor-top-column elementor-element elementor-element-7973ed8e elementor-hidden-tablet elementor-hidden-phone exad-glass-effect-no exad-sticky-section-no\" data-id=\"7973ed8e\" data-element_type=\"column\">\n\t\t\t<div class=\"elementor-widget-wrap elementor-element-populated\">\n\t\t\t\t\t\t<div class=\"elementor-element elementor-element-67adf08 exad-sticky-section-no exad-glass-effect-no elementor-widget elementor-widget-image\" data-id=\"67adf08\" data-element_type=\"widget\" data-widget_type=\"image.default\">\n\t\t\t\t<div class=\"elementor-widget-container\">\n\t\t\t\t\t\t\t\t\t\t\t\t\t\t\t<img fetchpriority=\"high\" decoding=\"async\" width=\"512\" height=\"512\" src=\"https:\/\/mobaro.com\/wp-content\/uploads\/2019\/04\/partners_500px.png\" class=\"attachment-full size-full wp-image-935\" alt=\"\" srcset=\"https:\/\/mobaro.com\/wp-content\/uploads\/2019\/04\/partners_500px.png 512w, https:\/\/mobaro.com\/wp-content\/uploads\/2019\/04\/partners_500px-150x150.png 150w, https:\/\/mobaro.com\/wp-content\/uploads\/2019\/04\/partners_500px-300x300.png 300w\" sizes=\"(max-width: 512px) 100vw, 512px\" \/>\t\t\t\t\t\t\t\t\t\t\t\t\t\t\t<\/div>\n\t\t\t\t<\/div>\n\t\t\t\t\t<\/div>\n\t\t<\/div>\n\t\t\t\t\t<\/div>\n\t\t<\/section>\n\t\t\t\t<section class=\"elementor-section elementor-top-section elementor-element elementor-element-4906bd83 elementor-section-content-middle elementor-reverse-mobile elementor-section-height-min-height elementor-section-boxed elementor-section-height-default elementor-section-items-middle exad-glass-effect-no exad-sticky-section-no\" data-id=\"4906bd83\" data-element_type=\"section\" data-settings=\"{&quot;background_background&quot;:&quot;classic&quot;}\">\n\t\t\t\t\t\t\t<div class=\"elementor-background-overlay\"><\/div>\n\t\t\t\t\t\t\t<div class=\"elementor-container elementor-column-gap-no\">\n\t\t\t\t\t<div class=\"elementor-column elementor-col-100 elementor-top-column elementor-element elementor-element-2d4f2f2f exad-glass-effect-no exad-sticky-section-no\" data-id=\"2d4f2f2f\" data-element_type=\"column\">\n\t\t\t<div class=\"elementor-widget-wrap elementor-element-populated\">\n\t\t\t\t\t\t<div class=\"elementor-element elementor-element-223ce02 exad-sticky-section-no exad-glass-effect-no elementor-widget elementor-widget-heading\" data-id=\"223ce02\" data-element_type=\"widget\" data-widget_type=\"heading.default\">\n\t\t\t\t<div class=\"elementor-widget-container\">\n\t\t\t\t\t<h2 class=\"elementor-heading-title elementor-size-default\">\u00bfTiene buenos contactos en el sector del ocio, el deporte y el entretenimiento?<\/h2>\t\t\t\t<\/div>\n\t\t\t\t<\/div>\n\t\t\t\t<div class=\"elementor-element elementor-element-a3f90ea exad-sticky-section-no exad-glass-effect-no elementor-widget elementor-widget-text-editor\" data-id=\"a3f90ea\" data-element_type=\"widget\" data-widget_type=\"text-editor.default\">\n\t\t\t\t<div class=\"elementor-widget-container\">\n\t\t\t\t\t\t\t\t\t<ul><li>\u00bfEs usted un empresario independiente, que ofrece con \u00e9xito productos y servicios a la industria del entretenimiento, con contacto frecuente y acceso directo a los responsables de la toma de decisiones de nivel C en la industria del entretenimiento?<br \/><br \/><\/li><li>\u00bfVe potencial comercial en la agrupaci\u00f3n de sus productos\/servicios con Mobaro o en el uso de nuestra tecnolog\u00eda l\u00edder como motivo para ampliar las cuentas existentes y\/o reactivar conversaciones en su pipeline?<br \/><br \/><\/li><li>\u00bfDispone de una s\u00f3lida red profesional en el sector del espect\u00e1culo?<br \/><br \/><\/li><li>Lleva en el sector un m\u00ednimo de 7-10 a\u00f1os<\/li><\/ul>\t\t\t\t\t\t\t\t<\/div>\n\t\t\t\t<\/div>\n\t\t\t\t<div class=\"elementor-element elementor-element-540effc4 exad-sticky-section-no exad-glass-effect-no elementor-widget elementor-widget-heading\" data-id=\"540effc4\" data-element_type=\"widget\" data-widget_type=\"heading.default\">\n\t\t\t\t<div class=\"elementor-widget-container\">\n\t\t\t\t\t<h3 class=\"elementor-heading-title elementor-size-default\">Ventajas para los socios<\/h3>\t\t\t\t<\/div>\n\t\t\t\t<\/div>\n\t\t\t\t<section class=\"elementor-section elementor-inner-section elementor-element elementor-element-980d97d elementor-section-boxed elementor-section-height-default elementor-section-height-default exad-glass-effect-no exad-sticky-section-no\" data-id=\"980d97d\" data-element_type=\"section\">\n\t\t\t\t\t\t<div class=\"elementor-container elementor-column-gap-default\">\n\t\t\t\t\t<div class=\"elementor-column elementor-col-25 elementor-inner-column elementor-element elementor-element-cd5fd5b exad-glass-effect-no exad-sticky-section-no\" data-id=\"cd5fd5b\" data-element_type=\"column\">\n\t\t\t<div class=\"elementor-widget-wrap elementor-element-populated\">\n\t\t\t\t\t\t<div class=\"elementor-element elementor-element-b4426bf elementor-position-right elementor-vertical-align-top exad-sticky-section-no exad-glass-effect-no elementor-widget elementor-widget-image-box\" data-id=\"b4426bf\" data-element_type=\"widget\" data-widget_type=\"image-box.default\">\n\t\t\t\t<div class=\"elementor-widget-container\">\n\t\t\t\t\t<div class=\"elementor-image-box-wrapper\"><figure class=\"elementor-image-box-img\"><img decoding=\"async\" width=\"500\" height=\"474\" data-src=\"https:\/\/mobaro.com\/wp-content\/uploads\/2019\/04\/key.png\" class=\"attachment-full size-full wp-image-1000 lazyload\" alt=\"\" data-srcset=\"https:\/\/mobaro.com\/wp-content\/uploads\/2019\/04\/key.png 500w, https:\/\/mobaro.com\/wp-content\/uploads\/2019\/04\/key-300x284.png 300w\" data-sizes=\"(max-width: 500px) 100vw, 500px\" src=\"data:image\/gif;base64,R0lGODlhAQABAAAAACH5BAEKAAEALAAAAAABAAEAAAICTAEAOw==\" style=\"--smush-placeholder-width: 500px; --smush-placeholder-aspect-ratio: 500\/474;\" \/><\/figure><div class=\"elementor-image-box-content\"><h3 class=\"elementor-image-box-title\">Formaci\u00f3n espec\u00edfica<\/h3><p class=\"elementor-image-box-description\">Participar\u00e1 en nuestro programa de certificaci\u00f3n AP, que incluye formaci\u00f3n espec\u00edfica en sistemas y ventas.<\/p><\/div><\/div>\t\t\t\t<\/div>\n\t\t\t\t<\/div>\n\t\t\t\t<div class=\"elementor-element elementor-element-3731265 elementor-position-right elementor-vertical-align-top exad-sticky-section-no exad-glass-effect-no elementor-widget elementor-widget-image-box\" data-id=\"3731265\" data-element_type=\"widget\" data-widget_type=\"image-box.default\">\n\t\t\t\t<div class=\"elementor-widget-container\">\n\t\t\t\t\t<div class=\"elementor-image-box-wrapper\"><figure class=\"elementor-image-box-img\"><img decoding=\"async\" width=\"501\" height=\"422\" data-src=\"https:\/\/mobaro.com\/wp-content\/uploads\/2019\/04\/Asset-1.png\" class=\"attachment-full size-full wp-image-997 lazyload\" alt=\"\" data-srcset=\"https:\/\/mobaro.com\/wp-content\/uploads\/2019\/04\/Asset-1.png 501w, https:\/\/mobaro.com\/wp-content\/uploads\/2019\/04\/Asset-1-300x253.png 300w\" data-sizes=\"(max-width: 501px) 100vw, 501px\" src=\"data:image\/gif;base64,R0lGODlhAQABAAAAACH5BAEKAAEALAAAAAABAAEAAAICTAEAOw==\" style=\"--smush-placeholder-width: 501px; --smush-placeholder-aspect-ratio: 501\/422;\" \/><\/figure><div class=\"elementor-image-box-content\"><h3 class=\"elementor-image-box-title\">Comunidad asociada<\/h3><p class=\"elementor-image-box-description\">\u00danase al canal Mobaro AP Teams para compartir y obtener las mejores pr\u00e1cticas de otros AP.<\/p><\/div><\/div>\t\t\t\t<\/div>\n\t\t\t\t<\/div>\n\t\t\t\t\t<\/div>\n\t\t<\/div>\n\t\t\t\t<div class=\"elementor-column elementor-col-25 elementor-inner-column elementor-element elementor-element-b0e45da exad-glass-effect-no exad-sticky-section-no\" data-id=\"b0e45da\" data-element_type=\"column\">\n\t\t\t<div class=\"elementor-widget-wrap elementor-element-populated\">\n\t\t\t\t\t\t<div class=\"elementor-element elementor-element-925703e elementor-position-right elementor-vertical-align-top exad-sticky-section-no exad-glass-effect-no elementor-widget elementor-widget-image-box\" data-id=\"925703e\" data-element_type=\"widget\" data-widget_type=\"image-box.default\">\n\t\t\t\t<div class=\"elementor-widget-container\">\n\t\t\t\t\t<div class=\"elementor-image-box-wrapper\"><figure class=\"elementor-image-box-img\"><img decoding=\"async\" width=\"501\" height=\"604\" data-src=\"https:\/\/mobaro.com\/wp-content\/uploads\/2019\/04\/revenue.png\" class=\"attachment-full size-full wp-image-1001 lazyload\" alt=\"\" data-srcset=\"https:\/\/mobaro.com\/wp-content\/uploads\/2019\/04\/revenue.png 501w, https:\/\/mobaro.com\/wp-content\/uploads\/2019\/04\/revenue-249x300.png 249w\" data-sizes=\"(max-width: 501px) 100vw, 501px\" src=\"data:image\/gif;base64,R0lGODlhAQABAAAAACH5BAEKAAEALAAAAAABAAEAAAICTAEAOw==\" style=\"--smush-placeholder-width: 501px; --smush-placeholder-aspect-ratio: 501\/604;\" \/><\/figure><div class=\"elementor-image-box-content\"><h3 class=\"elementor-image-box-title\">Recorte de ingresos<\/h3><p class=\"elementor-image-box-description\"><span style=\"white-space: normal;\">Cuando usted tiene \u00e9xito, nosotros tenemos \u00e9xito. Le recompensaremos por los negocios que aporte a Mobaro.<\/span><\/p><\/div><\/div>\t\t\t\t<\/div>\n\t\t\t\t<\/div>\n\t\t\t\t<div class=\"elementor-element elementor-element-0bfa9f8 elementor-position-right elementor-vertical-align-top exad-sticky-section-no exad-glass-effect-no elementor-widget elementor-widget-image-box\" data-id=\"0bfa9f8\" data-element_type=\"widget\" data-widget_type=\"image-box.default\">\n\t\t\t\t<div class=\"elementor-widget-container\">\n\t\t\t\t\t<div class=\"elementor-image-box-wrapper\"><figure class=\"elementor-image-box-img\"><img decoding=\"async\" width=\"501\" height=\"545\" data-src=\"https:\/\/mobaro.com\/wp-content\/uploads\/2019\/04\/roadmap.png\" class=\"attachment-full size-full wp-image-1002 lazyload\" alt=\"\" data-srcset=\"https:\/\/mobaro.com\/wp-content\/uploads\/2019\/04\/roadmap.png 501w, https:\/\/mobaro.com\/wp-content\/uploads\/2019\/04\/roadmap-276x300.png 276w\" data-sizes=\"(max-width: 501px) 100vw, 501px\" src=\"data:image\/gif;base64,R0lGODlhAQABAAAAACH5BAEKAAEALAAAAAABAAEAAAICTAEAOw==\" style=\"--smush-placeholder-width: 501px; --smush-placeholder-aspect-ratio: 501\/545;\" \/><\/figure><div class=\"elementor-image-box-content\"><h3 class=\"elementor-image-box-title\">Hoja de ruta del producto<\/h3><p class=\"elementor-image-box-description\">Le mantendremos informado sobre las actualizaciones y la direcci\u00f3n estrat\u00e9gica de la plataforma Mobaro.<\/p><\/div><\/div>\t\t\t\t<\/div>\n\t\t\t\t<\/div>\n\t\t\t\t\t<\/div>\n\t\t<\/div>\n\t\t\t\t<div class=\"elementor-column elementor-col-25 elementor-inner-column elementor-element elementor-element-421947e exad-glass-effect-no exad-sticky-section-no\" data-id=\"421947e\" data-element_type=\"column\">\n\t\t\t<div class=\"elementor-widget-wrap elementor-element-populated\">\n\t\t\t\t\t\t<div class=\"elementor-element elementor-element-8b75054 elementor-position-right elementor-vertical-align-top exad-sticky-section-no exad-glass-effect-no elementor-widget elementor-widget-image-box\" data-id=\"8b75054\" data-element_type=\"widget\" data-widget_type=\"image-box.default\">\n\t\t\t\t<div class=\"elementor-widget-container\">\n\t\t\t\t\t<div class=\"elementor-image-box-wrapper\"><figure class=\"elementor-image-box-img\"><img decoding=\"async\" width=\"501\" height=\"501\" data-src=\"https:\/\/mobaro.com\/wp-content\/uploads\/2019\/04\/bullhorn.png\" class=\"attachment-full size-full wp-image-999 lazyload\" alt=\"\" data-srcset=\"https:\/\/mobaro.com\/wp-content\/uploads\/2019\/04\/bullhorn.png 501w, https:\/\/mobaro.com\/wp-content\/uploads\/2019\/04\/bullhorn-150x150.png 150w, https:\/\/mobaro.com\/wp-content\/uploads\/2019\/04\/bullhorn-300x300.png 300w\" data-sizes=\"(max-width: 501px) 100vw, 501px\" src=\"data:image\/gif;base64,R0lGODlhAQABAAAAACH5BAEKAAEALAAAAAABAAEAAAICTAEAOw==\" style=\"--smush-placeholder-width: 501px; --smush-placeholder-aspect-ratio: 501\/501;\" \/><\/figure><div class=\"elementor-image-box-content\"><h3 class=\"elementor-image-box-title\">Marketing<\/h3><p class=\"elementor-image-box-description\">Le respaldaremos, online y offline, para impulsar las ventas. <\/p><\/div><\/div>\t\t\t\t<\/div>\n\t\t\t\t<\/div>\n\t\t\t\t<div class=\"elementor-element elementor-element-2de2bc3 elementor-position-right elementor-vertical-align-top exad-sticky-section-no exad-glass-effect-no elementor-widget elementor-widget-image-box\" data-id=\"2de2bc3\" data-element_type=\"widget\" data-widget_type=\"image-box.default\">\n\t\t\t\t<div class=\"elementor-widget-container\">\n\t\t\t\t\t<div class=\"elementor-image-box-wrapper\"><figure class=\"elementor-image-box-img\"><img decoding=\"async\" width=\"500\" height=\"462\" data-src=\"https:\/\/mobaro.com\/wp-content\/uploads\/2019\/04\/trophy.png\" class=\"attachment-full size-full wp-image-1004 lazyload\" alt=\"\" data-srcset=\"https:\/\/mobaro.com\/wp-content\/uploads\/2019\/04\/trophy.png 500w, https:\/\/mobaro.com\/wp-content\/uploads\/2019\/04\/trophy-300x277.png 300w\" data-sizes=\"(max-width: 500px) 100vw, 500px\" src=\"data:image\/gif;base64,R0lGODlhAQABAAAAACH5BAEKAAEALAAAAAABAAEAAAICTAEAOw==\" style=\"--smush-placeholder-width: 500px; --smush-placeholder-aspect-ratio: 500\/462;\" \/><\/figure><div class=\"elementor-image-box-content\"><h3 class=\"elementor-image-box-title\">Clases magistrales<\/h3><p class=\"elementor-image-box-description\">Reciba formaci\u00f3n avanzada sobre nuevas funciones para brillar ante sus clientes.<\/p><\/div><\/div>\t\t\t\t<\/div>\n\t\t\t\t<\/div>\n\t\t\t\t\t<\/div>\n\t\t<\/div>\n\t\t\t\t<div class=\"elementor-column elementor-col-25 elementor-inner-column elementor-element elementor-element-223a926 exad-glass-effect-no exad-sticky-section-no\" data-id=\"223a926\" data-element_type=\"column\">\n\t\t\t<div class=\"elementor-widget-wrap elementor-element-populated\">\n\t\t\t\t\t\t<div class=\"elementor-element elementor-element-30c9de9 elementor-position-right elementor-vertical-align-top exad-sticky-section-no exad-glass-effect-no elementor-widget elementor-widget-image-box\" data-id=\"30c9de9\" data-element_type=\"widget\" data-widget_type=\"image-box.default\">\n\t\t\t\t<div class=\"elementor-widget-container\">\n\t\t\t\t\t<div class=\"elementor-image-box-wrapper\"><figure class=\"elementor-image-box-img\"><img decoding=\"async\" width=\"500\" height=\"376\" data-src=\"https:\/\/mobaro.com\/wp-content\/uploads\/2019\/04\/bulletin.png\" class=\"attachment-full size-full wp-image-998 lazyload\" alt=\"\" data-srcset=\"https:\/\/mobaro.com\/wp-content\/uploads\/2019\/04\/bulletin.png 500w, https:\/\/mobaro.com\/wp-content\/uploads\/2019\/04\/bulletin-300x226.png 300w\" data-sizes=\"(max-width: 500px) 100vw, 500px\" src=\"data:image\/gif;base64,R0lGODlhAQABAAAAACH5BAEKAAEALAAAAAABAAEAAAICTAEAOw==\" style=\"--smush-placeholder-width: 500px; --smush-placeholder-aspect-ratio: 500\/376;\" \/><\/figure><div class=\"elementor-image-box-content\"><h3 class=\"elementor-image-box-title\">Bolet\u00edn para socios<\/h3><p class=\"elementor-image-box-description\"><span style=\"white-space: normal;\">Sea el primero en conocer las novedades del sector y los casos de clientes.<\/span><\/p><\/div><\/div>\t\t\t\t<\/div>\n\t\t\t\t<\/div>\n\t\t\t\t<div class=\"elementor-element elementor-element-0038364 elementor-position-right elementor-vertical-align-top exad-sticky-section-no exad-glass-effect-no elementor-widget elementor-widget-image-box\" data-id=\"0038364\" data-element_type=\"widget\" data-widget_type=\"image-box.default\">\n\t\t\t\t<div class=\"elementor-widget-container\">\n\t\t\t\t\t<div class=\"elementor-image-box-wrapper\"><figure class=\"elementor-image-box-img\"><img decoding=\"async\" width=\"500\" height=\"500\" data-src=\"https:\/\/mobaro.com\/wp-content\/uploads\/2019\/04\/support.png\" class=\"attachment-full size-full wp-image-1003 lazyload\" alt=\"\" data-srcset=\"https:\/\/mobaro.com\/wp-content\/uploads\/2019\/04\/support.png 500w, https:\/\/mobaro.com\/wp-content\/uploads\/2019\/04\/support-150x150.png 150w, https:\/\/mobaro.com\/wp-content\/uploads\/2019\/04\/support-300x300.png 300w\" data-sizes=\"(max-width: 500px) 100vw, 500px\" src=\"data:image\/gif;base64,R0lGODlhAQABAAAAACH5BAEKAAEALAAAAAABAAEAAAICTAEAOw==\" style=\"--smush-placeholder-width: 500px; --smush-placeholder-aspect-ratio: 500\/500;\" \/><\/figure><div class=\"elementor-image-box-content\"><h3 class=\"elementor-image-box-title\">Apoyo y orientaci\u00f3n<\/h3><p class=\"elementor-image-box-description\">Tendr\u00e1 acceso directo al asesoramiento de nuestros directores de operaciones y de tecnolog\u00eda para lograr la m\u00e1xima concentraci\u00f3n y \u00e9xito.<\/p><\/div><\/div>\t\t\t\t<\/div>\n\t\t\t\t<\/div>\n\t\t\t\t\t<\/div>\n\t\t<\/div>\n\t\t\t\t\t<\/div>\n\t\t<\/section>\n\t\t\t\t\t<\/div>\n\t\t<\/div>\n\t\t\t\t\t<\/div>\n\t\t<\/section>\n\t\t\t\t<section class=\"elementor-section elementor-top-section elementor-element elementor-element-34602892 elementor-section-content-middle elementor-section-boxed elementor-section-height-default elementor-section-height-default exad-glass-effect-no exad-sticky-section-no\" data-id=\"34602892\" data-element_type=\"section\" data-settings=\"{&quot;background_background&quot;:&quot;classic&quot;}\">\n\t\t\t\t\t\t<div class=\"elementor-container elementor-column-gap-no\">\n\t\t\t\t\t<div class=\"elementor-column elementor-col-100 elementor-top-column elementor-element elementor-element-7038fc6d exad-glass-effect-no exad-sticky-section-no\" data-id=\"7038fc6d\" data-element_type=\"column\">\n\t\t\t<div class=\"elementor-widget-wrap elementor-element-populated\">\n\t\t\t\t\t\t<div class=\"elementor-element elementor-element-5133f51 exad-sticky-section-no exad-glass-effect-no elementor-widget elementor-widget-menu-anchor\" data-id=\"5133f51\" data-element_type=\"widget\" data-widget_type=\"menu-anchor.default\">\n\t\t\t\t<div class=\"elementor-widget-container\">\n\t\t\t\t\t\t\t<div class=\"elementor-menu-anchor\" id=\"contact\"><\/div>\n\t\t\t\t\t\t<\/div>\n\t\t\t\t<\/div>\n\t\t\t\t<div class=\"elementor-element elementor-element-114b7d45 exad-sticky-section-no exad-glass-effect-no elementor-widget elementor-widget-heading\" data-id=\"114b7d45\" data-element_type=\"widget\" data-widget_type=\"heading.default\">\n\t\t\t\t<div class=\"elementor-widget-container\">\n\t\t\t\t\t<h4 class=\"elementor-heading-title elementor-size-default\">Pongase en contacto<\/h4>\t\t\t\t<\/div>\n\t\t\t\t<\/div>\n\t\t\t\t<div class=\"elementor-element elementor-element-468613a4 exad-sticky-section-no exad-glass-effect-no elementor-widget elementor-widget-heading\" data-id=\"468613a4\" data-element_type=\"widget\" data-widget_type=\"heading.default\">\n\t\t\t\t<div class=\"elementor-widget-container\">\n\t\t\t\t\t<h5 class=\"elementor-heading-title elementor-size-default\">Aunemos esfuerzos. P\u00f3ngase en contacto con nosotros y le responderemos en 1-2 d\u00edas laborables.<\/h5>\t\t\t\t<\/div>\n\t\t\t\t<\/div>\n\t\t\t\t<div class=\"elementor-element elementor-element-264c730 exad-sticky-section-no exad-glass-effect-no elementor-widget elementor-widget-html\" data-id=\"264c730\" data-element_type=\"widget\" data-widget_type=\"html.default\">\n\t\t\t\t<div class=\"elementor-widget-container\">\n\t\t\t\t\t<!--[if lte IE 8]>\n<script charset=\"utf-8\" type=\"text\/javascript\" src=\"\/\/js.hsforms.net\/forms\/v2-legacy.js\"><\/script>\n<![endif]-->\n<script charset=\"utf-8\" type=\"text\/javascript\" src=\"\/\/js.hsforms.net\/forms\/v2.js\"><\/script>\n<script>\n  hbspt.forms.create({\n\tportalId: \"2795997\",\n\tformId: \"a2924797-1066-4937-a335-8a8d7bddfb39\"\n});\n<\/script>\t\t\t\t<\/div>\n\t\t\t\t<\/div>\n\t\t\t\t\t<\/div>\n\t\t<\/div>\n\t\t\t\t\t<\/div>\n\t\t<\/section>\n\t\t\t\t<\/div>","protected":false},"excerpt":{"rendered":"<p>\u00danase a nosotros Convi\u00e9rtase en socio Como Socio Asociado de Mobaro obtendr\u00e1 una gran cantidad de beneficios y permitir\u00e1 a otras personas de su sector cuidar mejor. Siempre estamos buscando candidatos a Partner Asociado para presentar nuestra soluci\u00f3n a su red. Su experiencia en el sector y el acceso a los responsables de la toma de decisiones es su billete [...]<\/p>","protected":false},"author":1,"featured_media":0,"parent":16,"menu_order":0,"comment_status":"closed","ping_status":"closed","template":"","meta":{"content-type":"","footnotes":""},"class_list":["post-925","page","type-page","status-publish","hentry"],"_links":{"self":[{"href":"https:\/\/mobaro.com\/es\/wp-json\/wp\/v2\/pages\/925","targetHints":{"allow":["GET"]}}],"collection":[{"href":"https:\/\/mobaro.com\/es\/wp-json\/wp\/v2\/pages"}],"about":[{"href":"https:\/\/mobaro.com\/es\/wp-json\/wp\/v2\/types\/page"}],"author":[{"embeddable":true,"href":"https:\/\/mobaro.com\/es\/wp-json\/wp\/v2\/users\/1"}],"replies":[{"embeddable":true,"href":"https:\/\/mobaro.com\/es\/wp-json\/wp\/v2\/comments?post=925"}],"version-history":[{"count":51,"href":"https:\/\/mobaro.com\/es\/wp-json\/wp\/v2\/pages\/925\/revisions"}],"predecessor-version":[{"id":3651,"href":"https:\/\/mobaro.com\/es\/wp-json\/wp\/v2\/pages\/925\/revisions\/3651"}],"up":[{"embeddable":true,"href":"https:\/\/mobaro.com\/es\/wp-json\/wp\/v2\/pages\/16"}],"wp:attachment":[{"href":"https:\/\/mobaro.com\/es\/wp-json\/wp\/v2\/media?parent=925"}],"curies":[{"name":"wp","href":"https:\/\/api.w.org\/{rel}","templated":true}]}}