{"id":840,"date":"2019-03-28T13:41:52","date_gmt":"2019-03-28T13:41:52","guid":{"rendered":"https:\/\/mobaro.com\/?page_id=840"},"modified":"2023-01-09T12:19:06","modified_gmt":"2023-01-09T11:19:06","slug":"parks-and-attractions","status":"publish","type":"page","link":"https:\/\/mobaro.com\/es\/client-industries\/parks-and-attractions\/","title":{"rendered":"Parques y atracciones"},"content":{"rendered":"<div data-elementor-type=\"wp-post\" data-elementor-id=\"840\" class=\"elementor elementor-840\" data-elementor-post-type=\"page\">\n\t\t\t\t\t\t<section class=\"elementor-section elementor-top-section elementor-element elementor-element-5737ec4 elementor-section-content-bottom elementor-section-height-min-height elementor-section-boxed elementor-section-height-default elementor-section-items-middle exad-glass-effect-no exad-sticky-section-no\" data-id=\"5737ec4\" data-element_type=\"section\" data-settings=\"{&quot;background_background&quot;:&quot;classic&quot;}\">\n\t\t\t\t\t\t\t<div class=\"elementor-background-overlay\"><\/div>\n\t\t\t\t\t\t\t<div class=\"elementor-container elementor-column-gap-no\">\n\t\t\t\t\t<div class=\"elementor-column elementor-col-50 elementor-top-column elementor-element elementor-element-24ea7d6c exad-glass-effect-no exad-sticky-section-no\" data-id=\"24ea7d6c\" data-element_type=\"column\">\n\t\t\t<div class=\"elementor-widget-wrap elementor-element-populated\">\n\t\t\t\t\t\t<div class=\"elementor-element elementor-element-0cf2ac7 exad-sticky-section-no exad-glass-effect-no elementor-widget elementor-widget-text-editor\" data-id=\"0cf2ac7\" data-element_type=\"widget\" data-widget_type=\"text-editor.default\">\n\t\t\t\t<div class=\"elementor-widget-container\">\n\t\t\t\t\t\t\t\t\t<p>MEJORA TU CONTROL DE<\/p>\t\t\t\t\t\t\t\t<\/div>\n\t\t\t\t<\/div>\n\t\t\t\t<div class=\"elementor-element elementor-element-3ec57cb5 exad-sticky-section-no exad-glass-effect-no elementor-widget elementor-widget-heading\" data-id=\"3ec57cb5\" data-element_type=\"widget\" data-widget_type=\"heading.default\">\n\t\t\t\t<div class=\"elementor-widget-container\">\n\t\t\t\t\t<h1 class=\"elementor-heading-title elementor-size-default\">La seguridad y el mantenimiento<\/h1>\t\t\t\t<\/div>\n\t\t\t\t<\/div>\n\t\t\t\t<div class=\"elementor-element elementor-element-333203ac exad-sticky-section-no exad-glass-effect-no elementor-widget elementor-widget-heading\" data-id=\"333203ac\" data-element_type=\"widget\" data-widget_type=\"heading.default\">\n\t\t\t\t<div class=\"elementor-widget-container\">\n\t\t\t\t\t<h2 class=\"elementor-heading-title elementor-size-default\">En parques de atracciones, parques acu\u00e1ticos, museos, centros<br>de entretenimiento familiar y mucho m\u00e1s.<\/h2>\t\t\t\t<\/div>\n\t\t\t\t<\/div>\n\t\t\t\t<div class=\"elementor-element elementor-element-22ddd424 elementor-align-left animated-fast elementor-tablet-align-center elementor-hidden-phone exad-sticky-section-no exad-glass-effect-no elementor-invisible elementor-widget elementor-widget-button\" data-id=\"22ddd424\" data-element_type=\"widget\" data-settings=\"{&quot;_animation&quot;:&quot;fadeIn&quot;,&quot;_animation_delay&quot;:1000}\" data-widget_type=\"button.default\">\n\t\t\t\t<div class=\"elementor-widget-container\">\n\t\t\t\t\t\t\t\t\t<div class=\"elementor-button-wrapper\">\n\t\t\t\t\t<a class=\"elementor-button elementor-button-link elementor-size-xs\" href=\"#contact\">\n\t\t\t\t\t\t<span class=\"elementor-button-content-wrapper\">\n\t\t\t\t\t\t\t\t\t<span class=\"elementor-button-text\">SOLICITA UNA DEMO<\/span>\n\t\t\t\t\t<\/span>\n\t\t\t\t\t<\/a>\n\t\t\t\t<\/div>\n\t\t\t\t\t\t\t\t<\/div>\n\t\t\t\t<\/div>\n\t\t\t\t\t<\/div>\n\t\t<\/div>\n\t\t\t\t<div class=\"elementor-column elementor-col-50 elementor-top-column elementor-element elementor-element-3e8d4399 exad-glass-effect-no exad-sticky-section-no\" data-id=\"3e8d4399\" data-element_type=\"column\">\n\t\t\t<div class=\"elementor-widget-wrap elementor-element-populated\">\n\t\t\t\t\t\t<div class=\"elementor-element elementor-element-c65b490 exad-sticky-section-no exad-glass-effect-no elementor-widget elementor-widget-image\" data-id=\"c65b490\" data-element_type=\"widget\" data-widget_type=\"image.default\">\n\t\t\t\t<div class=\"elementor-widget-container\">\n\t\t\t\t\t\t\t\t\t\t\t\t\t\t\t<img fetchpriority=\"high\" decoding=\"async\" width=\"800\" height=\"430\" src=\"https:\/\/mobaro.com\/wp-content\/uploads\/2019\/03\/product_web_dashboard-1024x551.png\" class=\"attachment-large size-large wp-image-656\" alt=\"Mobaro dashboard\" srcset=\"https:\/\/mobaro.com\/wp-content\/uploads\/2019\/03\/product_web_dashboard-1024x551.png 1024w, https:\/\/mobaro.com\/wp-content\/uploads\/2019\/03\/product_web_dashboard-300x162.png 300w, https:\/\/mobaro.com\/wp-content\/uploads\/2019\/03\/product_web_dashboard-768x414.png 768w, https:\/\/mobaro.com\/wp-content\/uploads\/2019\/03\/product_web_dashboard.png 1439w\" sizes=\"(max-width: 800px) 100vw, 800px\" \/>\t\t\t\t\t\t\t\t\t\t\t\t\t\t\t<\/div>\n\t\t\t\t<\/div>\n\t\t\t\t<div class=\"elementor-element elementor-element-0a7cee1 elementor-align-left animated-fast elementor-mobile-align-center elementor-hidden-desktop elementor-hidden-tablet exad-sticky-section-no exad-glass-effect-no elementor-invisible elementor-widget elementor-widget-button\" data-id=\"0a7cee1\" data-element_type=\"widget\" data-settings=\"{&quot;_animation&quot;:&quot;fadeIn&quot;,&quot;_animation_delay&quot;:1000}\" data-widget_type=\"button.default\">\n\t\t\t\t<div class=\"elementor-widget-container\">\n\t\t\t\t\t\t\t\t\t<div class=\"elementor-button-wrapper\">\n\t\t\t\t\t<a class=\"elementor-button elementor-button-link elementor-size-xs\" href=\"https:\/\/mobaro.com\/request-a-demo\/\">\n\t\t\t\t\t\t<span class=\"elementor-button-content-wrapper\">\n\t\t\t\t\t\t\t\t\t<span class=\"elementor-button-text\">SOLICITA UNA DEMO<\/span>\n\t\t\t\t\t<\/span>\n\t\t\t\t\t<\/a>\n\t\t\t\t<\/div>\n\t\t\t\t\t\t\t\t<\/div>\n\t\t\t\t<\/div>\n\t\t\t\t\t<\/div>\n\t\t<\/div>\n\t\t\t\t\t<\/div>\n\t\t<\/section>\n\t\t\t\t<section class=\"elementor-section elementor-top-section elementor-element elementor-element-f84520b elementor-section-boxed elementor-section-height-default elementor-section-height-default exad-glass-effect-no exad-sticky-section-no\" data-id=\"f84520b\" data-element_type=\"section\" data-settings=\"{&quot;background_background&quot;:&quot;classic&quot;}\">\n\t\t\t\t\t\t\t<div class=\"elementor-background-overlay\"><\/div>\n\t\t\t\t\t\t\t<div class=\"elementor-container elementor-column-gap-default\">\n\t\t\t\t\t<div class=\"elementor-column elementor-col-100 elementor-top-column elementor-element elementor-element-c898edd exad-glass-effect-no exad-sticky-section-no\" data-id=\"c898edd\" data-element_type=\"column\">\n\t\t\t<div class=\"elementor-widget-wrap elementor-element-populated\">\n\t\t\t\t\t\t<div class=\"elementor-element elementor-element-67b8ffb exad-sticky-section-no exad-glass-effect-no elementor-widget elementor-widget-heading\" data-id=\"67b8ffb\" data-element_type=\"widget\" data-widget_type=\"heading.default\">\n\t\t\t\t<div class=\"elementor-widget-container\">\n\t\t\t\t\t<h2 class=\"elementor-heading-title elementor-size-default\">Proporciona cada d\u00eda experiencias excelentes<\/h2>\t\t\t\t<\/div>\n\t\t\t\t<\/div>\n\t\t\t\t<div class=\"elementor-element elementor-element-4426567 exad-sticky-section-no exad-glass-effect-no elementor-widget elementor-widget-text-editor\" data-id=\"4426567\" data-element_type=\"widget\" data-widget_type=\"text-editor.default\">\n\t\t\t\t<div class=\"elementor-widget-container\">\n\t\t\t\t\t\t\t\t\t<p>Mobaro puede ayudar a tu parque o atracci\u00f3n de visitantes a mejorar el sistema de gesti\u00f3n de seguridad al digitalizar las funciones principales dentro de todas las disciplinas m\u00e1s importantes de seguridad, mantenimiento y funcionamiento. Asistimos a una gran cantidad de tipos de atracciones en sus esfuerzos diarios por proporcionar experiencias estupendas a sus visitantes de una forma segura.<\/p>\t\t\t\t\t\t\t\t<\/div>\n\t\t\t\t<\/div>\n\t\t\t\t<section class=\"elementor-section elementor-inner-section elementor-element elementor-element-cb5db0f elementor-section-boxed elementor-section-height-default elementor-section-height-default exad-glass-effect-no exad-sticky-section-no elementor-invisible\" data-id=\"cb5db0f\" data-element_type=\"section\" data-settings=\"{&quot;motion_fx_motion_fx_scrolling&quot;:&quot;yes&quot;,&quot;animation&quot;:&quot;slideInUp&quot;,&quot;motion_fx_devices&quot;:[&quot;desktop&quot;,&quot;tablet&quot;,&quot;mobile&quot;]}\">\n\t\t\t\t\t\t<div class=\"elementor-container elementor-column-gap-no\">\n\t\t\t\t\t<div class=\"elementor-column elementor-col-33 elementor-inner-column elementor-element elementor-element-1799dbf exad-glass-effect-no exad-sticky-section-no\" data-id=\"1799dbf\" data-element_type=\"column\">\n\t\t\t<div class=\"elementor-widget-wrap elementor-element-populated\">\n\t\t\t\t\t\t<div class=\"elementor-element elementor-element-b937bee exad-sticky-section-no exad-glass-effect-no elementor-widget elementor-widget-heading\" data-id=\"b937bee\" data-element_type=\"widget\" data-widget_type=\"heading.default\">\n\t\t\t\t<div class=\"elementor-widget-container\">\n\t\t\t\t\t<h2 class=\"elementor-heading-title elementor-size-default\">Parques de atracciones<\/h2>\t\t\t\t<\/div>\n\t\t\t\t<\/div>\n\t\t\t\t<div class=\"elementor-element elementor-element-cdc8ad0 exad-sticky-section-no exad-glass-effect-no elementor-widget elementor-widget-image\" data-id=\"cdc8ad0\" data-element_type=\"widget\" data-widget_type=\"image.default\">\n\t\t\t\t<div class=\"elementor-widget-container\">\n\t\t\t\t\t\t\t\t\t\t\t\t\t\t\t<img decoding=\"async\" width=\"800\" height=\"534\" data-src=\"https:\/\/mobaro.com\/wp-content\/uploads\/2019\/04\/rollercoaster1000px.jpg\" class=\"attachment-large size-large wp-image-2656 lazyload\" alt=\"Rollercoaster safety and maintenance\" src=\"data:image\/gif;base64,R0lGODlhAQABAAAAACH5BAEKAAEALAAAAAABAAEAAAICTAEAOw==\" style=\"--smush-placeholder-width: 800px; --smush-placeholder-aspect-ratio: 800\/534;\" \/>\t\t\t\t\t\t\t\t\t\t\t\t\t\t\t<\/div>\n\t\t\t\t<\/div>\n\t\t\t\t<div class=\"elementor-element elementor-element-07aa369 exad-sticky-section-no exad-glass-effect-no elementor-widget elementor-widget-text-editor\" data-id=\"07aa369\" data-element_type=\"widget\" data-widget_type=\"text-editor.default\">\n\t\t\t\t<div class=\"elementor-widget-container\">\n\t\t\t\t\t\t\t\t\t<ul><li>Atracciones mec\u00e1nicas \u2013 mantenimiento<\/li><li>Atracciones mec\u00e1nicas \u2013 funcionamiento<\/li><li>Equipos de seguridad<\/li><li>Sistemas de seguridad<\/li><li>Actividades de aventura<\/li><li>Gesti\u00f3n de espect\u00e1culos y teatros<\/li><li>Informes de incidentes\/primeros auxilios<\/li><\/ul>\t\t\t\t\t\t\t\t<\/div>\n\t\t\t\t<\/div>\n\t\t\t\t\t<\/div>\n\t\t<\/div>\n\t\t\t\t<div class=\"elementor-column elementor-col-33 elementor-inner-column elementor-element elementor-element-476625a exad-glass-effect-no exad-sticky-section-no\" data-id=\"476625a\" data-element_type=\"column\">\n\t\t\t<div class=\"elementor-widget-wrap elementor-element-populated\">\n\t\t\t\t\t\t<div class=\"elementor-element elementor-element-5b90e57 exad-sticky-section-no exad-glass-effect-no elementor-widget elementor-widget-heading\" data-id=\"5b90e57\" data-element_type=\"widget\" data-widget_type=\"heading.default\">\n\t\t\t\t<div class=\"elementor-widget-container\">\n\t\t\t\t\t<h2 class=\"elementor-heading-title elementor-size-default\"><a href=\"https:\/\/mobaro.com\/waterparks\/\">Parques acu\u00e1ticos<\/a><\/h2>\t\t\t\t<\/div>\n\t\t\t\t<\/div>\n\t\t\t\t<div class=\"elementor-element elementor-element-22a54c7 exad-sticky-section-no exad-glass-effect-no elementor-widget elementor-widget-image\" data-id=\"22a54c7\" data-element_type=\"widget\" data-widget_type=\"image.default\">\n\t\t\t\t<div class=\"elementor-widget-container\">\n\t\t\t\t\t\t\t\t\t\t\t\t\t\t\t\t<a href=\"https:\/\/mobaro.com\/waterparks\/\">\n\t\t\t\t\t\t\t<img decoding=\"async\" width=\"800\" height=\"534\" data-src=\"https:\/\/mobaro.com\/wp-content\/uploads\/2019\/04\/waterparks.jpg\" class=\"attachment-large size-large wp-image-2655 lazyload\" alt=\"Waterpark safety and maintenance\" src=\"data:image\/gif;base64,R0lGODlhAQABAAAAACH5BAEKAAEALAAAAAABAAEAAAICTAEAOw==\" style=\"--smush-placeholder-width: 800px; --smush-placeholder-aspect-ratio: 800\/534;\" \/>\t\t\t\t\t\t\t\t<\/a>\n\t\t\t\t\t\t\t\t\t\t\t\t\t\t\t<\/div>\n\t\t\t\t<\/div>\n\t\t\t\t<div class=\"elementor-element elementor-element-ee32c72 exad-sticky-section-no exad-glass-effect-no elementor-widget elementor-widget-text-editor\" data-id=\"ee32c72\" data-element_type=\"widget\" data-widget_type=\"text-editor.default\">\n\t\t\t\t<div class=\"elementor-widget-container\">\n\t\t\t\t\t\t\t\t\t<ul><li>Seguridad y mantenimiento<\/li><li>Funcionamiento del parque acu\u00e1tico<\/li><li>Controles de calidad del agua<\/li><li>Control de alarmas<\/li><li>Informes de incidentes\/primeros auxilios<\/li><li>Procedimientos de socorristas\/controles<\/li><li>Sistemas de seguridad<\/li><\/ul>\t\t\t\t\t\t\t\t<\/div>\n\t\t\t\t<\/div>\n\t\t\t\t\t<\/div>\n\t\t<\/div>\n\t\t\t\t<div class=\"exad-link-anything-wrapper elementor-column elementor-col-33 elementor-inner-column elementor-element elementor-element-3e6e933 exad-sticky-section-no\" data-exad-element-link=\"{&quot;url&quot;:&quot;https:\\\/\\\/mobaro.com\\\/client-industries\\\/fec-maintenance-safety-and-operations-management-software\\\/&quot;,&quot;is_external&quot;:&quot;&quot;,&quot;nofollow&quot;:&quot;&quot;,&quot;custom_attributes&quot;:&quot;&quot;}\" style=\"cursor: pointer\" data-id=\"3e6e933\" data-element_type=\"column\">\n\t\t\t<div class=\"elementor-widget-wrap elementor-element-populated\">\n\t\t\t\t\t\t<div class=\"elementor-element elementor-element-d7bdcb4 exad-sticky-section-no exad-glass-effect-no elementor-widget elementor-widget-heading\" data-id=\"d7bdcb4\" data-element_type=\"widget\" data-widget_type=\"heading.default\">\n\t\t\t\t<div class=\"elementor-widget-container\">\n\t\t\t\t\t<h2 class=\"elementor-heading-title elementor-size-default\">CEFs<\/h2>\t\t\t\t<\/div>\n\t\t\t\t<\/div>\n\t\t\t\t<div class=\"elementor-element elementor-element-ce03da4 exad-sticky-section-no exad-glass-effect-no elementor-widget elementor-widget-image\" data-id=\"ce03da4\" data-element_type=\"widget\" data-widget_type=\"image.default\">\n\t\t\t\t<div class=\"elementor-widget-container\">\n\t\t\t\t\t\t\t\t\t\t\t\t\t\t\t<img decoding=\"async\" width=\"800\" height=\"534\" data-src=\"https:\/\/mobaro.com\/wp-content\/uploads\/2019\/04\/fec1000px.jpg\" class=\"attachment-large size-large wp-image-2657 lazyload\" alt=\"Safety and maintenance for FECs\" src=\"data:image\/gif;base64,R0lGODlhAQABAAAAACH5BAEKAAEALAAAAAABAAEAAAICTAEAOw==\" style=\"--smush-placeholder-width: 800px; --smush-placeholder-aspect-ratio: 800\/534;\" \/>\t\t\t\t\t\t\t\t\t\t\t\t\t\t\t<\/div>\n\t\t\t\t<\/div>\n\t\t\t\t<div class=\"elementor-element elementor-element-0d39a62 exad-sticky-section-no exad-glass-effect-no elementor-widget elementor-widget-text-editor\" data-id=\"0d39a62\" data-element_type=\"widget\" data-widget_type=\"text-editor.default\">\n\t\t\t\t<div class=\"elementor-widget-container\">\n\t\t\t\t\t\t\t\t\t<ul>\n<li>Seguridad de la zona de juego<\/li>\n<li>Mantenimiento general de la atracci\u00f3n<\/li>\n<li>Control de stock de retail<\/li>\n<li>Servicios regulatorios de alimentaci\u00f3n<\/li>\n<li style=\"font-size: 12px;\">Informes de incidentes\/primeros auxilios<\/li>\n<li>Gesti\u00f3n de instalaciones<\/li>\n<li>Operaciones<\/li>\n<\/ul>\t\t\t\t\t\t\t\t<\/div>\n\t\t\t\t<\/div>\n\t\t\t\t\t<\/div>\n\t\t<\/div>\n\t\t\t\t\t<\/div>\n\t\t<\/section>\n\t\t\t\t<section class=\"elementor-section elementor-inner-section elementor-element elementor-element-3c7d090 elementor-section-boxed elementor-section-height-default elementor-section-height-default exad-glass-effect-no exad-sticky-section-no elementor-invisible\" data-id=\"3c7d090\" data-element_type=\"section\" data-settings=\"{&quot;motion_fx_motion_fx_scrolling&quot;:&quot;yes&quot;,&quot;animation&quot;:&quot;slideInUp&quot;,&quot;motion_fx_devices&quot;:[&quot;desktop&quot;,&quot;tablet&quot;,&quot;mobile&quot;]}\">\n\t\t\t\t\t\t<div class=\"elementor-container elementor-column-gap-no\">\n\t\t\t\t\t<div class=\"elementor-column elementor-col-33 elementor-inner-column elementor-element elementor-element-f68ed16 exad-glass-effect-no exad-sticky-section-no\" data-id=\"f68ed16\" data-element_type=\"column\">\n\t\t\t<div class=\"elementor-widget-wrap elementor-element-populated\">\n\t\t\t\t\t\t<div class=\"elementor-element elementor-element-c9dbe9a exad-sticky-section-no exad-glass-effect-no elementor-widget elementor-widget-heading\" data-id=\"c9dbe9a\" data-element_type=\"widget\" data-widget_type=\"heading.default\">\n\t\t\t\t<div class=\"elementor-widget-container\">\n\t\t\t\t\t<h2 class=\"elementor-heading-title elementor-size-default\">Operadores de ferias<\/h2>\t\t\t\t<\/div>\n\t\t\t\t<\/div>\n\t\t\t\t<div class=\"elementor-element elementor-element-d42e0bd exad-sticky-section-no exad-glass-effect-no elementor-widget elementor-widget-image\" data-id=\"d42e0bd\" data-element_type=\"widget\" data-widget_type=\"image.default\">\n\t\t\t\t<div class=\"elementor-widget-container\">\n\t\t\t\t\t\t\t\t\t\t\t\t\t\t\t<img decoding=\"async\" width=\"800\" height=\"534\" data-src=\"https:\/\/mobaro.com\/wp-content\/uploads\/2019\/04\/fair.jpg\" class=\"attachment-large size-large wp-image-2664 lazyload\" alt=\"\" src=\"data:image\/gif;base64,R0lGODlhAQABAAAAACH5BAEKAAEALAAAAAABAAEAAAICTAEAOw==\" style=\"--smush-placeholder-width: 800px; --smush-placeholder-aspect-ratio: 800\/534;\" \/>\t\t\t\t\t\t\t\t\t\t\t\t\t\t\t<\/div>\n\t\t\t\t<\/div>\n\t\t\t\t<div class=\"elementor-element elementor-element-10948c1 exad-sticky-section-no exad-glass-effect-no elementor-widget elementor-widget-text-editor\" data-id=\"10948c1\" data-element_type=\"widget\" data-widget_type=\"text-editor.default\">\n\t\t\t\t<div class=\"elementor-widget-container\">\n\t\t\t\t\t\t\t\t\t<ul><li>Controles de seguridad de las atracciones<\/li><li>Controles de mantenimiento de las atracciones<\/li><li>Instalaci\u00f3n\/desinstalaci\u00f3n<\/li><li>Equipos de seguridad<\/li><li>Controles de los tr\u00e1iler<\/li><li>Informes de incidentes\/primeros auxilios<\/li><\/ul>\t\t\t\t\t\t\t\t<\/div>\n\t\t\t\t<\/div>\n\t\t\t\t\t<\/div>\n\t\t<\/div>\n\t\t\t\t<div class=\"elementor-column elementor-col-33 elementor-inner-column elementor-element elementor-element-326b9b2 exad-glass-effect-no exad-sticky-section-no\" data-id=\"326b9b2\" data-element_type=\"column\">\n\t\t\t<div class=\"elementor-widget-wrap elementor-element-populated\">\n\t\t\t\t\t\t<div class=\"elementor-element elementor-element-2c06dc7 exad-sticky-section-no exad-glass-effect-no elementor-widget elementor-widget-heading\" data-id=\"2c06dc7\" data-element_type=\"widget\" data-widget_type=\"heading.default\">\n\t\t\t\t<div class=\"elementor-widget-container\">\n\t\t\t\t\t<h2 class=\"elementor-heading-title elementor-size-default\">Museos<\/h2>\t\t\t\t<\/div>\n\t\t\t\t<\/div>\n\t\t\t\t<div class=\"elementor-element elementor-element-19ce540 exad-sticky-section-no exad-glass-effect-no elementor-widget elementor-widget-image\" data-id=\"19ce540\" data-element_type=\"widget\" data-widget_type=\"image.default\">\n\t\t\t\t<div class=\"elementor-widget-container\">\n\t\t\t\t\t\t\t\t\t\t\t\t\t\t\t<img decoding=\"async\" width=\"800\" height=\"534\" data-src=\"https:\/\/mobaro.com\/wp-content\/uploads\/2019\/04\/museums1000px.jpg\" class=\"attachment-large size-large wp-image-2661 lazyload\" alt=\"museum operations management\" src=\"data:image\/gif;base64,R0lGODlhAQABAAAAACH5BAEKAAEALAAAAAABAAEAAAICTAEAOw==\" style=\"--smush-placeholder-width: 800px; --smush-placeholder-aspect-ratio: 800\/534;\" \/>\t\t\t\t\t\t\t\t\t\t\t\t\t\t\t<\/div>\n\t\t\t\t<\/div>\n\t\t\t\t<div class=\"elementor-element elementor-element-d81997d exad-sticky-section-no exad-glass-effect-no elementor-widget elementor-widget-text-editor\" data-id=\"d81997d\" data-element_type=\"widget\" data-widget_type=\"text-editor.default\">\n\t\t\t\t<div class=\"elementor-widget-container\">\n\t\t\t\t\t\t\t\t\t<ul><li>Gesti\u00f3n general de la instalaci\u00f3n<\/li><li>Controles de seguridad<\/li><li>Satisfacci\u00f3n de clientes<\/li><li>Manuales de exposiciones y productos<\/li><li>Controles de conceptos y presentaciones<\/li><\/ul><div>\u00a0<\/div>\t\t\t\t\t\t\t\t<\/div>\n\t\t\t\t<\/div>\n\t\t\t\t\t<\/div>\n\t\t<\/div>\n\t\t\t\t<div class=\"elementor-column elementor-col-33 elementor-inner-column elementor-element elementor-element-8231e2c exad-glass-effect-no exad-sticky-section-no\" data-id=\"8231e2c\" data-element_type=\"column\">\n\t\t\t<div class=\"elementor-widget-wrap elementor-element-populated\">\n\t\t\t\t\t\t<div class=\"elementor-element elementor-element-896c550 exad-sticky-section-no exad-glass-effect-no elementor-widget elementor-widget-heading\" data-id=\"896c550\" data-element_type=\"widget\" data-widget_type=\"heading.default\">\n\t\t\t\t<div class=\"elementor-widget-container\">\n\t\t\t\t\t<h2 class=\"elementor-heading-title elementor-size-default\">Partrimonio<\/h2>\t\t\t\t<\/div>\n\t\t\t\t<\/div>\n\t\t\t\t<div class=\"elementor-element elementor-element-567978b exad-sticky-section-no exad-glass-effect-no elementor-widget elementor-widget-image\" data-id=\"567978b\" data-element_type=\"widget\" data-widget_type=\"image.default\">\n\t\t\t\t<div class=\"elementor-widget-container\">\n\t\t\t\t\t\t\t\t\t\t\t\t\t\t\t<img decoding=\"async\" width=\"800\" height=\"534\" data-src=\"https:\/\/mobaro.com\/wp-content\/uploads\/2019\/04\/heritage.jpg\" class=\"attachment-large size-large wp-image-2662 lazyload\" alt=\"heritage management\" src=\"data:image\/gif;base64,R0lGODlhAQABAAAAACH5BAEKAAEALAAAAAABAAEAAAICTAEAOw==\" style=\"--smush-placeholder-width: 800px; --smush-placeholder-aspect-ratio: 800\/534;\" \/>\t\t\t\t\t\t\t\t\t\t\t\t\t\t\t<\/div>\n\t\t\t\t<\/div>\n\t\t\t\t<div class=\"elementor-element elementor-element-4e1cfa4 exad-sticky-section-no exad-glass-effect-no elementor-widget elementor-widget-text-editor\" data-id=\"4e1cfa4\" data-element_type=\"widget\" data-widget_type=\"text-editor.default\">\n\t\t\t\t<div class=\"elementor-widget-container\">\n\t\t\t\t\t\t\t\t\t<ul><li>Controles de preservaci\u00f3n<\/li><li>Procedimientos de mantenimiento<\/li><li>Controles de seguridad<\/li><li>Control de alarmas\u00a0<\/li><\/ul><div>\u00a0<\/div><div>\u00a0<\/div>\t\t\t\t\t\t\t\t<\/div>\n\t\t\t\t<\/div>\n\t\t\t\t\t<\/div>\n\t\t<\/div>\n\t\t\t\t\t<\/div>\n\t\t<\/section>\n\t\t\t\t\t<\/div>\n\t\t<\/div>\n\t\t\t\t\t<\/div>\n\t\t<\/section>\n\t\t\t\t<\/div>","protected":false},"excerpt":{"rendered":"<p>Cuide mejor de la seguridad y el mantenimiento en parques de atracciones, parques acu\u00e1ticos, museos, centros de entretenimiento familiar y mucho m\u00e1s. SOLICITE UNA DEMO SOLICITE UNA DEMO Ofrezca grandes experiencias todos los d\u00edas Mobaro puede ayudar a su parque o atracci\u00f3n a mejorar y perfeccionar el sistema de gesti\u00f3n de la seguridad mediante la digitalizaci\u00f3n de las funciones clave dentro de las disciplinas de seguridad, mantenimiento y operaciones. [...]<\/p>","protected":false},"author":1,"featured_media":0,"parent":14,"menu_order":0,"comment_status":"closed","ping_status":"closed","template":"","meta":{"content-type":"","footnotes":""},"class_list":["post-840","page","type-page","status-publish","hentry"],"_links":{"self":[{"href":"https:\/\/mobaro.com\/es\/wp-json\/wp\/v2\/pages\/840","targetHints":{"allow":["GET"]}}],"collection":[{"href":"https:\/\/mobaro.com\/es\/wp-json\/wp\/v2\/pages"}],"about":[{"href":"https:\/\/mobaro.com\/es\/wp-json\/wp\/v2\/types\/page"}],"author":[{"embeddable":true,"href":"https:\/\/mobaro.com\/es\/wp-json\/wp\/v2\/users\/1"}],"replies":[{"embeddable":true,"href":"https:\/\/mobaro.com\/es\/wp-json\/wp\/v2\/comments?post=840"}],"version-history":[{"count":70,"href":"https:\/\/mobaro.com\/es\/wp-json\/wp\/v2\/pages\/840\/revisions"}],"predecessor-version":[{"id":8818,"href":"https:\/\/mobaro.com\/es\/wp-json\/wp\/v2\/pages\/840\/revisions\/8818"}],"up":[{"embeddable":true,"href":"https:\/\/mobaro.com\/es\/wp-json\/wp\/v2\/pages\/14"}],"wp:attachment":[{"href":"https:\/\/mobaro.com\/es\/wp-json\/wp\/v2\/media?parent=840"}],"curies":[{"name":"wp","href":"https:\/\/api.w.org\/{rel}","templated":true}]}}