{"id":6883,"date":"2022-06-29T14:06:49","date_gmt":"2022-06-29T12:06:49","guid":{"rendered":"https:\/\/mobaro.com\/?page_id=6883"},"modified":"2022-08-31T13:44:55","modified_gmt":"2022-08-31T11:44:55","slug":"the-evolution-of-water-quality-management","status":"publish","type":"page","link":"https:\/\/mobaro.com\/es\/the-evolution-of-water-quality-management\/","title":{"rendered":"CHARLA: Evoluci\u00f3n de la gesti\u00f3n de la calidad del agua"},"content":{"rendered":"<div data-elementor-type=\"wp-page\" data-elementor-id=\"6883\" class=\"elementor elementor-6883\" data-elementor-post-type=\"page\">\n\t\t\t\t\t\t<section class=\"elementor-section elementor-top-section elementor-element elementor-element-44be1b8 elementor-reverse-mobile elementor-section-boxed elementor-section-height-default elementor-section-height-default exad-glass-effect-no exad-sticky-section-no\" data-id=\"44be1b8\" data-element_type=\"section\" data-settings=\"{&quot;background_background&quot;:&quot;classic&quot;}\">\n\t\t\t\t\t\t<div class=\"elementor-container elementor-column-gap-default\">\n\t\t\t\t\t<div class=\"elementor-column elementor-col-100 elementor-top-column elementor-element elementor-element-6590578 exad-glass-effect-no exad-sticky-section-no\" data-id=\"6590578\" data-element_type=\"column\">\n\t\t\t<div class=\"elementor-widget-wrap elementor-element-populated\">\n\t\t\t\t\t\t<section class=\"elementor-section elementor-inner-section elementor-element elementor-element-9ffd08d elementor-section-boxed elementor-section-height-default elementor-section-height-default exad-glass-effect-no exad-sticky-section-no\" data-id=\"9ffd08d\" data-element_type=\"section\">\n\t\t\t\t\t\t<div class=\"elementor-container elementor-column-gap-default\">\n\t\t\t\t\t<div class=\"elementor-column elementor-col-50 elementor-inner-column elementor-element elementor-element-3798002 exad-glass-effect-no exad-sticky-section-no\" data-id=\"3798002\" data-element_type=\"column\">\n\t\t\t<div class=\"elementor-widget-wrap elementor-element-populated\">\n\t\t\t\t\t\t<div class=\"elementor-element elementor-element-7d10c6c exad-sticky-section-no exad-glass-effect-no elementor-widget elementor-widget-heading\" data-id=\"7d10c6c\" data-element_type=\"widget\" data-widget_type=\"heading.default\">\n\t\t\t\t<div class=\"elementor-widget-container\">\n\t\t\t\t\t<h2 class=\"elementor-heading-title elementor-size-default\">CONOZCA LA OPINI\u00d3N DE LOS EXPERTOS SOBRE EL FUTURO DE LA CALIDAD DEL AGUA<\/h2>\t\t\t\t<\/div>\n\t\t\t\t<\/div>\n\t\t\t\t<div class=\"elementor-element elementor-element-b56db18 exad-sticky-section-no exad-glass-effect-no elementor-widget elementor-widget-video\" data-id=\"b56db18\" data-element_type=\"widget\" data-settings=\"{&quot;youtube_url&quot;:&quot;https:\\\/\\\/youtu.be\\\/LofN8VkmY6E&quot;,&quot;video_type&quot;:&quot;youtube&quot;,&quot;controls&quot;:&quot;yes&quot;}\" data-widget_type=\"video.default\">\n\t\t\t\t<div class=\"elementor-widget-container\">\n\t\t\t\t\t\t\t<div class=\"elementor-wrapper elementor-open-inline\">\n\t\t\t<div class=\"elementor-video\"><\/div>\t\t<\/div>\n\t\t\t\t\t\t<\/div>\n\t\t\t\t<\/div>\n\t\t\t\t<div class=\"elementor-element elementor-element-02a3a02 exad-sticky-section-no exad-glass-effect-no elementor-widget elementor-widget-heading\" data-id=\"02a3a02\" data-element_type=\"widget\" data-widget_type=\"heading.default\">\n\t\t\t\t<div class=\"elementor-widget-container\">\n\t\t\t\t\t<h2 class=\"elementor-heading-title elementor-size-default\">\u00danase a Mobaro en una charla con Bill Hamilton, experto en calidad del agua desde hace muchos a\u00f1os, y Brannan Holland, experto en soluciones del Grupo Pyek.<\/h2>\t\t\t\t<\/div>\n\t\t\t\t<\/div>\n\t\t\t\t<div class=\"elementor-element elementor-element-0102936 exad-sticky-section-no exad-glass-effect-no elementor-widget elementor-widget-text-editor\" data-id=\"0102936\" data-element_type=\"widget\" data-widget_type=\"text-editor.default\">\n\t\t\t\t<div class=\"elementor-widget-container\">\n\t\t\t\t\t\t\t\t\t<p>Se llevar\u00e1 una comprensi\u00f3n de c\u00f3mo se manejaba anta\u00f1o con una mirada a la <b>pasado de la calidad del agua<\/b>.<\/p><p>Bill y Brannan ofrecer\u00e1n su experiencia combinada a trav\u00e9s de un resumen de c\u00f3mo gestionan <b>operaciones actuales<\/b>como la automatizaci\u00f3n qu\u00edmica, los flujos de trabajo de calibraci\u00f3n, etc.<\/p><p>Por \u00faltimo <b>zarpar hacia el futuro<\/b> para descubrir lo que nuestros panelistas ven en su bola de cristal en t\u00e9rminos de, por ejemplo, automatizaci\u00f3n e integraci\u00f3n con otros sistemas.<\/p><p>\u00a0<\/p>\t\t\t\t\t\t\t\t<\/div>\n\t\t\t\t<\/div>\n\t\t\t\t\t<\/div>\n\t\t<\/div>\n\t\t\t\t<div class=\"elementor-column elementor-col-50 elementor-inner-column elementor-element elementor-element-e7706a0 exad-glass-effect-no exad-sticky-section-no\" data-id=\"e7706a0\" data-element_type=\"column\">\n\t\t\t<div class=\"elementor-widget-wrap elementor-element-populated\">\n\t\t\t\t\t\t<div class=\"exad-link-anything-wrapper elementor-element elementor-element-a31b8e5 elementor-position-top exad-sticky-section-no exad-glass-effect-no elementor-widget elementor-widget-image-box\" data-exad-element-link=\"{&quot;url&quot;:&quot;https:\\\/\\\/mobaro.com\\\/waterparks\\\/&quot;,&quot;is_external&quot;:&quot;&quot;,&quot;nofollow&quot;:&quot;&quot;,&quot;custom_attributes&quot;:&quot;&quot;}\" style=\"cursor: pointer\" data-id=\"a31b8e5\" data-element_type=\"widget\" data-widget_type=\"image-box.default\">\n\t\t\t\t<div class=\"elementor-widget-container\">\n\t\t\t\t\t<div class=\"elementor-image-box-wrapper\"><figure class=\"elementor-image-box-img\"><a href=\"https:\/\/mobaro.com\/waterparks\/\" tabindex=\"-1\"><img fetchpriority=\"high\" decoding=\"async\" width=\"1920\" height=\"1080\" src=\"https:\/\/mobaro.com\/wp-content\/uploads\/2022\/06\/waterpark-hero.jpg\" class=\"attachment-full size-full wp-image-6657\" alt=\"\" srcset=\"https:\/\/mobaro.com\/wp-content\/uploads\/2022\/06\/waterpark-hero.jpg 1920w, https:\/\/mobaro.com\/wp-content\/uploads\/2022\/06\/waterpark-hero-300x169.jpg 300w, https:\/\/mobaro.com\/wp-content\/uploads\/2022\/06\/waterpark-hero-1024x576.jpg 1024w, https:\/\/mobaro.com\/wp-content\/uploads\/2022\/06\/waterpark-hero-768x432.jpg 768w, https:\/\/mobaro.com\/wp-content\/uploads\/2022\/06\/waterpark-hero-1536x864.jpg 1536w, https:\/\/mobaro.com\/wp-content\/uploads\/2022\/06\/waterpark-hero-18x10.jpg 18w\" sizes=\"(max-width: 1920px) 100vw, 1920px\" \/><\/a><\/figure><div class=\"elementor-image-box-content\"><h4 class=\"elementor-image-box-title\"><a href=\"https:\/\/mobaro.com\/waterparks\/\">CONOZCA C\u00d3MO MOBARO APOYA LAS OPERACIONES EN ATLANTIS AQUAVENTURE\n<\/a><\/h4><p class=\"elementor-image-box-description\"><br><\/p><\/div><\/div>\t\t\t\t<\/div>\n\t\t\t\t<\/div>\n\t\t\t\t<div class=\"exad-link-anything-wrapper elementor-element elementor-element-e8cb687 elementor-view-default exad-sticky-section-no exad-glass-effect-no elementor-widget elementor-widget-icon\" data-exad-element-link=\"{&quot;url&quot;:&quot;https:\\\/\\\/mobaro.com\\\/waterparks\\\/&quot;,&quot;is_external&quot;:&quot;&quot;,&quot;nofollow&quot;:&quot;&quot;,&quot;custom_attributes&quot;:&quot;&quot;}\" style=\"cursor: pointer\" data-id=\"e8cb687\" data-element_type=\"widget\" data-widget_type=\"icon.default\">\n\t\t\t\t<div class=\"elementor-widget-container\">\n\t\t\t\t\t\t\t<div class=\"elementor-icon-wrapper\">\n\t\t\t<div class=\"elementor-icon\">\n\t\t\t<i aria-hidden=\"true\" class=\"teenyicon ti-arrow-right-circle\"><\/i>\t\t\t<\/div>\n\t\t<\/div>\n\t\t\t\t\t\t<\/div>\n\t\t\t\t<\/div>\n\t\t\t\t\t<\/div>\n\t\t<\/div>\n\t\t\t\t\t<\/div>\n\t\t<\/section>\n\t\t\t\t\t<\/div>\n\t\t<\/div>\n\t\t\t\t\t<\/div>\n\t\t<\/section>\n\t\t\t\t<\/div>","protected":false},"excerpt":{"rendered":"<p>CONOZCA LA OPINI\u00d3N DE LOS EXPERTOS SOBRE EL FUTURO DE LA CALIDAD DEL AGUA \u00danase a Mobaro en una charla con Bill Hamilton, experto en calidad del agua desde hace muchos a\u00f1os, y Brannan Holland, experto en soluciones de Pyek Group. Se llevar\u00e1 una idea de c\u00f3mo se gestionaba antes con una mirada al pasado de la calidad del agua. Bill y Brannan [...]<\/p>","protected":false},"author":1,"featured_media":8267,"parent":0,"menu_order":0,"comment_status":"closed","ping_status":"closed","template":"","meta":{"content-type":"","footnotes":""},"class_list":["post-6883","page","type-page","status-publish","has-post-thumbnail","hentry"],"_links":{"self":[{"href":"https:\/\/mobaro.com\/es\/wp-json\/wp\/v2\/pages\/6883","targetHints":{"allow":["GET"]}}],"collection":[{"href":"https:\/\/mobaro.com\/es\/wp-json\/wp\/v2\/pages"}],"about":[{"href":"https:\/\/mobaro.com\/es\/wp-json\/wp\/v2\/types\/page"}],"author":[{"embeddable":true,"href":"https:\/\/mobaro.com\/es\/wp-json\/wp\/v2\/users\/1"}],"replies":[{"embeddable":true,"href":"https:\/\/mobaro.com\/es\/wp-json\/wp\/v2\/comments?post=6883"}],"version-history":[{"count":82,"href":"https:\/\/mobaro.com\/es\/wp-json\/wp\/v2\/pages\/6883\/revisions"}],"predecessor-version":[{"id":8326,"href":"https:\/\/mobaro.com\/es\/wp-json\/wp\/v2\/pages\/6883\/revisions\/8326"}],"wp:featuredmedia":[{"embeddable":true,"href":"https:\/\/mobaro.com\/es\/wp-json\/wp\/v2\/media\/8267"}],"wp:attachment":[{"href":"https:\/\/mobaro.com\/es\/wp-json\/wp\/v2\/media?parent=6883"}],"curies":[{"name":"wp","href":"https:\/\/api.w.org\/{rel}","templated":true}]}}