{"id":6103,"date":"2022-01-17T08:50:16","date_gmt":"2022-01-17T08:50:16","guid":{"rendered":"https:\/\/mobaro.com\/?page_id=6103"},"modified":"2022-06-20T11:09:58","modified_gmt":"2022-06-20T09:09:58","slug":"seasonal-guide-3-steps-for-preparing-safety-maintenance-operations","status":"publish","type":"page","link":"https:\/\/mobaro.com\/es\/front-page\/seasonal-guide-3-steps-for-preparing-safety-maintenance-operations\/","title":{"rendered":"Gu\u00eda estacional: 3 pasos para preparar la seguridad, el mantenimiento y las operaciones"},"content":{"rendered":"<div data-elementor-type=\"wp-post\" data-elementor-id=\"6103\" class=\"elementor elementor-6103\" data-elementor-post-type=\"page\">\n\t\t\t\t\t\t<section class=\"elementor-section elementor-top-section elementor-element elementor-element-9edf80f elementor-section-content-bottom elementor-section-height-min-height elementor-section-boxed elementor-section-height-default elementor-section-items-middle exad-glass-effect-no exad-sticky-section-no\" data-id=\"9edf80f\" data-element_type=\"section\" data-settings=\"{&quot;background_background&quot;:&quot;classic&quot;}\">\n\t\t\t\t\t\t\t<div class=\"elementor-background-overlay\"><\/div>\n\t\t\t\t\t\t\t<div class=\"elementor-container elementor-column-gap-no\">\n\t\t\t\t\t<div class=\"elementor-column elementor-col-50 elementor-top-column elementor-element elementor-element-7af4c7d elementor-hidden-tablet elementor-hidden-phone exad-glass-effect-no exad-sticky-section-no\" data-id=\"7af4c7d\" data-element_type=\"column\" data-settings=\"{&quot;background_background&quot;:&quot;classic&quot;}\">\n\t\t\t<div class=\"elementor-widget-wrap elementor-element-populated\">\n\t\t\t\t\t\t<div class=\"elementor-element elementor-element-89156ad exad-sticky-section-no exad-glass-effect-no elementor-widget elementor-widget-image\" data-id=\"89156ad\" data-element_type=\"widget\" data-widget_type=\"image.default\">\n\t\t\t\t<div class=\"elementor-widget-container\">\n\t\t\t\t\t\t\t\t\t\t\t\t\t\t\t<img fetchpriority=\"high\" decoding=\"async\" width=\"406\" height=\"500\" src=\"https:\/\/mobaro.com\/wp-content\/uploads\/2022\/01\/seasonal_guide_400px.png\" class=\"attachment-large size-large wp-image-6110\" alt=\"\" srcset=\"https:\/\/mobaro.com\/wp-content\/uploads\/2022\/01\/seasonal_guide_400px.png 406w, https:\/\/mobaro.com\/wp-content\/uploads\/2022\/01\/seasonal_guide_400px-244x300.png 244w, https:\/\/mobaro.com\/wp-content\/uploads\/2022\/01\/seasonal_guide_400px-10x12.png 10w\" sizes=\"(max-width: 406px) 100vw, 406px\" \/>\t\t\t\t\t\t\t\t\t\t\t\t\t\t\t<\/div>\n\t\t\t\t<\/div>\n\t\t\t\t\t<\/div>\n\t\t<\/div>\n\t\t\t\t<div class=\"elementor-column elementor-col-50 elementor-top-column elementor-element elementor-element-aa417eb exad-glass-effect-no exad-sticky-section-no\" data-id=\"aa417eb\" data-element_type=\"column\" data-settings=\"{&quot;background_background&quot;:&quot;classic&quot;}\">\n\t\t\t<div class=\"elementor-widget-wrap elementor-element-populated\">\n\t\t\t\t\t\t<div class=\"elementor-element elementor-element-c57be5c exad-sticky-section-no exad-glass-effect-no elementor-widget elementor-widget-text-editor\" data-id=\"c57be5c\" data-element_type=\"widget\" data-widget_type=\"text-editor.default\">\n\t\t\t\t<div class=\"elementor-widget-container\">\n\t\t\t\t\t\t\t\t\t<p>Gu\u00eda estacional<\/p>\t\t\t\t\t\t\t\t<\/div>\n\t\t\t\t<\/div>\n\t\t\t\t<div class=\"elementor-element elementor-element-19452ee exad-sticky-section-no exad-glass-effect-no elementor-widget elementor-widget-heading\" data-id=\"19452ee\" data-element_type=\"widget\" data-widget_type=\"heading.default\">\n\t\t\t\t<div class=\"elementor-widget-container\">\n\t\t\t\t\t<h1 class=\"elementor-heading-title elementor-size-default\">3 pasos para preparar la seguridad, el mantenimiento y las operaciones<\/h1>\t\t\t\t<\/div>\n\t\t\t\t<\/div>\n\t\t\t\t<div class=\"elementor-element elementor-element-974e6c9 exad-sticky-section-no exad-glass-effect-no elementor-widget elementor-widget-heading\" data-id=\"974e6c9\" data-element_type=\"widget\" data-widget_type=\"heading.default\">\n\t\t\t\t<div class=\"elementor-widget-container\">\n\t\t\t\t\t<h3 class=\"elementor-heading-title elementor-size-default\">La reapertura despu\u00e9s de una temporada de invierno o la preparaci\u00f3n de las operaciones de temporada alta requiere una planificaci\u00f3n inmensa y un gran esfuerzo de equipo para cualquier parque de atracciones, parque acu\u00e1tico o cualquier otra atracci\u00f3n que opere estacionalmente.\n<\/h3>\t\t\t\t<\/div>\n\t\t\t\t<\/div>\n\t\t\t\t<div class=\"elementor-element elementor-element-a0ed3fd elementor-hidden-desktop exad-sticky-section-no exad-glass-effect-no elementor-widget elementor-widget-image\" data-id=\"a0ed3fd\" data-element_type=\"widget\" data-widget_type=\"image.default\">\n\t\t\t\t<div class=\"elementor-widget-container\">\n\t\t\t\t\t\t\t\t\t\t\t\t\t\t\t<img fetchpriority=\"high\" decoding=\"async\" width=\"406\" height=\"500\" src=\"https:\/\/mobaro.com\/wp-content\/uploads\/2022\/01\/seasonal_guide_400px.png\" class=\"attachment-large size-large wp-image-6110\" alt=\"\" srcset=\"https:\/\/mobaro.com\/wp-content\/uploads\/2022\/01\/seasonal_guide_400px.png 406w, https:\/\/mobaro.com\/wp-content\/uploads\/2022\/01\/seasonal_guide_400px-244x300.png 244w, https:\/\/mobaro.com\/wp-content\/uploads\/2022\/01\/seasonal_guide_400px-10x12.png 10w\" sizes=\"(max-width: 406px) 100vw, 406px\" \/>\t\t\t\t\t\t\t\t\t\t\t\t\t\t\t<\/div>\n\t\t\t\t<\/div>\n\t\t\t\t<div class=\"elementor-element elementor-element-6be315c exad-sticky-section-no exad-glass-effect-no elementor-widget elementor-widget-html\" data-id=\"6be315c\" data-element_type=\"widget\" data-widget_type=\"html.default\">\n\t\t\t\t<div class=\"elementor-widget-container\">\n\t\t\t\t\t<!--[if lte IE 8]>\n<script charset=\"utf-8\" type=\"text\/javascript\" src=\"\/\/js.hsforms.net\/forms\/v2-legacy.js\"><\/script>\n<![endif]-->\n<script charset=\"utf-8\" type=\"text\/javascript\" src=\"\/\/js.hsforms.net\/forms\/v2.js\"><\/script>\n<script>\n  hbspt.forms.create({\n\tregion: \"na1\",\n\tportalId: \"2795997\",\n\tformId: \"6efa0261-3a2b-4962-9cd7-134612e6e58c\"\n});\n<\/script>\t\t\t\t<\/div>\n\t\t\t\t<\/div>\n\t\t\t\t\t<\/div>\n\t\t<\/div>\n\t\t\t\t\t<\/div>\n\t\t<\/section>\n\t\t\t\t<section class=\"elementor-section elementor-top-section elementor-element elementor-element-4287d67 elementor-section-boxed elementor-section-height-default elementor-section-height-default exad-glass-effect-no exad-sticky-section-no\" data-id=\"4287d67\" data-element_type=\"section\">\n\t\t\t\t\t\t<div class=\"elementor-container elementor-column-gap-default\">\n\t\t\t\t\t<div class=\"elementor-column elementor-col-100 elementor-top-column elementor-element elementor-element-34be954 exad-glass-effect-no exad-sticky-section-no\" data-id=\"34be954\" data-element_type=\"column\">\n\t\t\t<div class=\"elementor-widget-wrap elementor-element-populated\">\n\t\t\t\t\t\t<div class=\"elementor-element elementor-element-2156cca exad-sticky-section-no exad-glass-effect-no elementor-widget elementor-widget-heading\" data-id=\"2156cca\" data-element_type=\"widget\" data-widget_type=\"heading.default\">\n\t\t\t\t<div class=\"elementor-widget-container\">\n\t\t\t\t\t<h2 class=\"elementor-heading-title elementor-size-default\">Gu\u00eda pr\u00e1ctica para preparar una nueva temporada<\/h2>\t\t\t\t<\/div>\n\t\t\t\t<\/div>\n\t\t\t\t\t<\/div>\n\t\t<\/div>\n\t\t\t\t\t<\/div>\n\t\t<\/section>\n\t\t\t\t<section class=\"elementor-section elementor-top-section elementor-element elementor-element-8e862de elementor-section-boxed elementor-section-height-default elementor-section-height-default exad-glass-effect-no exad-sticky-section-no\" data-id=\"8e862de\" data-element_type=\"section\">\n\t\t\t\t\t\t<div class=\"elementor-container elementor-column-gap-default\">\n\t\t\t\t\t<div class=\"elementor-column elementor-col-100 elementor-top-column elementor-element elementor-element-357c5ab exad-glass-effect-no exad-sticky-section-no\" data-id=\"357c5ab\" data-element_type=\"column\">\n\t\t\t<div class=\"elementor-widget-wrap elementor-element-populated\">\n\t\t\t\t\t\t<div class=\"elementor-element elementor-element-6f05b7a exad-sticky-section-no exad-glass-effect-no elementor-widget elementor-widget-text-editor\" data-id=\"6f05b7a\" data-element_type=\"widget\" data-widget_type=\"text-editor.default\">\n\t\t\t\t<div class=\"elementor-widget-container\">\n\t\t\t\t\t\t\t\t\t<p>En esta gu\u00eda le presentamos<strong> 3 procedimientos clave de gesti\u00f3n de la seguridad<\/strong> durante los preparativos de pretemporada de los parques que operan de forma estacional.<\/p><p>\u00a0<\/p><ul><li><strong>Sistema y procedimientos - auditor\u00eda de pretemporada<\/strong><\/li><li><strong>Auditor\u00eda f\u00edsica de la infraestructura de la cabalgata despu\u00e9s de la temporada de veda<\/strong><\/li><li><strong>Traspaso de las operaciones a Ride<br \/><br \/><\/strong><\/li><\/ul><p>Si sigue estos tres pasos, es muy probable que usted y sus equipos est\u00e9n en el buen camino para una gran temporada de operaciones.<\/p>\t\t\t\t\t\t\t\t<\/div>\n\t\t\t\t<\/div>\n\t\t\t\t\t<\/div>\n\t\t<\/div>\n\t\t\t\t\t<\/div>\n\t\t<\/section>\n\t\t\t\t<\/div>","protected":false},"excerpt":{"rendered":"<p>Una gu\u00eda de temporada 3 pasos para preparar la seguridad, el mantenimiento y las operaciones La reapertura despu\u00e9s de una temporada de invierno o la preparaci\u00f3n de las operaciones de temporada alta requiere una inmensa planificaci\u00f3n y un gran esfuerzo de equipo para cualquier parque de atracciones, parque acu\u00e1tico o cualquier otra atracci\u00f3n que opere estacionalmente. Una gu\u00eda pr\u00e1ctica para preparar una nueva temporada En esta gu\u00eda le presentamos [...]<\/p>","protected":false},"author":1,"featured_media":0,"parent":7,"menu_order":0,"comment_status":"closed","ping_status":"closed","template":"","meta":{"content-type":"","footnotes":""},"class_list":["post-6103","page","type-page","status-publish","hentry"],"_links":{"self":[{"href":"https:\/\/mobaro.com\/es\/wp-json\/wp\/v2\/pages\/6103","targetHints":{"allow":["GET"]}}],"collection":[{"href":"https:\/\/mobaro.com\/es\/wp-json\/wp\/v2\/pages"}],"about":[{"href":"https:\/\/mobaro.com\/es\/wp-json\/wp\/v2\/types\/page"}],"author":[{"embeddable":true,"href":"https:\/\/mobaro.com\/es\/wp-json\/wp\/v2\/users\/1"}],"replies":[{"embeddable":true,"href":"https:\/\/mobaro.com\/es\/wp-json\/wp\/v2\/comments?post=6103"}],"version-history":[{"count":8,"href":"https:\/\/mobaro.com\/es\/wp-json\/wp\/v2\/pages\/6103\/revisions"}],"predecessor-version":[{"id":8582,"href":"https:\/\/mobaro.com\/es\/wp-json\/wp\/v2\/pages\/6103\/revisions\/8582"}],"up":[{"embeddable":true,"href":"https:\/\/mobaro.com\/es\/wp-json\/wp\/v2\/pages\/7"}],"wp:attachment":[{"href":"https:\/\/mobaro.com\/es\/wp-json\/wp\/v2\/media?parent=6103"}],"curies":[{"name":"wp","href":"https:\/\/api.w.org\/{rel}","templated":true}]}}