{"id":5172,"date":"2021-02-23T09:56:10","date_gmt":"2021-02-23T09:56:10","guid":{"rendered":"https:\/\/mobaro.com\/?page_id=5172"},"modified":"2021-02-23T11:14:03","modified_gmt":"2021-02-23T11:14:03","slug":"schedule-trigger","status":"publish","type":"page","link":"https:\/\/mobaro.com\/es\/product\/schedule-trigger\/","title":{"rendered":"Activador de horario"},"content":{"rendered":"<div data-elementor-type=\"wp-post\" data-elementor-id=\"5172\" class=\"elementor elementor-5172\" data-elementor-post-type=\"page\">\n\t\t\t\t\t\t<section class=\"elementor-section elementor-top-section elementor-element elementor-element-25e3998 elementor-section-boxed elementor-section-height-default elementor-section-height-default exad-glass-effect-no exad-sticky-section-no\" data-id=\"25e3998\" data-element_type=\"section\">\n\t\t\t\t\t\t<div class=\"elementor-container elementor-column-gap-default\">\n\t\t\t\t\t<div class=\"elementor-column elementor-col-100 elementor-top-column elementor-element elementor-element-64fbad5 exad-glass-effect-no exad-sticky-section-no\" data-id=\"64fbad5\" data-element_type=\"column\">\n\t\t\t<div class=\"elementor-widget-wrap elementor-element-populated\">\n\t\t\t\t\t\t<div class=\"elementor-element elementor-element-e375e88 exad-sticky-section-no exad-glass-effect-no elementor-widget elementor-widget-heading\" data-id=\"e375e88\" data-element_type=\"widget\" data-widget_type=\"heading.default\">\n\t\t\t\t<div class=\"elementor-widget-container\">\n\t\t\t\t\t<h2 class=\"elementor-heading-title elementor-size-default\">Rutinas que activan otras rutinas<\/h2>\t\t\t\t<\/div>\n\t\t\t\t<\/div>\n\t\t\t\t<div class=\"elementor-element elementor-element-0da358d exad-sticky-section-no exad-glass-effect-no elementor-widget elementor-widget-text-editor\" data-id=\"0da358d\" data-element_type=\"widget\" data-widget_type=\"text-editor.default\">\n\t\t\t\t<div class=\"elementor-widget-container\">\n\t\t\t\t\t\t\t\t\t<p><strong>Las listas de comprobaci\u00f3n ahora pueden activar programaciones ad hoc basadas en las respuestas. Estos horarios se iniciar\u00e1n inmediatamente despu\u00e9s de que el resultado haya sido completado y recibido por Mobaro. Los horarios creados se pueden ver en la secci\u00f3n \"Slots Ad Hoc\" de<\/strong><strong> el<\/strong><strong> web<\/strong><strong> aplicaci\u00f3n <\/strong><strong>y en los informes. <\/strong><\/p>\t\t\t\t\t\t\t\t<\/div>\n\t\t\t\t<\/div>\n\t\t\t\t<div class=\"elementor-element elementor-element-a455970 exad-sticky-section-no exad-glass-effect-no elementor-widget elementor-widget-image\" data-id=\"a455970\" data-element_type=\"widget\" data-widget_type=\"image.default\">\n\t\t\t\t<div class=\"elementor-widget-container\">\n\t\t\t\t\t\t\t\t\t\t\t\t\t\t\t<img fetchpriority=\"high\" decoding=\"async\" width=\"800\" height=\"534\" src=\"https:\/\/mobaro.com\/wp-content\/uploads\/2021\/02\/Trigger-routines.jpg\" class=\"attachment-large size-large wp-image-5175\" alt=\"\" srcset=\"https:\/\/mobaro.com\/wp-content\/uploads\/2021\/02\/Trigger-routines.jpg 1000w, https:\/\/mobaro.com\/wp-content\/uploads\/2021\/02\/Trigger-routines-300x200.jpg 300w, https:\/\/mobaro.com\/wp-content\/uploads\/2021\/02\/Trigger-routines-768x512.jpg 768w, https:\/\/mobaro.com\/wp-content\/uploads\/2021\/02\/Trigger-routines-16x12.jpg 16w\" sizes=\"(max-width: 800px) 100vw, 800px\" \/>\t\t\t\t\t\t\t\t\t\t\t\t\t\t\t<\/div>\n\t\t\t\t<\/div>\n\t\t\t\t<div class=\"elementor-element elementor-element-8f7cd90 exad-sticky-section-no exad-glass-effect-no elementor-widget elementor-widget-text-editor\" data-id=\"8f7cd90\" data-element_type=\"widget\" data-widget_type=\"text-editor.default\">\n\t\t\t\t<div class=\"elementor-widget-container\">\n\t\t\t\t\t\t\t\t\t<p>Con la incorporaci\u00f3n de este nuevo activador en el editor de listas de comprobaci\u00f3n de Mobaro, los usuarios tienen ahora la posibilidad de iniciar otras comprobaciones a partir de las respuestas dadas por el miembro del personal que realiza la inspecci\u00f3n.<br \/><span style=\"color: var( --e-global-color-text ); font-family: var( --e-global-typography-text-font-family );\"><br \/><i>Ejemplo 1:<\/i><\/span><strong style=\"color: var( --e-global-color-text ); font-family: var( --e-global-typography-text-font-family );\"> Fallo del circuito el\u00e9ctrico<\/strong><\/p><p>Imag\u00ednese que un ingeniero de mantenimiento realiza una comprobaci\u00f3n previa a la apertura de una atracci\u00f3n e identifica una aver\u00eda en una parte del sistema el\u00e9ctrico. Podr\u00eda configurar este tipo de fallo concreto para que desencadenara, digamos, una inspecci\u00f3n general del sistema. Porque quiz\u00e1 afecte a otros circuitos o sea causado por ellos.<\/p><p>Se asignar\u00eda esta inspecci\u00f3n al equipo el\u00e9ctrico o a un miembro individual del equipo para asegurarse de que todo est\u00e1 bien. Dentro de esa inspecci\u00f3n, tambi\u00e9n ser\u00eda posible activar otras comprobaciones, programaciones de ppm, etc.<br \/><span style=\"color: var( --e-global-color-text ); font-family: var( --e-global-typography-text-font-family );\"><br \/><i>Ejemplo 2:<\/i><\/span><strong style=\"color: var( --e-global-color-text ); font-family: var( --e-global-typography-text-font-family );\"> Calidad del agua<\/strong><\/p><p>Controlar la calidad del agua forma parte del d\u00eda a d\u00eda de los parques acu\u00e1ticos y otras instalaciones acu\u00e1ticas. La mayor\u00eda de los grandes parques acu\u00e1ticos disponen de sistemas de sondeo y registro, pero a menudo sigue siendo necesario realizar controles locales junto a la piscina.<br \/><span style=\"color: var( --e-global-color-text ); font-family: var( --e-global-typography-text-font-family );\"><br \/>\u00bfY si su comprobaci\u00f3n determina que la calidad queda notablemente fuera del intervalo requerido? (Una actualizaci\u00f3n reciente del sistema hace que <\/span><span style=\"color: var( --e-global-color-text ); font-family: var( --e-global-typography-text-font-family );\">posible <strong><a href=\"https:\/\/mobaro.com\/product\/score-intervals\/\"><span style=\"text-decoration: underline;\">configurar intervalos<\/span><\/a><\/strong><\/span><span style=\"color: var( --e-global-color-text ); font-family: var( --e-global-typography-text-font-family );\"> para dar puntos por cierto).<br \/><\/span><span style=\"color: var( --e-global-color-text ); font-family: var( --e-global-typography-text-font-family );\"><br \/>En funci\u00f3n de las lecturas, esta funci\u00f3n podr\u00eda informar a los jefes de equipo para que tomen las medidas oportunas, como ajustar el programa de dosificaci\u00f3n y la cantidad o, si se sale de los par\u00e1metros operativos, agrupar o atraer instrucciones de cierre.<br \/><\/span><span style=\"color: var( --e-global-color-text ); font-family: var( --e-global-typography-text-font-family );\"><br \/><b>Gesti\u00f3n m\u00e1s sencilla de los procesos relacionados<\/b><\/span><\/p><p>En \u00faltima instancia, la nueva funci\u00f3n est\u00e1 dise\u00f1ada para que la gesti\u00f3n y la ejecuci\u00f3n sean a\u00fan m\u00e1s fluidas. Dado que muchos flujos de trabajo est\u00e1n relacionados entre s\u00ed y a menudo act\u00faan como consecuencia unos de otros, quer\u00edamos dar soporte a esa circunstancia.<\/p><p>Ahora, lo que lo hace a\u00fan m\u00e1s interesante es que con la API Mobaro hay todo un nuevo mundo de posibilidades que se abren en estos d\u00edas. Usted podr\u00eda ser capaz de integrar horarios de activaci\u00f3n con otros sistemas externos haciendo un desarrollo personalizado para construir una conexi\u00f3n.<\/p><p>\u00bfPor qu\u00e9 no echa un vistazo a la <u><a href=\"https:\/\/mobaro.com\/product\/api\/\"><b>recientes actualizaciones de la API Mobaro siguiente<\/b><\/a><\/u><\/p><p>\u00a0<\/p><p>\u00a0<\/p>\t\t\t\t\t\t\t\t<\/div>\n\t\t\t\t<\/div>\n\t\t\t\t<div class=\"elementor-element elementor-element-c538338 elementor-share-buttons--view-icon elementor-share-buttons--skin-framed elementor-share-buttons--shape-circle elementor-grid-0 elementor-share-buttons--color-official exad-sticky-section-no exad-glass-effect-no elementor-widget elementor-widget-share-buttons\" data-id=\"c538338\" data-element_type=\"widget\" data-widget_type=\"share-buttons.default\">\n\t\t\t\t<div class=\"elementor-widget-container\">\n\t\t\t\t\t\t\t<div class=\"elementor-grid\">\n\t\t\t\t\t\t\t\t<div class=\"elementor-grid-item\">\n\t\t\t\t\t\t<div\n\t\t\t\t\t\t\tclass=\"elementor-share-btn elementor-share-btn_facebook\"\n\t\t\t\t\t\t\trole=\"button\"\n\t\t\t\t\t\t\ttabindex=\"0\"\n\t\t\t\t\t\t\taria-label=\"Compartir en facebook\"\n\t\t\t\t\t\t>\n\t\t\t\t\t\t\t\t\t\t\t\t\t\t\t<span class=\"elementor-share-btn__icon\">\n\t\t\t\t\t\t\t\t<i class=\"fab fa-facebook\" aria-hidden=\"true\"><\/i>\t\t\t\t\t\t\t<\/span>\n\t\t\t\t\t\t\t\t\t\t\t\t\t\t\t\t\t\t\t\t<\/div>\n\t\t\t\t\t<\/div>\n\t\t\t\t\t\t\t\t\t<div class=\"elementor-grid-item\">\n\t\t\t\t\t\t<div\n\t\t\t\t\t\t\tclass=\"elementor-share-btn elementor-share-btn_twitter\"\n\t\t\t\t\t\t\trole=\"button\"\n\t\t\t\t\t\t\ttabindex=\"0\"\n\t\t\t\t\t\t\taria-label=\"Compartir en twitter\"\n\t\t\t\t\t\t>\n\t\t\t\t\t\t\t\t\t\t\t\t\t\t\t<span class=\"elementor-share-btn__icon\">\n\t\t\t\t\t\t\t\t<i class=\"fab fa-twitter\" aria-hidden=\"true\"><\/i>\t\t\t\t\t\t\t<\/span>\n\t\t\t\t\t\t\t\t\t\t\t\t\t\t\t\t\t\t\t\t<\/div>\n\t\t\t\t\t<\/div>\n\t\t\t\t\t\t\t\t\t<div class=\"elementor-grid-item\">\n\t\t\t\t\t\t<div\n\t\t\t\t\t\t\tclass=\"elementor-share-btn elementor-share-btn_linkedin\"\n\t\t\t\t\t\t\trole=\"button\"\n\t\t\t\t\t\t\ttabindex=\"0\"\n\t\t\t\t\t\t\taria-label=\"Compartir en linkedin\"\n\t\t\t\t\t\t>\n\t\t\t\t\t\t\t\t\t\t\t\t\t\t\t<span class=\"elementor-share-btn__icon\">\n\t\t\t\t\t\t\t\t<i class=\"fab fa-linkedin\" aria-hidden=\"true\"><\/i>\t\t\t\t\t\t\t<\/span>\n\t\t\t\t\t\t\t\t\t\t\t\t\t\t\t\t\t\t\t\t<\/div>\n\t\t\t\t\t<\/div>\n\t\t\t\t\t\t<\/div>\n\t\t\t\t\t\t<\/div>\n\t\t\t\t<\/div>\n\t\t\t\t\t<\/div>\n\t\t<\/div>\n\t\t\t\t\t<\/div>\n\t\t<\/section>\n\t\t\t\t<\/div>","protected":false},"excerpt":{"rendered":"<p>Rutinas que activan otras rutinas Las listas de comprobaci\u00f3n ahora pueden activar programaciones ad hoc basadas en respuestas. Estos horarios se iniciar\u00e1n inmediatamente despu\u00e9s de que el resultado haya sido completado y recibido por Mobaro. Los horarios creados se pueden ver en la secci\u00f3n \"Ad Hoc Slots\" de la aplicaci\u00f3n web y en los informes. Con la adici\u00f3n de este nuevo [...]<\/p>","protected":false},"author":1,"featured_media":0,"parent":13,"menu_order":0,"comment_status":"closed","ping_status":"closed","template":"","meta":{"content-type":"","footnotes":""},"class_list":["post-5172","page","type-page","status-publish","hentry"],"_links":{"self":[{"href":"https:\/\/mobaro.com\/es\/wp-json\/wp\/v2\/pages\/5172","targetHints":{"allow":["GET"]}}],"collection":[{"href":"https:\/\/mobaro.com\/es\/wp-json\/wp\/v2\/pages"}],"about":[{"href":"https:\/\/mobaro.com\/es\/wp-json\/wp\/v2\/types\/page"}],"author":[{"embeddable":true,"href":"https:\/\/mobaro.com\/es\/wp-json\/wp\/v2\/users\/1"}],"replies":[{"embeddable":true,"href":"https:\/\/mobaro.com\/es\/wp-json\/wp\/v2\/comments?post=5172"}],"version-history":[{"count":14,"href":"https:\/\/mobaro.com\/es\/wp-json\/wp\/v2\/pages\/5172\/revisions"}],"predecessor-version":[{"id":5206,"href":"https:\/\/mobaro.com\/es\/wp-json\/wp\/v2\/pages\/5172\/revisions\/5206"}],"up":[{"embeddable":true,"href":"https:\/\/mobaro.com\/es\/wp-json\/wp\/v2\/pages\/13"}],"wp:attachment":[{"href":"https:\/\/mobaro.com\/es\/wp-json\/wp\/v2\/media?parent=5172"}],"curies":[{"name":"wp","href":"https:\/\/api.w.org\/{rel}","templated":true}]}}