{"id":5170,"date":"2021-02-23T10:01:29","date_gmt":"2021-02-23T10:01:29","guid":{"rendered":"https:\/\/mobaro.com\/?page_id=5170"},"modified":"2021-04-14T18:26:28","modified_gmt":"2021-04-14T18:26:28","slug":"score-intervals","status":"publish","type":"page","link":"https:\/\/mobaro.com\/es\/product\/score-intervals\/","title":{"rendered":"Intervalos de puntuaci\u00f3n"},"content":{"rendered":"<div data-elementor-type=\"wp-post\" data-elementor-id=\"5170\" class=\"elementor elementor-5170\" data-elementor-post-type=\"page\">\n\t\t\t\t\t\t<section class=\"elementor-section elementor-top-section elementor-element elementor-element-25e3998 elementor-section-boxed elementor-section-height-default elementor-section-height-default exad-glass-effect-no exad-sticky-section-no\" data-id=\"25e3998\" data-element_type=\"section\">\n\t\t\t\t\t\t<div class=\"elementor-container elementor-column-gap-default\">\n\t\t\t\t\t<div class=\"elementor-column elementor-col-100 elementor-top-column elementor-element elementor-element-64fbad5 exad-glass-effect-no exad-sticky-section-no\" data-id=\"64fbad5\" data-element_type=\"column\">\n\t\t\t<div class=\"elementor-widget-wrap elementor-element-populated\">\n\t\t\t\t\t\t<div class=\"elementor-element elementor-element-e375e88 exad-sticky-section-no exad-glass-effect-no elementor-widget elementor-widget-heading\" data-id=\"e375e88\" data-element_type=\"widget\" data-widget_type=\"heading.default\">\n\t\t\t\t<div class=\"elementor-widget-container\">\n\t\t\t\t\t<h2 class=\"elementor-heading-title elementor-size-default\">Correcto o incorrecto: El cumplimiento del nivel de control de un vistazo<\/h2>\t\t\t\t<\/div>\n\t\t\t\t<\/div>\n\t\t\t\t<div class=\"elementor-element elementor-element-0da358d exad-sticky-section-no exad-glass-effect-no elementor-widget elementor-widget-text-editor\" data-id=\"0da358d\" data-element_type=\"widget\" data-widget_type=\"text-editor.default\">\n\t\t\t\t<div class=\"elementor-widget-container\">\n\t\t\t\t\t\t\t\t\t<p><strong>Todos los d\u00edas de la temporada, comprobar continuamente los niveles forma parte de las rutinas programadas en la mayor\u00eda de las atracciones. Desde la temperatura de los alimentos, pasando por la calidad del agua, hasta la presi\u00f3n del aceite, los surtidores y los contenedores, cada departamento tiene sus propias instalaciones que vigilar durante el d\u00eda.<\/strong><\/p>\t\t\t\t\t\t\t\t<\/div>\n\t\t\t\t<\/div>\n\t\t\t\t<div class=\"elementor-element elementor-element-a455970 exad-sticky-section-no exad-glass-effect-no elementor-widget elementor-widget-image\" data-id=\"a455970\" data-element_type=\"widget\" data-widget_type=\"image.default\">\n\t\t\t\t<div class=\"elementor-widget-container\">\n\t\t\t\t\t\t\t\t\t\t\t\t\t\t\t<img fetchpriority=\"high\" decoding=\"async\" width=\"800\" height=\"534\" src=\"https:\/\/mobaro.com\/wp-content\/uploads\/2021\/02\/score-intervals.jpg\" class=\"attachment-large size-large wp-image-5181\" alt=\"\" srcset=\"https:\/\/mobaro.com\/wp-content\/uploads\/2021\/02\/score-intervals.jpg 1000w, https:\/\/mobaro.com\/wp-content\/uploads\/2021\/02\/score-intervals-300x200.jpg 300w, https:\/\/mobaro.com\/wp-content\/uploads\/2021\/02\/score-intervals-768x512.jpg 768w, https:\/\/mobaro.com\/wp-content\/uploads\/2021\/02\/score-intervals-16x12.jpg 16w\" sizes=\"(max-width: 800px) 100vw, 800px\" \/>\t\t\t\t\t\t\t\t\t\t\t\t\t\t\t<\/div>\n\t\t\t\t<\/div>\n\t\t\t\t<div class=\"elementor-element elementor-element-8f7cd90 exad-sticky-section-no exad-glass-effect-no elementor-widget elementor-widget-text-editor\" data-id=\"8f7cd90\" data-element_type=\"widget\" data-widget_type=\"text-editor.default\">\n\t\t\t\t<div class=\"elementor-widget-container\">\n\t\t\t\t\t\t\t\t\t<p>Para facilitar la documentaci\u00f3n de estos valores, los n\u00fameros, controles deslizantes y preguntas de temperatura de Mobaro han sido parte integrante del sistema durante bastante tiempo. Ha facilitado mucho a nuestros usuarios la lectura de los datos necesarios.<br><span style=\"color: var( --e-global-color-text ); font-family: var( --e-global-typography-text-font-family );\"><br><b>Puntuaci\u00f3n mejorada para una mejor visi\u00f3n de conjunto<\/b><\/span><\/p>\n<p>Ahora, adem\u00e1s de recoger los datos de sus inspecciones, le damos la opci\u00f3n de puntuar la entrada. En esencia, ahora puede asignar una temperatura requerida, por ejemplo, en un buf\u00e9, y si cae por debajo o por encima de un determinado intervalo configurado en la aplicaci\u00f3n web Mobaro, se reflejar\u00e1 la puntuaci\u00f3n asignada.<br><span style=\"color: var( --e-global-color-text ); font-family: var( --e-global-typography-text-font-family );\"><br>Lo que esto significa es que en el informe, que est\u00e1 disponible al instante una vez finalizada la comprobaci\u00f3n, aparecer\u00e1 una marca muy clara de las puntuaciones correctas\/incorrectas. Esto facilita la detecci\u00f3n de incoherencias y la actuaci\u00f3n en consecuencia.<\/span><\/p>\n<p><strong style=\"color: var( --e-global-color-text ); font-family: var( --e-global-typography-text-font-family );\"><br>\u00bfTal vez necesites un cuadro de mandos para los niveles?<\/strong><\/p>\n<p>Adem\u00e1s, con los diversos widgets disponibles en Mobaro, puede tener un panel de control personalizado que incluya puntuaciones s\u00f3lo de los valores registrados en todas las instalaciones de su atracci\u00f3n.<br><span style=\"color: var( --e-global-color-text ); font-family: var( --e-global-typography-text-font-family );\"><br>Y eso no es todo, con el nuevo widget de desviaci\u00f3n, podr\u00e1s detectar al instante cu\u00e1ndo una lectura presenta un valor que queda fuera del intervalo requerido.<br><\/span><span style=\"color: var( --e-global-color-text ); font-family: var( --e-global-typography-text-font-family );\"><br>Si desea obtener m\u00e1s informaci\u00f3n sobre las nuevas funciones de Mobaro, no dude en ponerse en contacto con nosotros. Vaya aqu\u00ed para&nbsp;<\/span><a href=\"#contact\" target=\"_blank\"><u>solicite una demostraci\u00f3n<\/u><\/a><span style=\"color: var( --e-global-color-text ); font-family: var( --e-global-typography-text-font-family );\"><u>&nbsp;<\/u>o env\u00edenos un correo electr\u00f3nico a info@mobaro.com.<\/span><\/p>\t\t\t\t\t\t\t\t<\/div>\n\t\t\t\t<\/div>\n\t\t\t\t<div class=\"elementor-element elementor-element-c538338 elementor-share-buttons--view-icon elementor-share-buttons--skin-framed elementor-share-buttons--shape-circle elementor-grid-0 elementor-share-buttons--color-official exad-sticky-section-no exad-glass-effect-no elementor-widget elementor-widget-share-buttons\" data-id=\"c538338\" data-element_type=\"widget\" data-widget_type=\"share-buttons.default\">\n\t\t\t\t<div class=\"elementor-widget-container\">\n\t\t\t\t\t\t\t<div class=\"elementor-grid\">\n\t\t\t\t\t\t\t\t<div class=\"elementor-grid-item\">\n\t\t\t\t\t\t<div\n\t\t\t\t\t\t\tclass=\"elementor-share-btn elementor-share-btn_facebook\"\n\t\t\t\t\t\t\trole=\"button\"\n\t\t\t\t\t\t\ttabindex=\"0\"\n\t\t\t\t\t\t\taria-label=\"Compartir en facebook\"\n\t\t\t\t\t\t>\n\t\t\t\t\t\t\t\t\t\t\t\t\t\t\t<span class=\"elementor-share-btn__icon\">\n\t\t\t\t\t\t\t\t<i class=\"fab fa-facebook\" aria-hidden=\"true\"><\/i>\t\t\t\t\t\t\t<\/span>\n\t\t\t\t\t\t\t\t\t\t\t\t\t\t\t\t\t\t\t\t<\/div>\n\t\t\t\t\t<\/div>\n\t\t\t\t\t\t\t\t\t<div class=\"elementor-grid-item\">\n\t\t\t\t\t\t<div\n\t\t\t\t\t\t\tclass=\"elementor-share-btn elementor-share-btn_twitter\"\n\t\t\t\t\t\t\trole=\"button\"\n\t\t\t\t\t\t\ttabindex=\"0\"\n\t\t\t\t\t\t\taria-label=\"Compartir en twitter\"\n\t\t\t\t\t\t>\n\t\t\t\t\t\t\t\t\t\t\t\t\t\t\t<span class=\"elementor-share-btn__icon\">\n\t\t\t\t\t\t\t\t<i class=\"fab fa-twitter\" aria-hidden=\"true\"><\/i>\t\t\t\t\t\t\t<\/span>\n\t\t\t\t\t\t\t\t\t\t\t\t\t\t\t\t\t\t\t\t<\/div>\n\t\t\t\t\t<\/div>\n\t\t\t\t\t\t\t\t\t<div class=\"elementor-grid-item\">\n\t\t\t\t\t\t<div\n\t\t\t\t\t\t\tclass=\"elementor-share-btn elementor-share-btn_linkedin\"\n\t\t\t\t\t\t\trole=\"button\"\n\t\t\t\t\t\t\ttabindex=\"0\"\n\t\t\t\t\t\t\taria-label=\"Compartir en linkedin\"\n\t\t\t\t\t\t>\n\t\t\t\t\t\t\t\t\t\t\t\t\t\t\t<span class=\"elementor-share-btn__icon\">\n\t\t\t\t\t\t\t\t<i class=\"fab fa-linkedin\" aria-hidden=\"true\"><\/i>\t\t\t\t\t\t\t<\/span>\n\t\t\t\t\t\t\t\t\t\t\t\t\t\t\t\t\t\t\t\t<\/div>\n\t\t\t\t\t<\/div>\n\t\t\t\t\t\t<\/div>\n\t\t\t\t\t\t<\/div>\n\t\t\t\t<\/div>\n\t\t\t\t\t<\/div>\n\t\t<\/div>\n\t\t\t\t\t<\/div>\n\t\t<\/section>\n\t\t\t\t<\/div>","protected":false},"excerpt":{"rendered":"<p>Bien o mal: Control del cumplimiento de los niveles de un vistazo Todos los d\u00edas de la temporada, el control continuo de los niveles forma parte de las rutinas programadas en la mayor\u00eda de las atracciones. Desde la temperatura de los alimentos, pasando por la calidad del agua, hasta la presi\u00f3n del aceite, los surtidores y los contenedores, cada departamento tiene sus propias instalaciones que vigilar durante el d\u00eda. Para facilitar la documentaci\u00f3n [...]<\/p>","protected":false},"author":1,"featured_media":0,"parent":13,"menu_order":0,"comment_status":"closed","ping_status":"closed","template":"","meta":{"content-type":"","footnotes":""},"class_list":["post-5170","page","type-page","status-publish","hentry"],"_links":{"self":[{"href":"https:\/\/mobaro.com\/es\/wp-json\/wp\/v2\/pages\/5170","targetHints":{"allow":["GET"]}}],"collection":[{"href":"https:\/\/mobaro.com\/es\/wp-json\/wp\/v2\/pages"}],"about":[{"href":"https:\/\/mobaro.com\/es\/wp-json\/wp\/v2\/types\/page"}],"author":[{"embeddable":true,"href":"https:\/\/mobaro.com\/es\/wp-json\/wp\/v2\/users\/1"}],"replies":[{"embeddable":true,"href":"https:\/\/mobaro.com\/es\/wp-json\/wp\/v2\/comments?post=5170"}],"version-history":[{"count":7,"href":"https:\/\/mobaro.com\/es\/wp-json\/wp\/v2\/pages\/5170\/revisions"}],"predecessor-version":[{"id":5479,"href":"https:\/\/mobaro.com\/es\/wp-json\/wp\/v2\/pages\/5170\/revisions\/5479"}],"up":[{"embeddable":true,"href":"https:\/\/mobaro.com\/es\/wp-json\/wp\/v2\/pages\/13"}],"wp:attachment":[{"href":"https:\/\/mobaro.com\/es\/wp-json\/wp\/v2\/media?parent=5170"}],"curies":[{"name":"wp","href":"https:\/\/api.w.org\/{rel}","templated":true}]}}