{"id":5168,"date":"2021-02-23T09:41:49","date_gmt":"2021-02-23T09:41:49","guid":{"rendered":"https:\/\/mobaro.com\/?page_id=5168"},"modified":"2021-03-09T13:39:03","modified_gmt":"2021-03-09T13:39:03","slug":"user-group-logic","status":"publish","type":"page","link":"https:\/\/mobaro.com\/es\/product\/user-group-logic\/","title":{"rendered":"L\u00f3gica de grupos de usuarios"},"content":{"rendered":"<div data-elementor-type=\"wp-post\" data-elementor-id=\"5168\" class=\"elementor elementor-5168\" data-elementor-post-type=\"page\">\n\t\t\t\t\t\t<section class=\"elementor-section elementor-top-section elementor-element elementor-element-25e3998 elementor-section-boxed elementor-section-height-default elementor-section-height-default exad-glass-effect-no exad-sticky-section-no\" data-id=\"25e3998\" data-element_type=\"section\">\n\t\t\t\t\t\t<div class=\"elementor-container elementor-column-gap-default\">\n\t\t\t\t\t<div class=\"elementor-column elementor-col-100 elementor-top-column elementor-element elementor-element-64fbad5 exad-glass-effect-no exad-sticky-section-no\" data-id=\"64fbad5\" data-element_type=\"column\">\n\t\t\t<div class=\"elementor-widget-wrap elementor-element-populated\">\n\t\t\t\t\t\t<div class=\"elementor-element elementor-element-e375e88 exad-sticky-section-no exad-glass-effect-no elementor-widget elementor-widget-heading\" data-id=\"e375e88\" data-element_type=\"widget\" data-widget_type=\"heading.default\">\n\t\t\t\t<div class=\"elementor-widget-container\">\n\t\t\t\t\t<h2 class=\"elementor-heading-title elementor-size-default\">L\u00f3gica de grupo de usuarios: Una lista de control para gobernarlos a todos<\/h2>\t\t\t\t<\/div>\n\t\t\t\t<\/div>\n\t\t\t\t<div class=\"elementor-element elementor-element-0da358d exad-sticky-section-no exad-glass-effect-no elementor-widget elementor-widget-text-editor\" data-id=\"0da358d\" data-element_type=\"widget\" data-widget_type=\"text-editor.default\">\n\t\t\t\t<div class=\"elementor-widget-container\">\n\t\t\t\t\t\t\t\t\t<p><strong>Crear su propio contenido de inspecci\u00f3n de mantenimiento, seguridad y operaciones es una de las principales razones por las que los usuarios de Mobaro adoran la plataforma. La flexibilidad de poder crear r\u00e1pidamente nuevas listas de comprobaci\u00f3n y ajustarlas es una piedra angular del principio en que se basa el sistema. <\/strong><\/p>\t\t\t\t\t\t\t\t<\/div>\n\t\t\t\t<\/div>\n\t\t\t\t<div class=\"elementor-element elementor-element-a455970 exad-sticky-section-no exad-glass-effect-no elementor-widget elementor-widget-image\" data-id=\"a455970\" data-element_type=\"widget\" data-widget_type=\"image.default\">\n\t\t\t\t<div class=\"elementor-widget-container\">\n\t\t\t\t\t\t\t\t\t\t\t\t\t\t\t<img fetchpriority=\"high\" decoding=\"async\" width=\"800\" height=\"534\" src=\"https:\/\/mobaro.com\/wp-content\/uploads\/2021\/02\/User-group-logic.jpg\" class=\"attachment-large size-large wp-image-5186\" alt=\"\" srcset=\"https:\/\/mobaro.com\/wp-content\/uploads\/2021\/02\/User-group-logic.jpg 1000w, https:\/\/mobaro.com\/wp-content\/uploads\/2021\/02\/User-group-logic-300x200.jpg 300w, https:\/\/mobaro.com\/wp-content\/uploads\/2021\/02\/User-group-logic-768x512.jpg 768w, https:\/\/mobaro.com\/wp-content\/uploads\/2021\/02\/User-group-logic-16x12.jpg 16w\" sizes=\"(max-width: 800px) 100vw, 800px\" \/>\t\t\t\t\t\t\t\t\t\t\t\t\t\t\t<\/div>\n\t\t\t\t<\/div>\n\t\t\t\t<div class=\"elementor-element elementor-element-8f7cd90 exad-sticky-section-no exad-glass-effect-no elementor-widget elementor-widget-text-editor\" data-id=\"8f7cd90\" data-element_type=\"widget\" data-widget_type=\"text-editor.default\">\n\t\t\t\t<div class=\"elementor-widget-container\">\n\t\t\t\t\t\t\t\t\t<p>Con estas herramientas a mano, podr\u00e1 crear y distribuir contenidos a cualquier equipo de su organizaci\u00f3n. Adem\u00e1s, si necesita reutilizar una lista de comprobaci\u00f3n para otro departamento, copiarla y ajustarla es tan f\u00e1cil como 1-2-3.<br \/><span style=\"color: var( --e-global-color-text ); font-family: var( --e-global-typography-text-font-family );\"><br \/><b>\"Pero \u00bfy si .....\"<\/b><\/span><\/p><p>As\u00ed es como empiezan todas las buenas historias. Con la adici\u00f3n de User Group Logic, gesti\u00f3n de contenidos y distribuci\u00f3n en Mobaro ahorrar\u00e1 su atracci\u00f3n a\u00fan m\u00e1s tiempo. Ahora, usted no necesita crear tantas listas de control separadas. El <b>L\u00f3gica de grupos de usuarios <\/b>hace posible que las listas de control <b>Mostrar<\/b> y <b>ocultar<\/b> elementos y p\u00e1ginas en funci\u00f3n de la pertenencia (o no) del usuario a un grupo.<br \/><span style=\"color: var( --e-global-color-text ); font-family: var( --e-global-typography-text-font-family );\"><br \/>Esto significa que cuando, por ejemplo, una inspecci\u00f3n previa a la apertura es realizada por un miembro de un grupo de usuarios denominado \"Equipo de Operaciones\", la comprobaci\u00f3n en la aplicaci\u00f3n m\u00f3vil mostrar\u00e1 un conjunto de preguntas. Sin embargo, si la misma inspecci\u00f3n fuera realizada por un grupo superior denominado 'Supervisores de Operaciones', la lista de comprobaci\u00f3n incluir\u00eda preguntas o secciones diferentes.<br \/><\/span><span style=\"color: var( --e-global-color-text ); font-family: var( --e-global-typography-text-font-family );\"><br \/>Esta funci\u00f3n podr\u00eda suponer un gran ahorro de tiempo a la hora de crear y gestionar las operaciones, el mantenimiento y las rutinas de seguridad de sus atracciones, instalaciones, restauraci\u00f3n, venta al por menor y otros departamentos.<br \/><\/span><span style=\"color: var( --e-global-color-text ); font-family: var( --e-global-typography-text-font-family );\"><br \/>Si desea obtener m\u00e1s informaci\u00f3n sobre las nuevas funciones de Mobaro, no dude en ponerse en contacto con nosotros. Vaya aqu\u00ed para <span style=\"text-decoration: underline;\"><a href=\"#contact\">solicite una demostraci\u00f3n<\/a><\/span> o env\u00edenos un correo electr\u00f3nico a info@mobaro.com.<\/span><\/p>\t\t\t\t\t\t\t\t<\/div>\n\t\t\t\t<\/div>\n\t\t\t\t<div class=\"elementor-element elementor-element-c538338 elementor-share-buttons--view-icon elementor-share-buttons--skin-framed elementor-share-buttons--shape-circle elementor-grid-0 elementor-share-buttons--color-official exad-sticky-section-no exad-glass-effect-no elementor-widget elementor-widget-share-buttons\" data-id=\"c538338\" data-element_type=\"widget\" data-widget_type=\"share-buttons.default\">\n\t\t\t\t<div class=\"elementor-widget-container\">\n\t\t\t\t\t\t\t<div class=\"elementor-grid\">\n\t\t\t\t\t\t\t\t<div class=\"elementor-grid-item\">\n\t\t\t\t\t\t<div\n\t\t\t\t\t\t\tclass=\"elementor-share-btn elementor-share-btn_facebook\"\n\t\t\t\t\t\t\trole=\"button\"\n\t\t\t\t\t\t\ttabindex=\"0\"\n\t\t\t\t\t\t\taria-label=\"Compartir en facebook\"\n\t\t\t\t\t\t>\n\t\t\t\t\t\t\t\t\t\t\t\t\t\t\t<span class=\"elementor-share-btn__icon\">\n\t\t\t\t\t\t\t\t<i class=\"fab fa-facebook\" aria-hidden=\"true\"><\/i>\t\t\t\t\t\t\t<\/span>\n\t\t\t\t\t\t\t\t\t\t\t\t\t\t\t\t\t\t\t\t<\/div>\n\t\t\t\t\t<\/div>\n\t\t\t\t\t\t\t\t\t<div class=\"elementor-grid-item\">\n\t\t\t\t\t\t<div\n\t\t\t\t\t\t\tclass=\"elementor-share-btn elementor-share-btn_twitter\"\n\t\t\t\t\t\t\trole=\"button\"\n\t\t\t\t\t\t\ttabindex=\"0\"\n\t\t\t\t\t\t\taria-label=\"Compartir en twitter\"\n\t\t\t\t\t\t>\n\t\t\t\t\t\t\t\t\t\t\t\t\t\t\t<span class=\"elementor-share-btn__icon\">\n\t\t\t\t\t\t\t\t<i class=\"fab fa-twitter\" aria-hidden=\"true\"><\/i>\t\t\t\t\t\t\t<\/span>\n\t\t\t\t\t\t\t\t\t\t\t\t\t\t\t\t\t\t\t\t<\/div>\n\t\t\t\t\t<\/div>\n\t\t\t\t\t\t\t\t\t<div class=\"elementor-grid-item\">\n\t\t\t\t\t\t<div\n\t\t\t\t\t\t\tclass=\"elementor-share-btn elementor-share-btn_linkedin\"\n\t\t\t\t\t\t\trole=\"button\"\n\t\t\t\t\t\t\ttabindex=\"0\"\n\t\t\t\t\t\t\taria-label=\"Compartir en linkedin\"\n\t\t\t\t\t\t>\n\t\t\t\t\t\t\t\t\t\t\t\t\t\t\t<span class=\"elementor-share-btn__icon\">\n\t\t\t\t\t\t\t\t<i class=\"fab fa-linkedin\" aria-hidden=\"true\"><\/i>\t\t\t\t\t\t\t<\/span>\n\t\t\t\t\t\t\t\t\t\t\t\t\t\t\t\t\t\t\t\t<\/div>\n\t\t\t\t\t<\/div>\n\t\t\t\t\t\t<\/div>\n\t\t\t\t\t\t<\/div>\n\t\t\t\t<\/div>\n\t\t\t\t\t<\/div>\n\t\t<\/div>\n\t\t\t\t\t<\/div>\n\t\t<\/section>\n\t\t\t\t<\/div>","protected":false},"excerpt":{"rendered":"<p>L\u00f3gica de grupo de usuarios: Una lista de comprobaci\u00f3n para gobernarlos a todos Crear su propio contenido de inspecci\u00f3n de mantenimiento, seguridad y operaciones es una de las principales razones por las que los usuarios de Mobaro adoran la plataforma. La flexibilidad de poder crear r\u00e1pidamente nuevas listas de comprobaci\u00f3n y ajustarlas es una piedra angular del principio en que se basa el sistema. Con estas herramientas a [...]<\/p>","protected":false},"author":1,"featured_media":0,"parent":13,"menu_order":0,"comment_status":"closed","ping_status":"closed","template":"","meta":{"content-type":"","footnotes":""},"class_list":["post-5168","page","type-page","status-publish","hentry"],"_links":{"self":[{"href":"https:\/\/mobaro.com\/es\/wp-json\/wp\/v2\/pages\/5168","targetHints":{"allow":["GET"]}}],"collection":[{"href":"https:\/\/mobaro.com\/es\/wp-json\/wp\/v2\/pages"}],"about":[{"href":"https:\/\/mobaro.com\/es\/wp-json\/wp\/v2\/types\/page"}],"author":[{"embeddable":true,"href":"https:\/\/mobaro.com\/es\/wp-json\/wp\/v2\/users\/1"}],"replies":[{"embeddable":true,"href":"https:\/\/mobaro.com\/es\/wp-json\/wp\/v2\/comments?post=5168"}],"version-history":[{"count":8,"href":"https:\/\/mobaro.com\/es\/wp-json\/wp\/v2\/pages\/5168\/revisions"}],"predecessor-version":[{"id":5238,"href":"https:\/\/mobaro.com\/es\/wp-json\/wp\/v2\/pages\/5168\/revisions\/5238"}],"up":[{"embeddable":true,"href":"https:\/\/mobaro.com\/es\/wp-json\/wp\/v2\/pages\/13"}],"wp:attachment":[{"href":"https:\/\/mobaro.com\/es\/wp-json\/wp\/v2\/media?parent=5168"}],"curies":[{"name":"wp","href":"https:\/\/api.w.org\/{rel}","templated":true}]}}