{"id":4676,"date":"2020-10-09T09:15:21","date_gmt":"2020-10-09T09:15:21","guid":{"rendered":"https:\/\/mobaro.com\/?page_id=4676"},"modified":"2021-02-19T13:46:09","modified_gmt":"2021-02-19T13:46:09","slug":"api","status":"publish","type":"page","link":"https:\/\/mobaro.com\/es\/product\/api\/","title":{"rendered":"API"},"content":{"rendered":"<div data-elementor-type=\"wp-post\" data-elementor-id=\"4676\" class=\"elementor elementor-4676\" data-elementor-post-type=\"page\">\n\t\t\t\t\t\t<section class=\"elementor-section elementor-top-section elementor-element elementor-element-25e3998 elementor-section-boxed elementor-section-height-default elementor-section-height-default exad-glass-effect-no exad-sticky-section-no\" data-id=\"25e3998\" data-element_type=\"section\">\n\t\t\t\t\t\t<div class=\"elementor-container elementor-column-gap-default\">\n\t\t\t\t\t<div class=\"elementor-column elementor-col-100 elementor-top-column elementor-element elementor-element-64fbad5 exad-glass-effect-no exad-sticky-section-no\" data-id=\"64fbad5\" data-element_type=\"column\">\n\t\t\t<div class=\"elementor-widget-wrap elementor-element-populated\">\n\t\t\t\t\t\t<div class=\"elementor-element elementor-element-e375e88 exad-sticky-section-no exad-glass-effect-no elementor-widget elementor-widget-heading\" data-id=\"e375e88\" data-element_type=\"widget\" data-widget_type=\"heading.default\">\n\t\t\t\t<div class=\"elementor-widget-container\">\n\t\t\t\t\t<h2 class=\"elementor-heading-title elementor-size-default\">API: Integraci\u00f3n con Mobaro<\/h2>\t\t\t\t<\/div>\n\t\t\t\t<\/div>\n\t\t\t\t<div class=\"elementor-element elementor-element-0da358d exad-sticky-section-no exad-glass-effect-no elementor-widget elementor-widget-text-editor\" data-id=\"0da358d\" data-element_type=\"widget\" data-widget_type=\"text-editor.default\">\n\t\t\t\t<div class=\"elementor-widget-container\">\n\t\t\t\t\t\t\t\t\t<p><strong>Con la incorporaci\u00f3n de nuestra API p\u00fablica, nuestros clientes tienen ahora la posibilidad de desarrollar integraciones para otros entornos de software aportando un nuevo valor transversal a la empresa.<\/strong><\/p>\t\t\t\t\t\t\t\t<\/div>\n\t\t\t\t<\/div>\n\t\t\t\t<div class=\"elementor-element elementor-element-a455970 exad-sticky-section-no exad-glass-effect-no elementor-widget elementor-widget-image\" data-id=\"a455970\" data-element_type=\"widget\" data-widget_type=\"image.default\">\n\t\t\t\t<div class=\"elementor-widget-container\">\n\t\t\t\t\t\t\t\t\t\t\t\t\t\t\t<img fetchpriority=\"high\" decoding=\"async\" width=\"800\" height=\"305\" src=\"https:\/\/mobaro.com\/wp-content\/uploads\/2020\/10\/api-copy.jpg\" class=\"attachment-large size-large wp-image-4670\" alt=\"\" srcset=\"https:\/\/mobaro.com\/wp-content\/uploads\/2020\/10\/api-copy.jpg 957w, https:\/\/mobaro.com\/wp-content\/uploads\/2020\/10\/api-copy-300x114.jpg 300w, https:\/\/mobaro.com\/wp-content\/uploads\/2020\/10\/api-copy-768x293.jpg 768w\" sizes=\"(max-width: 800px) 100vw, 800px\" \/>\t\t\t\t\t\t\t\t\t\t\t\t\t\t\t<\/div>\n\t\t\t\t<\/div>\n\t\t\t\t<div class=\"elementor-element elementor-element-8f7cd90 exad-sticky-section-no exad-glass-effect-no elementor-widget elementor-widget-text-editor\" data-id=\"8f7cd90\" data-element_type=\"widget\" data-widget_type=\"text-editor.default\">\n\t\t\t\t<div class=\"elementor-widget-container\">\n\t\t\t\t\t\t\t\t\t<p>Imag\u00ednese si pudiera conectar sin problemas los datos de su punto de venta de billetes con los resultados operativos que ya proporciona Mobaro. \u00bfQuiz\u00e1s su sistema de gesti\u00f3n de reservas ser\u00eda m\u00e1s preciso si mostrara un factor de disponibilidad a partir de las comprobaciones de Mobaro?<\/p><p>\u00bfY si los sensores de sus veh\u00edculos se integraran con la l\u00f3gica de las comprobaciones y tareas? En ese caso, el mantenimiento preventivo planificado adquirir\u00eda una nueva dimensi\u00f3n automatizada.....<\/p><p>Cuando se trata de ideas, el cielo es el l\u00edmite. Sin embargo, cuando se trata de integraciones reales, es necesario subrayar que el alcance y el desarrollo, por supuesto, todav\u00eda tienen que llevarse a cabo. Pero con la API p\u00fablica en marcha, se ha abierto una puerta a las m\u00faltiples posibilidades.<br \/><br \/><\/p><p><strong>Gesti\u00f3n de resultados<br \/><\/strong>La API de Mobaro ahora admite integraciones para exportar resultados, por ejemplo, para almacenamiento externo o para informes posteriores, quiz\u00e1s con fines de comparaci\u00f3n de datos. Junto con los datos extra\u00eddos, obtendr\u00e1 acceso a la lista de comprobaci\u00f3n individual en la que se basa el resultado, incluidas las secciones o preguntas mostradas o eliminadas mediante ajustes l\u00f3gicos.<\/p><p><strong><br \/>Controles del tiempo de inactividad y de actividad<br \/><\/strong>Ahora es posible iniciar una instancia de inactividad en Mobaro desde otros sistemas de su atracci\u00f3n. Adem\u00e1s, le permitimos crear su propio panel de administraci\u00f3n para controlar estas acciones y mostrar todos los datos relacionados accesibles en Mobaro.<\/p><p><strong><br \/>Datos de localizaci\u00f3n operativa<br \/><\/strong>Cuando reciba informaci\u00f3n sobre sus ubicaciones a trav\u00e9s de la API de Mobaro, ahora tambi\u00e9n podr\u00e1 ver los datos operativos. Por ejemplo, esto significa que puede ver cu\u00e1ndo fue la \u00faltima vez que la ubicaci\u00f3n cambi\u00f3 de estado, y cu\u00e1nto tiempo ha estado abierta\/cerrada o si actualmente est\u00e1 sujeta a tiempo de inactividad.<\/p><p><strong><br \/>Categor\u00edas de preguntas<br \/><\/strong>Las categor\u00edas de preguntas de Mobaro est\u00e1n relacionadas con la misi\u00f3n de ofrecer a nuestros clientes un medio para supervisar el rendimiento en una serie de temas individualizados, importantes para su atractivo y situaci\u00f3n espec\u00edficos. Ahora, usted tambi\u00e9n puede extraer esa informaci\u00f3n, lo que significa que puede cotejar la inteligencia empresarial en el formato que prefiera para elaborar informes m\u00e1s amplios en su organizaci\u00f3n.<\/p><p>\u00a0<\/p><p>\u00a0<\/p><ul style=\"margin: calc(26.1px) 0px; list-style: none; margin-block-start: 1em; padding-left: 0px; color: #545454; font-size: 18px; background-color: #ffffff;\"><li><b><br \/><br \/>A continuaci\u00f3n se muestra un seminario web que celebramos para explicar y explorar los diversos aspectos de la API Mobaro<\/b><\/li><\/ul>\t\t\t\t\t\t\t\t<\/div>\n\t\t\t\t<\/div>\n\t\t\t\t<div class=\"elementor-element elementor-element-1a25521 exad-sticky-section-no exad-glass-effect-no elementor-widget elementor-widget-video\" data-id=\"1a25521\" data-element_type=\"widget\" data-settings=\"{&quot;youtube_url&quot;:&quot;https:\\\/\\\/youtu.be\\\/KTjMqfPZ3Ac&quot;,&quot;video_type&quot;:&quot;youtube&quot;,&quot;controls&quot;:&quot;yes&quot;}\" data-widget_type=\"video.default\">\n\t\t\t\t<div class=\"elementor-widget-container\">\n\t\t\t\t\t\t\t<div class=\"elementor-wrapper elementor-open-inline\">\n\t\t\t<div class=\"elementor-video\"><\/div>\t\t<\/div>\n\t\t\t\t\t\t<\/div>\n\t\t\t\t<\/div>\n\t\t\t\t<div class=\"elementor-element elementor-element-c538338 elementor-share-buttons--view-icon elementor-share-buttons--skin-framed elementor-share-buttons--shape-circle elementor-grid-0 elementor-share-buttons--color-official exad-sticky-section-no exad-glass-effect-no elementor-widget elementor-widget-share-buttons\" data-id=\"c538338\" data-element_type=\"widget\" data-widget_type=\"share-buttons.default\">\n\t\t\t\t<div class=\"elementor-widget-container\">\n\t\t\t\t\t\t\t<div class=\"elementor-grid\">\n\t\t\t\t\t\t\t\t<div class=\"elementor-grid-item\">\n\t\t\t\t\t\t<div\n\t\t\t\t\t\t\tclass=\"elementor-share-btn elementor-share-btn_facebook\"\n\t\t\t\t\t\t\trole=\"button\"\n\t\t\t\t\t\t\ttabindex=\"0\"\n\t\t\t\t\t\t\taria-label=\"Compartir en facebook\"\n\t\t\t\t\t\t>\n\t\t\t\t\t\t\t\t\t\t\t\t\t\t\t<span class=\"elementor-share-btn__icon\">\n\t\t\t\t\t\t\t\t<i class=\"fab fa-facebook\" aria-hidden=\"true\"><\/i>\t\t\t\t\t\t\t<\/span>\n\t\t\t\t\t\t\t\t\t\t\t\t\t\t\t\t\t\t\t\t<\/div>\n\t\t\t\t\t<\/div>\n\t\t\t\t\t\t\t\t\t<div class=\"elementor-grid-item\">\n\t\t\t\t\t\t<div\n\t\t\t\t\t\t\tclass=\"elementor-share-btn elementor-share-btn_twitter\"\n\t\t\t\t\t\t\trole=\"button\"\n\t\t\t\t\t\t\ttabindex=\"0\"\n\t\t\t\t\t\t\taria-label=\"Compartir en twitter\"\n\t\t\t\t\t\t>\n\t\t\t\t\t\t\t\t\t\t\t\t\t\t\t<span class=\"elementor-share-btn__icon\">\n\t\t\t\t\t\t\t\t<i class=\"fab fa-twitter\" aria-hidden=\"true\"><\/i>\t\t\t\t\t\t\t<\/span>\n\t\t\t\t\t\t\t\t\t\t\t\t\t\t\t\t\t\t\t\t<\/div>\n\t\t\t\t\t<\/div>\n\t\t\t\t\t\t\t\t\t<div class=\"elementor-grid-item\">\n\t\t\t\t\t\t<div\n\t\t\t\t\t\t\tclass=\"elementor-share-btn elementor-share-btn_linkedin\"\n\t\t\t\t\t\t\trole=\"button\"\n\t\t\t\t\t\t\ttabindex=\"0\"\n\t\t\t\t\t\t\taria-label=\"Compartir en linkedin\"\n\t\t\t\t\t\t>\n\t\t\t\t\t\t\t\t\t\t\t\t\t\t\t<span class=\"elementor-share-btn__icon\">\n\t\t\t\t\t\t\t\t<i class=\"fab fa-linkedin\" aria-hidden=\"true\"><\/i>\t\t\t\t\t\t\t<\/span>\n\t\t\t\t\t\t\t\t\t\t\t\t\t\t\t\t\t\t\t\t<\/div>\n\t\t\t\t\t<\/div>\n\t\t\t\t\t\t<\/div>\n\t\t\t\t\t\t<\/div>\n\t\t\t\t<\/div>\n\t\t\t\t\t<\/div>\n\t\t<\/div>\n\t\t\t\t\t<\/div>\n\t\t<\/section>\n\t\t\t\t<\/div>","protected":false},"excerpt":{"rendered":"<p>API: Integre con Mobaro Con la adici\u00f3n de nuestra API p\u00fablica, nuestros clientes tienen ahora la capacidad de desarrollar integraciones para otros entornos de software aportando un nuevo valor de conexi\u00f3n cruzada al negocio. Imag\u00ednese si pudiera conectar sin problemas los datos de su punto de venta de entradas a la salida operativa ya proporcionada por Mobaro. Tal vez su reserva [...]<\/p>","protected":false},"author":1,"featured_media":0,"parent":13,"menu_order":0,"comment_status":"closed","ping_status":"closed","template":"","meta":{"content-type":"","footnotes":""},"class_list":["post-4676","page","type-page","status-publish","hentry"],"_links":{"self":[{"href":"https:\/\/mobaro.com\/es\/wp-json\/wp\/v2\/pages\/4676","targetHints":{"allow":["GET"]}}],"collection":[{"href":"https:\/\/mobaro.com\/es\/wp-json\/wp\/v2\/pages"}],"about":[{"href":"https:\/\/mobaro.com\/es\/wp-json\/wp\/v2\/types\/page"}],"author":[{"embeddable":true,"href":"https:\/\/mobaro.com\/es\/wp-json\/wp\/v2\/users\/1"}],"replies":[{"embeddable":true,"href":"https:\/\/mobaro.com\/es\/wp-json\/wp\/v2\/comments?post=4676"}],"version-history":[{"count":5,"href":"https:\/\/mobaro.com\/es\/wp-json\/wp\/v2\/pages\/4676\/revisions"}],"predecessor-version":[{"id":5167,"href":"https:\/\/mobaro.com\/es\/wp-json\/wp\/v2\/pages\/4676\/revisions\/5167"}],"up":[{"embeddable":true,"href":"https:\/\/mobaro.com\/es\/wp-json\/wp\/v2\/pages\/13"}],"wp:attachment":[{"href":"https:\/\/mobaro.com\/es\/wp-json\/wp\/v2\/media?parent=4676"}],"curies":[{"name":"wp","href":"https:\/\/api.w.org\/{rel}","templated":true}]}}