{"id":3968,"date":"2020-04-01T07:14:58","date_gmt":"2020-04-01T07:14:58","guid":{"rendered":"https:\/\/mobaro.com\/?page_id=3968"},"modified":"2020-04-01T09:54:54","modified_gmt":"2020-04-01T09:54:54","slug":"free-book-best-practice-guidelines-for-ride-and-attraction-safety","status":"publish","type":"page","link":"https:\/\/mobaro.com\/es\/front-page\/free-book-best-practice-guidelines-for-ride-and-attraction-safety\/","title":{"rendered":"Libro gratuito: Best Practice Guidelines For Ride And Attraction Safety (Directrices de buenas pr\u00e1cticas para la seguridad en atracciones)"},"content":{"rendered":"<div data-elementor-type=\"wp-post\" data-elementor-id=\"3968\" class=\"elementor elementor-3968\" data-elementor-post-type=\"page\">\n\t\t\t\t\t\t<section class=\"elementor-section elementor-top-section elementor-element elementor-element-9edf80f elementor-section-content-bottom elementor-section-height-min-height elementor-section-boxed elementor-section-height-default elementor-section-items-middle exad-glass-effect-no exad-sticky-section-no\" data-id=\"9edf80f\" data-element_type=\"section\" data-settings=\"{&quot;background_background&quot;:&quot;classic&quot;}\">\n\t\t\t\t\t\t\t<div class=\"elementor-background-overlay\"><\/div>\n\t\t\t\t\t\t\t<div class=\"elementor-container elementor-column-gap-no\">\n\t\t\t\t\t<div class=\"elementor-column elementor-col-50 elementor-top-column elementor-element elementor-element-7af4c7d elementor-hidden-tablet elementor-hidden-phone exad-glass-effect-no exad-sticky-section-no\" data-id=\"7af4c7d\" data-element_type=\"column\" data-settings=\"{&quot;background_background&quot;:&quot;classic&quot;}\">\n\t\t\t<div class=\"elementor-widget-wrap elementor-element-populated\">\n\t\t\t\t\t\t<div class=\"elementor-element elementor-element-89156ad exad-sticky-section-no exad-glass-effect-no elementor-widget elementor-widget-image\" data-id=\"89156ad\" data-element_type=\"widget\" data-widget_type=\"image.default\">\n\t\t\t\t<div class=\"elementor-widget-container\">\n\t\t\t\t\t\t\t\t\t\t\t\t\t\t\t<img fetchpriority=\"high\" decoding=\"async\" width=\"339\" height=\"500\" src=\"https:\/\/mobaro.com\/wp-content\/uploads\/2019\/05\/book.png\" class=\"attachment-large size-large wp-image-3342\" alt=\"\" srcset=\"https:\/\/mobaro.com\/wp-content\/uploads\/2019\/05\/book.png 339w, https:\/\/mobaro.com\/wp-content\/uploads\/2019\/05\/book-203x300.png 203w\" sizes=\"(max-width: 339px) 100vw, 339px\" \/>\t\t\t\t\t\t\t\t\t\t\t\t\t\t\t<\/div>\n\t\t\t\t<\/div>\n\t\t\t\t\t<\/div>\n\t\t<\/div>\n\t\t\t\t<div class=\"elementor-column elementor-col-50 elementor-top-column elementor-element elementor-element-aa417eb exad-glass-effect-no exad-sticky-section-no\" data-id=\"aa417eb\" data-element_type=\"column\" data-settings=\"{&quot;background_background&quot;:&quot;classic&quot;}\">\n\t\t\t<div class=\"elementor-widget-wrap elementor-element-populated\">\n\t\t\t\t\t\t<div class=\"elementor-element elementor-element-c57be5c exad-sticky-section-no exad-glass-effect-no elementor-widget elementor-widget-text-editor\" data-id=\"c57be5c\" data-element_type=\"widget\" data-widget_type=\"text-editor.default\">\n\t\t\t\t<div class=\"elementor-widget-container\">\n\t\t\t\t\t\t\t\t\t<p>Directrices de buenas pr\u00e1cticas para:<\/p>\t\t\t\t\t\t\t\t<\/div>\n\t\t\t\t<\/div>\n\t\t\t\t<div class=\"elementor-element elementor-element-19452ee exad-sticky-section-no exad-glass-effect-no elementor-widget elementor-widget-heading\" data-id=\"19452ee\" data-element_type=\"widget\" data-widget_type=\"heading.default\">\n\t\t\t\t<div class=\"elementor-widget-container\">\n\t\t\t\t\t<h1 class=\"elementor-heading-title elementor-size-default\">Seguridad en atracciones<\/h1>\t\t\t\t<\/div>\n\t\t\t\t<\/div>\n\t\t\t\t<div class=\"elementor-element elementor-element-974e6c9 exad-sticky-section-no exad-glass-effect-no elementor-widget elementor-widget-heading\" data-id=\"974e6c9\" data-element_type=\"widget\" data-widget_type=\"heading.default\">\n\t\t\t\t<div class=\"elementor-widget-container\">\n\t\t\t\t\t<h3 class=\"elementor-heading-title elementor-size-default\">Si es usted un profesional de la seguridad, el mantenimiento o las operaciones que trabaja en el sector de las atracciones, este libro es para usted.<br><br>Introduce tus datos a continuaci\u00f3n y te lo enviaremos a tu correo electr\u00f3nico.<\/h3>\t\t\t\t<\/div>\n\t\t\t\t<\/div>\n\t\t\t\t<div class=\"elementor-element elementor-element-a0ed3fd elementor-hidden-desktop exad-sticky-section-no exad-glass-effect-no elementor-widget elementor-widget-image\" data-id=\"a0ed3fd\" data-element_type=\"widget\" data-widget_type=\"image.default\">\n\t\t\t\t<div class=\"elementor-widget-container\">\n\t\t\t\t\t\t\t\t\t\t\t\t\t\t\t<img fetchpriority=\"high\" decoding=\"async\" width=\"339\" height=\"500\" src=\"https:\/\/mobaro.com\/wp-content\/uploads\/2019\/05\/book.png\" class=\"attachment-large size-large wp-image-3342\" alt=\"\" srcset=\"https:\/\/mobaro.com\/wp-content\/uploads\/2019\/05\/book.png 339w, https:\/\/mobaro.com\/wp-content\/uploads\/2019\/05\/book-203x300.png 203w\" sizes=\"(max-width: 339px) 100vw, 339px\" \/>\t\t\t\t\t\t\t\t\t\t\t\t\t\t\t<\/div>\n\t\t\t\t<\/div>\n\t\t\t\t<div class=\"elementor-element elementor-element-6be315c exad-sticky-section-no exad-glass-effect-no elementor-widget elementor-widget-html\" data-id=\"6be315c\" data-element_type=\"widget\" data-widget_type=\"html.default\">\n\t\t\t\t<div class=\"elementor-widget-container\">\n\t\t\t\t\t<div class=\"_form_8\"><\/div><script src=\"https:\/\/mobaro.activehosted.com\/f\/embed.php?id=8\" type=\"text\/javascript\" charset=\"utf-8\"><\/script>\t\t\t\t<\/div>\n\t\t\t\t<\/div>\n\t\t\t\t\t<\/div>\n\t\t<\/div>\n\t\t\t\t\t<\/div>\n\t\t<\/section>\n\t\t\t\t<section class=\"elementor-section elementor-top-section elementor-element elementor-element-4287d67 elementor-section-boxed elementor-section-height-default elementor-section-height-default exad-glass-effect-no exad-sticky-section-no\" data-id=\"4287d67\" data-element_type=\"section\">\n\t\t\t\t\t\t<div class=\"elementor-container elementor-column-gap-default\">\n\t\t\t\t\t<div class=\"elementor-column elementor-col-100 elementor-top-column elementor-element elementor-element-34be954 exad-glass-effect-no exad-sticky-section-no\" data-id=\"34be954\" data-element_type=\"column\">\n\t\t\t<div class=\"elementor-widget-wrap elementor-element-populated\">\n\t\t\t\t\t\t<div class=\"elementor-element elementor-element-2156cca exad-sticky-section-no exad-glass-effect-no elementor-widget elementor-widget-heading\" data-id=\"2156cca\" data-element_type=\"widget\" data-widget_type=\"heading.default\">\n\t\t\t\t<div class=\"elementor-widget-container\">\n\t\t\t\t\t<h2 class=\"elementor-heading-title elementor-size-default\">Una recopilaci\u00f3n de entrevistas, temas clave y ejemplos pr\u00e1cticos<\/h2>\t\t\t\t<\/div>\n\t\t\t\t<\/div>\n\t\t\t\t\t<\/div>\n\t\t<\/div>\n\t\t\t\t\t<\/div>\n\t\t<\/section>\n\t\t\t\t<section class=\"elementor-section elementor-top-section elementor-element elementor-element-8e862de elementor-section-boxed elementor-section-height-default elementor-section-height-default exad-glass-effect-no exad-sticky-section-no\" data-id=\"8e862de\" data-element_type=\"section\">\n\t\t\t\t\t\t<div class=\"elementor-container elementor-column-gap-default\">\n\t\t\t\t\t<div class=\"elementor-column elementor-col-100 elementor-top-column elementor-element elementor-element-357c5ab exad-glass-effect-no exad-sticky-section-no\" data-id=\"357c5ab\" data-element_type=\"column\">\n\t\t\t<div class=\"elementor-widget-wrap elementor-element-populated\">\n\t\t\t\t\t\t<div class=\"elementor-element elementor-element-6f05b7a exad-sticky-section-no exad-glass-effect-no elementor-widget elementor-widget-text-editor\" data-id=\"6f05b7a\" data-element_type=\"widget\" data-widget_type=\"text-editor.default\">\n\t\t\t\t<div class=\"elementor-widget-container\">\n\t\t\t\t\t\t\t\t\t<p>\u00danase a Mobaro y a un grupo de expertos profesionales del sector de las atracciones en charlas sobre seguridad, mantenimiento y operaciones.\u00a0<span style=\"font-size: 1rem;\">En resumen, el libro incluye:<\/span><\/p><ul><li><span style=\"font-size: 1rem;\">Temas de actualidad sobre directrices internacionales de buenas pr\u00e1cticas para la equitaci\u00f3n\u00a0<\/span>y seguridad de las atracciones<\/li><li>Informaci\u00f3n sobre temas clave de la norma EN 13814 revisada<\/li><li>Orientaci\u00f3n sobre hu\u00e9spedes con discapacidad<\/li><li>Consejos sobre cierres patronales - recuerde \"Cierre patronal por seguridad\"<\/li><li>Consejos y orientaciones sobre c\u00f3mo estructurar las listas de comprobaci\u00f3n t\u00edpicas de mantenimiento y seguridad de atracciones.<p>\u00a0<\/p><\/li><\/ul><p>Adem\u00e1s, hemos entrevistado a un pu\u00f1ado de personalidades del sector con interesantes puntos de vista sobre sus operaciones y su experiencia en algunos temas de actualidad.<\/p><p><span style=\"font-size: 1rem;\">Esperamos que este libro le resulte inspirador y educativo al mismo tiempo, y le proporcione una herramienta a tener en cuenta a la hora de revisar sus propios programas y gestionar la seguridad en sus parques y atracciones.<\/span><\/p><p><style type=\"text\/css\">\np.p1 {margin: 0.0px 0.0px 0.0px 0.0px; text-align: justify; font: 9.5px 'Open Sans'; min-height: 13.0px}<br \/>p.p2 {margin: 0.0px 0.0px 0.0px 0.0px; text-align: justify; font: 9.5px 'Open Sans'}<br \/>p.p3 {margin: 0.0px 0.0px 0.0px 36.0px; text-align: justify; font: 9.5px 'Open Sans'; min-height: 13.0px}<br \/>p.p4 {margin: 0.0px 0.0px 0.0px 22.7px; line-height: 14.0px; font: 9.5px 'Open Sans'; color: #ffffff}<br \/>span.Apple-tab-span {white-space:pre}<br \/><\/style><\/p>\t\t\t\t\t\t\t\t<\/div>\n\t\t\t\t<\/div>\n\t\t\t\t\t<\/div>\n\t\t<\/div>\n\t\t\t\t\t<\/div>\n\t\t<\/section>\n\t\t\t\t<\/div>","protected":false},"excerpt":{"rendered":"<p>Directrices de buenas pr\u00e1cticas para: Seguridad en atracciones Si es usted un profesional de la seguridad, el mantenimiento o las operaciones que trabaja en el sector de las atracciones, este libro podr\u00eda ser para usted. Introduzca sus datos a continuaci\u00f3n y se lo enviaremos a su correo electr\u00f3nico. Una recopilaci\u00f3n de entrevistas, temas clave y ejemplos pr\u00e1cticos \u00danase a Mobaro y [...]<\/p>","protected":false},"author":1,"featured_media":0,"parent":7,"menu_order":0,"comment_status":"closed","ping_status":"closed","template":"","meta":{"content-type":"","footnotes":""},"class_list":["post-3968","page","type-page","status-publish","hentry"],"_links":{"self":[{"href":"https:\/\/mobaro.com\/es\/wp-json\/wp\/v2\/pages\/3968","targetHints":{"allow":["GET"]}}],"collection":[{"href":"https:\/\/mobaro.com\/es\/wp-json\/wp\/v2\/pages"}],"about":[{"href":"https:\/\/mobaro.com\/es\/wp-json\/wp\/v2\/types\/page"}],"author":[{"embeddable":true,"href":"https:\/\/mobaro.com\/es\/wp-json\/wp\/v2\/users\/1"}],"replies":[{"embeddable":true,"href":"https:\/\/mobaro.com\/es\/wp-json\/wp\/v2\/comments?post=3968"}],"version-history":[{"count":4,"href":"https:\/\/mobaro.com\/es\/wp-json\/wp\/v2\/pages\/3968\/revisions"}],"predecessor-version":[{"id":3973,"href":"https:\/\/mobaro.com\/es\/wp-json\/wp\/v2\/pages\/3968\/revisions\/3973"}],"up":[{"embeddable":true,"href":"https:\/\/mobaro.com\/es\/wp-json\/wp\/v2\/pages\/7"}],"wp:attachment":[{"href":"https:\/\/mobaro.com\/es\/wp-json\/wp\/v2\/media?parent=3968"}],"curies":[{"name":"wp","href":"https:\/\/api.w.org\/{rel}","templated":true}]}}