{"id":3958,"date":"2020-03-17T07:43:10","date_gmt":"2020-03-17T07:43:10","guid":{"rendered":"https:\/\/mobaro.com\/?page_id=3958"},"modified":"2020-10-09T13:22:04","modified_gmt":"2020-10-09T13:22:04","slug":"downtime","status":"publish","type":"page","link":"https:\/\/mobaro.com\/es\/product\/downtime\/","title":{"rendered":"Tiempo de inactividad"},"content":{"rendered":"<div data-elementor-type=\"wp-post\" data-elementor-id=\"3958\" class=\"elementor elementor-3958\" data-elementor-post-type=\"page\">\n\t\t\t\t\t\t<section class=\"elementor-section elementor-top-section elementor-element elementor-element-25e3998 elementor-section-boxed elementor-section-height-default elementor-section-height-default exad-glass-effect-no exad-sticky-section-no\" data-id=\"25e3998\" data-element_type=\"section\">\n\t\t\t\t\t\t<div class=\"elementor-container elementor-column-gap-default\">\n\t\t\t\t\t<div class=\"elementor-column elementor-col-100 elementor-top-column elementor-element elementor-element-64fbad5 exad-glass-effect-no exad-sticky-section-no\" data-id=\"64fbad5\" data-element_type=\"column\">\n\t\t\t<div class=\"elementor-widget-wrap elementor-element-populated\">\n\t\t\t\t\t\t<div class=\"elementor-element elementor-element-e375e88 exad-sticky-section-no exad-glass-effect-no elementor-widget elementor-widget-heading\" data-id=\"e375e88\" data-element_type=\"widget\" data-widget_type=\"heading.default\">\n\t\t\t\t<div class=\"elementor-widget-container\">\n\t\t\t\t\t<h2 class=\"elementor-heading-title elementor-size-default\">Registro de tiempo de inactividad<\/h2>\t\t\t\t<\/div>\n\t\t\t\t<\/div>\n\t\t\t\t<div class=\"elementor-element elementor-element-0da358d exad-sticky-section-no exad-glass-effect-no elementor-widget elementor-widget-text-editor\" data-id=\"0da358d\" data-element_type=\"widget\" data-widget_type=\"text-editor.default\">\n\t\t\t\t<div class=\"elementor-widget-container\">\n\t\t\t\t\t\t\t\t\t<p><strong>El tiempo de inactividad como indicador clave de rendimiento se ha convertido en un par\u00e1metro crucial a controlar en cada vez m\u00e1s parques de todo el mundo. En respuesta a esto y por la gran demanda de los clientes, Mobaro Park ha desarrollado como parte integrada de su soluci\u00f3n de gesti\u00f3n de seguridad y mantenimiento una funci\u00f3n para registrar y documentar el tiempo de funcionamiento completo y el tiempo de inactividad en las atracciones de feria.<\/strong><\/p>\t\t\t\t\t\t\t\t<\/div>\n\t\t\t\t<\/div>\n\t\t\t\t<div class=\"elementor-element elementor-element-a455970 exad-sticky-section-no exad-glass-effect-no elementor-widget elementor-widget-image\" data-id=\"a455970\" data-element_type=\"widget\" data-widget_type=\"image.default\">\n\t\t\t\t<div class=\"elementor-widget-container\">\n\t\t\t\t\t\t\t\t\t\t\t\t\t\t\t<img fetchpriority=\"high\" decoding=\"async\" width=\"800\" height=\"534\" src=\"https:\/\/mobaro.com\/wp-content\/uploads\/2020\/10\/downtime_1000px.jpg\" class=\"attachment-large size-large wp-image-4689\" alt=\"\" srcset=\"https:\/\/mobaro.com\/wp-content\/uploads\/2020\/10\/downtime_1000px.jpg 1000w, https:\/\/mobaro.com\/wp-content\/uploads\/2020\/10\/downtime_1000px-300x200.jpg 300w, https:\/\/mobaro.com\/wp-content\/uploads\/2020\/10\/downtime_1000px-768x512.jpg 768w\" sizes=\"(max-width: 800px) 100vw, 800px\" \/>\t\t\t\t\t\t\t\t\t\t\t\t\t\t\t<\/div>\n\t\t\t\t<\/div>\n\t\t\t\t<div class=\"elementor-element elementor-element-0437a05 exad-sticky-section-no exad-glass-effect-no elementor-widget elementor-widget-heading\" data-id=\"0437a05\" data-element_type=\"widget\" data-widget_type=\"heading.default\">\n\t\t\t\t<div class=\"elementor-widget-container\">\n\t\t\t\t\t<h2 class=\"elementor-heading-title elementor-size-default\">Supervisar y medir el rendimiento de la atracci\u00f3n<\/h2>\t\t\t\t<\/div>\n\t\t\t\t<\/div>\n\t\t\t\t<div class=\"elementor-element elementor-element-8f7cd90 exad-sticky-section-no exad-glass-effect-no elementor-widget elementor-widget-text-editor\" data-id=\"8f7cd90\" data-element_type=\"widget\" data-widget_type=\"text-editor.default\">\n\t\t\t\t<div class=\"elementor-widget-container\">\n\t\t\t\t\t\t\t\t\t<p>Los informes sobre tiempos de inactividad pueden tener tres puntos de enfoque diferentes:<\/p><ul><li>El registro del tiempo de inactividad puro se centra en los sucesos que provocan el tiempo de inactividad.<\/li><li>Registrando el tiempo de inactividad y a\u00f1adiendo atenci\u00f3n a las horas operativas, obtendr\u00e1 una indicaci\u00f3n de las horas operativas perdidas a causa de un tiempo de inactividad.<\/li><li>Adem\u00e1s, al a\u00f1adir la gesti\u00f3n de asignaciones para los eventos de tiempo de inactividad, puede realizar un seguimiento de las acciones correctivas que se han llevado a cabo para resolver un registro de tiempo de inactividad.<\/li><\/ul><p><strong><br \/>Estados de inactividad<\/strong><br \/>Cada registro de tiempo de inactividad est\u00e1 decorado con un estado en funci\u00f3n de su lugar en el flujo de trabajo. Los estados son: abierto, bloqueando, resuelto y cerrado.<\/p><p>Abierto es el estado inicial de un registro de inactividad, independientemente de si se crea desde la aplicaci\u00f3n m\u00f3vil o web. El estado Abierto se puede gestionar desde dos frentes:<\/p><ul><li style=\"list-style-type: none;\"><ul><li>Desde la app m\u00f3vil donde el operario\/t\u00e9cnico puede marcar la ubicaci\u00f3n como operativa de nuevo o desde la app web donde un administrativo puede marcar el tiempo de inactividad como finalizado, en cuyo caso pasar\u00e1 a estado resuelto.<\/li><li>Desde la aplicaci\u00f3n web donde se le puede adjuntar una asignaci\u00f3n, que lo mover\u00e1 a un estado de bloqueo.<br \/><br \/><\/li><\/ul><\/li><\/ul><p>Bloqueo es el estado de un tiempo de inactividad abierto, que tiene una asignaci\u00f3n abierta adjunta. Este es el estado inicial del registro de un tiempo de inactividad, si usted configura Mobaro para crear autom\u00e1ticamente asignaciones en caso de un tiempo de inactividad. Un tiempo de inactividad entrar\u00e1 en el estado de bloqueo si una asignaci\u00f3n es creada manualmente.<\/p>\t\t\t\t\t\t\t\t<\/div>\n\t\t\t\t<\/div>\n\t\t\t\t<div class=\"elementor-element elementor-element-c538338 elementor-share-buttons--view-icon elementor-share-buttons--skin-framed elementor-share-buttons--shape-circle elementor-grid-0 elementor-share-buttons--color-official exad-sticky-section-no exad-glass-effect-no elementor-widget elementor-widget-share-buttons\" data-id=\"c538338\" data-element_type=\"widget\" data-widget_type=\"share-buttons.default\">\n\t\t\t\t<div class=\"elementor-widget-container\">\n\t\t\t\t\t\t\t<div class=\"elementor-grid\">\n\t\t\t\t\t\t\t\t<div class=\"elementor-grid-item\">\n\t\t\t\t\t\t<div\n\t\t\t\t\t\t\tclass=\"elementor-share-btn elementor-share-btn_facebook\"\n\t\t\t\t\t\t\trole=\"button\"\n\t\t\t\t\t\t\ttabindex=\"0\"\n\t\t\t\t\t\t\taria-label=\"Compartir en facebook\"\n\t\t\t\t\t\t>\n\t\t\t\t\t\t\t\t\t\t\t\t\t\t\t<span class=\"elementor-share-btn__icon\">\n\t\t\t\t\t\t\t\t<i class=\"fab fa-facebook\" aria-hidden=\"true\"><\/i>\t\t\t\t\t\t\t<\/span>\n\t\t\t\t\t\t\t\t\t\t\t\t\t\t\t\t\t\t\t\t<\/div>\n\t\t\t\t\t<\/div>\n\t\t\t\t\t\t\t\t\t<div class=\"elementor-grid-item\">\n\t\t\t\t\t\t<div\n\t\t\t\t\t\t\tclass=\"elementor-share-btn elementor-share-btn_twitter\"\n\t\t\t\t\t\t\trole=\"button\"\n\t\t\t\t\t\t\ttabindex=\"0\"\n\t\t\t\t\t\t\taria-label=\"Compartir en twitter\"\n\t\t\t\t\t\t>\n\t\t\t\t\t\t\t\t\t\t\t\t\t\t\t<span class=\"elementor-share-btn__icon\">\n\t\t\t\t\t\t\t\t<i class=\"fab fa-twitter\" aria-hidden=\"true\"><\/i>\t\t\t\t\t\t\t<\/span>\n\t\t\t\t\t\t\t\t\t\t\t\t\t\t\t\t\t\t\t\t<\/div>\n\t\t\t\t\t<\/div>\n\t\t\t\t\t\t\t\t\t<div class=\"elementor-grid-item\">\n\t\t\t\t\t\t<div\n\t\t\t\t\t\t\tclass=\"elementor-share-btn elementor-share-btn_linkedin\"\n\t\t\t\t\t\t\trole=\"button\"\n\t\t\t\t\t\t\ttabindex=\"0\"\n\t\t\t\t\t\t\taria-label=\"Compartir en linkedin\"\n\t\t\t\t\t\t>\n\t\t\t\t\t\t\t\t\t\t\t\t\t\t\t<span class=\"elementor-share-btn__icon\">\n\t\t\t\t\t\t\t\t<i class=\"fab fa-linkedin\" aria-hidden=\"true\"><\/i>\t\t\t\t\t\t\t<\/span>\n\t\t\t\t\t\t\t\t\t\t\t\t\t\t\t\t\t\t\t\t<\/div>\n\t\t\t\t\t<\/div>\n\t\t\t\t\t\t<\/div>\n\t\t\t\t\t\t<\/div>\n\t\t\t\t<\/div>\n\t\t\t\t\t<\/div>\n\t\t<\/div>\n\t\t\t\t\t<\/div>\n\t\t<\/section>\n\t\t\t\t<\/div>","protected":false},"excerpt":{"rendered":"<p>Registro del tiempo de inactividad El tiempo de inactividad como indicador clave de rendimiento se ha convertido en un par\u00e1metro crucial que hay que controlar en cada vez m\u00e1s parques de todo el mundo. En respuesta a esto y por la alta demanda de los clientes, Mobaro Park ha desarrollado ahora como parte integrada de su soluci\u00f3n de Gesti\u00f3n de Seguridad y Mantenimiento una funci\u00f3n para registrar y documentar [...].<\/p>","protected":false},"author":1,"featured_media":0,"parent":13,"menu_order":0,"comment_status":"closed","ping_status":"closed","template":"","meta":{"content-type":"","footnotes":""},"class_list":["post-3958","page","type-page","status-publish","hentry"],"_links":{"self":[{"href":"https:\/\/mobaro.com\/es\/wp-json\/wp\/v2\/pages\/3958","targetHints":{"allow":["GET"]}}],"collection":[{"href":"https:\/\/mobaro.com\/es\/wp-json\/wp\/v2\/pages"}],"about":[{"href":"https:\/\/mobaro.com\/es\/wp-json\/wp\/v2\/types\/page"}],"author":[{"embeddable":true,"href":"https:\/\/mobaro.com\/es\/wp-json\/wp\/v2\/users\/1"}],"replies":[{"embeddable":true,"href":"https:\/\/mobaro.com\/es\/wp-json\/wp\/v2\/comments?post=3958"}],"version-history":[{"count":35,"href":"https:\/\/mobaro.com\/es\/wp-json\/wp\/v2\/pages\/3958\/revisions"}],"predecessor-version":[{"id":4758,"href":"https:\/\/mobaro.com\/es\/wp-json\/wp\/v2\/pages\/3958\/revisions\/4758"}],"up":[{"embeddable":true,"href":"https:\/\/mobaro.com\/es\/wp-json\/wp\/v2\/pages\/13"}],"wp:attachment":[{"href":"https:\/\/mobaro.com\/es\/wp-json\/wp\/v2\/media?parent=3958"}],"curies":[{"name":"wp","href":"https:\/\/api.w.org\/{rel}","templated":true}]}}