{"id":3787,"date":"2020-02-06T08:04:53","date_gmt":"2020-02-06T08:04:53","guid":{"rendered":"https:\/\/mobaro.com\/?page_id=3787"},"modified":"2025-11-13T14:17:09","modified_gmt":"2025-11-13T13:17:09","slug":"jobs","status":"publish","type":"page","link":"https:\/\/mobaro.com\/es\/about\/jobs\/","title":{"rendered":"Oportunidades"},"content":{"rendered":"<div data-elementor-type=\"wp-post\" data-elementor-id=\"3787\" class=\"elementor elementor-3787\" data-elementor-post-type=\"page\">\n\t\t\t\t<div class=\"elementor-element elementor-element-feec358 e-flex e-con-boxed e-con e-parent\" data-id=\"feec358\" data-element_type=\"container\">\n\t\t\t\t\t<div class=\"e-con-inner\">\n\t\t\t\t<div class=\"elementor-element elementor-element-eba98be exad-sticky-section-no exad-glass-effect-no elementor-widget elementor-widget-heading\" data-id=\"eba98be\" data-element_type=\"widget\" data-widget_type=\"heading.default\">\n\t\t\t\t<div class=\"elementor-widget-container\">\n\t\t\t\t\t<h1 class=\"elementor-heading-title elementor-size-default\">Oportunidades<\/h1>\t\t\t\t<\/div>\n\t\t\t\t<\/div>\n\t\t\t\t\t<\/div>\n\t\t\t\t<\/div>\n\t\t\t\t<section class=\"elementor-section elementor-top-section elementor-element elementor-element-59601bd elementor-section-boxed elementor-section-height-default elementor-section-height-default exad-glass-effect-no exad-sticky-section-no\" data-id=\"59601bd\" data-element_type=\"section\">\n\t\t\t\t\t\t<div class=\"elementor-container elementor-column-gap-default\">\n\t\t\t\t\t<div class=\"elementor-column elementor-col-50 elementor-top-column elementor-element elementor-element-8b68c41 exad-glass-effect-no exad-sticky-section-no\" data-id=\"8b68c41\" data-element_type=\"column\">\n\t\t\t<div class=\"elementor-widget-wrap elementor-element-populated\">\n\t\t\t\t\t\t<div class=\"elementor-element elementor-element-bf2230a exad-sticky-section-no exad-glass-effect-no elementor-widget elementor-widget-heading\" data-id=\"bf2230a\" data-element_type=\"widget\" data-widget_type=\"heading.default\">\n\t\t\t\t<div class=\"elementor-widget-container\">\n\t\t\t\t\t<h2 class=\"elementor-heading-title elementor-size-medium\">Desarrollador Frontend (Presencial \/ H\u00edbrido \/ Remoto)<\/h2>\t\t\t\t<\/div>\n\t\t\t\t<\/div>\n\t\t\t\t<div class=\"elementor-element elementor-element-7becb61 exad-sticky-section-no exad-glass-effect-no elementor-widget elementor-widget-image\" data-id=\"7becb61\" data-element_type=\"widget\" data-widget_type=\"image.default\">\n\t\t\t\t<div class=\"elementor-widget-container\">\n\t\t\t\t\t\t\t\t\t\t\t\t\t\t\t\t<a href=\"https:\/\/mobaro.com\/about\/jobs\/frontend-developer-on-site-hybrid-remote\/\">\n\t\t\t\t\t\t\t<img fetchpriority=\"high\" decoding=\"async\" width=\"800\" height=\"419\" src=\"https:\/\/mobaro.com\/wp-content\/uploads\/2021\/10\/frontend-developer-mobaro.jpg\" class=\"attachment-large size-large wp-image-5924\" alt=\"\" srcset=\"https:\/\/mobaro.com\/wp-content\/uploads\/2021\/10\/frontend-developer-mobaro.jpg 800w, https:\/\/mobaro.com\/wp-content\/uploads\/2021\/10\/frontend-developer-mobaro-300x157.jpg 300w, https:\/\/mobaro.com\/wp-content\/uploads\/2021\/10\/frontend-developer-mobaro-768x402.jpg 768w, https:\/\/mobaro.com\/wp-content\/uploads\/2021\/10\/frontend-developer-mobaro-16x8.jpg 16w\" sizes=\"(max-width: 800px) 100vw, 800px\" \/>\t\t\t\t\t\t\t\t<\/a>\n\t\t\t\t\t\t\t\t\t\t\t\t\t\t\t<\/div>\n\t\t\t\t<\/div>\n\t\t\t\t<div class=\"elementor-element elementor-element-4dccdac exad-sticky-section-no exad-glass-effect-no elementor-widget elementor-widget-text-editor\" data-id=\"4dccdac\" data-element_type=\"widget\" data-widget_type=\"text-editor.default\">\n\t\t\t\t<div class=\"elementor-widget-container\">\n\t\t\t\t\t\t\t\t\t<p>Buscamos un desarrollador frontend apasionado por el software moderno, al que le encante resolver problemas complejos y est\u00e9 preparado para hacerse cargo de funciones reales en un equipo en r\u00e1pida evoluci\u00f3n.<\/p>\t\t\t\t\t\t\t\t<\/div>\n\t\t\t\t<\/div>\n\t\t\t\t<div class=\"elementor-element elementor-element-5ad5881 elementor-align-center exad-sticky-section-no exad-glass-effect-no elementor-widget elementor-widget-button\" data-id=\"5ad5881\" data-element_type=\"widget\" data-widget_type=\"button.default\">\n\t\t\t\t<div class=\"elementor-widget-container\">\n\t\t\t\t\t\t\t\t\t<div class=\"elementor-button-wrapper\">\n\t\t\t\t\t<a class=\"elementor-button elementor-button-link elementor-size-sm\" href=\"https:\/\/mobaro.com\/about\/jobs\/frontend-developer-on-site-hybrid-remote\/\">\n\t\t\t\t\t\t<span class=\"elementor-button-content-wrapper\">\n\t\t\t\t\t\t\t\t\t<span class=\"elementor-button-text\">Ver trabajo<\/span>\n\t\t\t\t\t<\/span>\n\t\t\t\t\t<\/a>\n\t\t\t\t<\/div>\n\t\t\t\t\t\t\t\t<\/div>\n\t\t\t\t<\/div>\n\t\t\t\t\t<\/div>\n\t\t<\/div>\n\t\t\t\t<div class=\"elementor-column elementor-col-50 elementor-top-column elementor-element elementor-element-1d6c87f exad-glass-effect-no exad-sticky-section-no\" data-id=\"1d6c87f\" data-element_type=\"column\">\n\t\t\t<div class=\"elementor-widget-wrap elementor-element-populated\">\n\t\t\t\t\t\t<div class=\"elementor-element elementor-element-fc15660 exad-sticky-section-no exad-glass-effect-no elementor-widget elementor-widget-heading\" data-id=\"fc15660\" data-element_type=\"widget\" data-widget_type=\"heading.default\">\n\t\t\t\t<div class=\"elementor-widget-container\">\n\t\t\t\t\t<h2 class=\"elementor-heading-title elementor-size-medium\">Desarrollador de aplicaciones y web (presencial \/ h\u00edbrido \/ remoto)<\/h2>\t\t\t\t<\/div>\n\t\t\t\t<\/div>\n\t\t\t\t<div class=\"elementor-element elementor-element-3336145 exad-sticky-section-no exad-glass-effect-no elementor-widget elementor-widget-image\" data-id=\"3336145\" data-element_type=\"widget\" data-widget_type=\"image.default\">\n\t\t\t\t<div class=\"elementor-widget-container\">\n\t\t\t\t\t\t\t\t\t\t\t\t\t\t\t\t<a href=\"https:\/\/mobaro.com\/about\/jobs\/app-web-developer-on-site-hybrid-remote\/\">\n\t\t\t\t\t\t\t<img decoding=\"async\" width=\"800\" height=\"419\" data-src=\"https:\/\/mobaro.com\/wp-content\/uploads\/2021\/10\/fullstack-developer-mobaro.jpg\" class=\"attachment-large size-large wp-image-5925 lazyload\" alt=\"\" data-srcset=\"https:\/\/mobaro.com\/wp-content\/uploads\/2021\/10\/fullstack-developer-mobaro.jpg 800w, https:\/\/mobaro.com\/wp-content\/uploads\/2021\/10\/fullstack-developer-mobaro-300x157.jpg 300w, https:\/\/mobaro.com\/wp-content\/uploads\/2021\/10\/fullstack-developer-mobaro-768x402.jpg 768w, https:\/\/mobaro.com\/wp-content\/uploads\/2021\/10\/fullstack-developer-mobaro-16x8.jpg 16w\" data-sizes=\"(max-width: 800px) 100vw, 800px\" src=\"data:image\/gif;base64,R0lGODlhAQABAAAAACH5BAEKAAEALAAAAAABAAEAAAICTAEAOw==\" style=\"--smush-placeholder-width: 800px; --smush-placeholder-aspect-ratio: 800\/419;\" \/>\t\t\t\t\t\t\t\t<\/a>\n\t\t\t\t\t\t\t\t\t\t\t\t\t\t\t<\/div>\n\t\t\t\t<\/div>\n\t\t\t\t<div class=\"elementor-element elementor-element-dbb5042 exad-sticky-section-no exad-glass-effect-no elementor-widget elementor-widget-text-editor\" data-id=\"dbb5042\" data-element_type=\"widget\" data-widget_type=\"text-editor.default\">\n\t\t\t\t<div class=\"elementor-widget-container\">\n\t\t\t\t\t\t\t\t\t<p>Buscamos un desarrollador de aplicaciones y p\u00e1ginas web para que se una a nuestro equipo de desarrollo principal y lidere la aplicaci\u00f3n m\u00f3vil Mobaro, la herramienta que utilizan a diario miles de operadores, t\u00e9cnicos y gestores de atracciones de todo el mundo.<\/p>\t\t\t\t\t\t\t\t<\/div>\n\t\t\t\t<\/div>\n\t\t\t\t<div class=\"elementor-element elementor-element-e317641 elementor-align-center exad-sticky-section-no exad-glass-effect-no elementor-widget elementor-widget-button\" data-id=\"e317641\" data-element_type=\"widget\" data-widget_type=\"button.default\">\n\t\t\t\t<div class=\"elementor-widget-container\">\n\t\t\t\t\t\t\t\t\t<div class=\"elementor-button-wrapper\">\n\t\t\t\t\t<a class=\"elementor-button elementor-button-link elementor-size-sm\" href=\"https:\/\/mobaro.com\/about\/jobs\/app-web-developer-on-site-hybrid-remote\/\">\n\t\t\t\t\t\t<span class=\"elementor-button-content-wrapper\">\n\t\t\t\t\t\t\t\t\t<span class=\"elementor-button-text\">Ver trabajo<\/span>\n\t\t\t\t\t<\/span>\n\t\t\t\t\t<\/a>\n\t\t\t\t<\/div>\n\t\t\t\t\t\t\t\t<\/div>\n\t\t\t\t<\/div>\n\t\t\t\t\t<\/div>\n\t\t<\/div>\n\t\t\t\t\t<\/div>\n\t\t<\/section>\n\t\t\t\t<section class=\"elementor-section elementor-inner-section elementor-element elementor-element-278917b elementor-section-boxed elementor-section-height-default elementor-section-height-default exad-glass-effect-no exad-sticky-section-no\" data-id=\"278917b\" data-element_type=\"section\">\n\t\t\t\t\t\t<div class=\"elementor-container elementor-column-gap-default\">\n\t\t\t\t\t<div class=\"elementor-column elementor-col-50 elementor-inner-column elementor-element elementor-element-0b12151 exad-glass-effect-no exad-sticky-section-no\" data-id=\"0b12151\" data-element_type=\"column\">\n\t\t\t<div class=\"elementor-widget-wrap elementor-element-populated\">\n\t\t\t\t\t\t<div class=\"elementor-element elementor-element-b597533 exad-sticky-section-no exad-glass-effect-no elementor-widget elementor-widget-heading\" data-id=\"b597533\" data-element_type=\"widget\" data-widget_type=\"heading.default\">\n\t\t\t\t<div class=\"elementor-widget-container\">\n\t\t\t\t\t<h2 class=\"elementor-heading-title elementor-size-medium\">Conviertete en partner<\/h2>\t\t\t\t<\/div>\n\t\t\t\t<\/div>\n\t\t\t\t<div class=\"elementor-element elementor-element-469427f exad-sticky-section-no exad-glass-effect-no elementor-widget elementor-widget-image\" data-id=\"469427f\" data-element_type=\"widget\" data-widget_type=\"image.default\">\n\t\t\t\t<div class=\"elementor-widget-container\">\n\t\t\t\t\t\t\t\t\t\t\t\t\t\t\t\t<a href=\"https:\/\/mobaro.com\/about\/partner\">\n\t\t\t\t\t\t\t<img decoding=\"async\" width=\"800\" height=\"419\" data-src=\"https:\/\/mobaro.com\/wp-content\/uploads\/2020\/02\/become-a-partner-jobs.png\" class=\"attachment-large size-large wp-image-3891 lazyload\" alt=\"\" data-srcset=\"https:\/\/mobaro.com\/wp-content\/uploads\/2020\/02\/become-a-partner-jobs.png 800w, https:\/\/mobaro.com\/wp-content\/uploads\/2020\/02\/become-a-partner-jobs-300x157.png 300w, https:\/\/mobaro.com\/wp-content\/uploads\/2020\/02\/become-a-partner-jobs-768x402.png 768w\" data-sizes=\"(max-width: 800px) 100vw, 800px\" src=\"data:image\/gif;base64,R0lGODlhAQABAAAAACH5BAEKAAEALAAAAAABAAEAAAICTAEAOw==\" style=\"--smush-placeholder-width: 800px; --smush-placeholder-aspect-ratio: 800\/419;\" \/>\t\t\t\t\t\t\t\t<\/a>\n\t\t\t\t\t\t\t\t\t\t\t\t\t\t\t<\/div>\n\t\t\t\t<\/div>\n\t\t\t\t<div class=\"elementor-element elementor-element-d453e44 exad-sticky-section-no exad-glass-effect-no elementor-widget elementor-widget-text-editor\" data-id=\"d453e44\" data-element_type=\"widget\" data-widget_type=\"text-editor.default\">\n\t\t\t\t<div class=\"elementor-widget-container\">\n\t\t\t\t\t\t\t\t\t<p>Siempre estamos buscando candidatos a Partner Asociado para que introduzcan nuestra soluci\u00f3n en su red. <a href=\"https:\/\/mobaro.com\/about\/partner\/\">M\u00e1s informaci\u00f3n &gt;<\/a><\/p>\t\t\t\t\t\t\t\t<\/div>\n\t\t\t\t<\/div>\n\t\t\t\t\t<\/div>\n\t\t<\/div>\n\t\t\t\t<div class=\"elementor-column elementor-col-50 elementor-inner-column elementor-element elementor-element-7df21bd exad-glass-effect-no exad-sticky-section-no\" data-id=\"7df21bd\" data-element_type=\"column\">\n\t\t\t<div class=\"elementor-widget-wrap elementor-element-populated\">\n\t\t\t\t\t\t<div class=\"elementor-element elementor-element-42cd07d exad-sticky-section-no exad-glass-effect-no elementor-widget elementor-widget-heading\" data-id=\"42cd07d\" data-element_type=\"widget\" data-widget_type=\"heading.default\">\n\t\t\t\t<div class=\"elementor-widget-container\">\n\t\t\t\t\t<h2 class=\"elementor-heading-title elementor-size-medium\">Solicitudes espont\u00e1neas<\/h2>\t\t\t\t<\/div>\n\t\t\t\t<\/div>\n\t\t\t\t<div class=\"elementor-element elementor-element-ae4c3f2 exad-sticky-section-no exad-glass-effect-no elementor-widget elementor-widget-image\" data-id=\"ae4c3f2\" data-element_type=\"widget\" data-widget_type=\"image.default\">\n\t\t\t\t<div class=\"elementor-widget-container\">\n\t\t\t\t\t\t\t\t\t\t\t\t\t\t\t<img decoding=\"async\" width=\"800\" height=\"420\" data-src=\"https:\/\/mobaro.com\/wp-content\/uploads\/2020\/02\/unsol-jobArtboard-15.jpg\" class=\"attachment-large size-large wp-image-3892 lazyload\" alt=\"\" data-srcset=\"https:\/\/mobaro.com\/wp-content\/uploads\/2020\/02\/unsol-jobArtboard-15.jpg 820w, https:\/\/mobaro.com\/wp-content\/uploads\/2020\/02\/unsol-jobArtboard-15-300x157.jpg 300w, https:\/\/mobaro.com\/wp-content\/uploads\/2020\/02\/unsol-jobArtboard-15-768x403.jpg 768w\" data-sizes=\"(max-width: 800px) 100vw, 800px\" src=\"data:image\/gif;base64,R0lGODlhAQABAAAAACH5BAEKAAEALAAAAAABAAEAAAICTAEAOw==\" style=\"--smush-placeholder-width: 800px; --smush-placeholder-aspect-ratio: 800\/420;\" \/>\t\t\t\t\t\t\t\t\t\t\t\t\t\t\t<\/div>\n\t\t\t\t<\/div>\n\t\t\t\t<div class=\"elementor-element elementor-element-a628be9 exad-sticky-section-no exad-glass-effect-no elementor-widget elementor-widget-text-editor\" data-id=\"a628be9\" data-element_type=\"widget\" data-widget_type=\"text-editor.default\">\n\t\t\t\t<div class=\"elementor-widget-container\">\n\t\t\t\t\t\t\t\t\t<p>An\u00edmate y env\u00edanos una descripci\u00f3n de tu perfil y un curr\u00edculum. Qui\u00e9n sabe, quiz\u00e1 necesitemos tus conocimientos m\u00e1s adelante. <a href=\"https:\/\/mobaro.com\/contact\/\">P\u00f3ngase en contacto con nosotros &gt;<\/a><\/p>\t\t\t\t\t\t\t\t<\/div>\n\t\t\t\t<\/div>\n\t\t\t\t\t<\/div>\n\t\t<\/div>\n\t\t\t\t\t<\/div>\n\t\t<\/section>\n\t\t\t\t<\/div>","protected":false},"excerpt":{"rendered":"<p>Empleo Desarrollador Frontend (Presencial \/ H\u00edbrido \/ Remoto) Buscamos un desarrollador frontend al que le apasione el software moderno, le encante resolver problemas complejos y est\u00e9 preparado para hacerse cargo de funciones reales en un equipo en r\u00e1pida evoluci\u00f3n. Ver empleo Desarrollador de aplicaciones y web (presencial \/ h\u00edbrido \/ remoto) Buscamos un desarrollador de aplicaciones y web para [...]<\/p>","protected":false},"author":1,"featured_media":0,"parent":16,"menu_order":0,"comment_status":"closed","ping_status":"closed","template":"","meta":{"content-type":"","footnotes":""},"class_list":["post-3787","page","type-page","status-publish","hentry"],"_links":{"self":[{"href":"https:\/\/mobaro.com\/es\/wp-json\/wp\/v2\/pages\/3787","targetHints":{"allow":["GET"]}}],"collection":[{"href":"https:\/\/mobaro.com\/es\/wp-json\/wp\/v2\/pages"}],"about":[{"href":"https:\/\/mobaro.com\/es\/wp-json\/wp\/v2\/types\/page"}],"author":[{"embeddable":true,"href":"https:\/\/mobaro.com\/es\/wp-json\/wp\/v2\/users\/1"}],"replies":[{"embeddable":true,"href":"https:\/\/mobaro.com\/es\/wp-json\/wp\/v2\/comments?post=3787"}],"version-history":[{"count":110,"href":"https:\/\/mobaro.com\/es\/wp-json\/wp\/v2\/pages\/3787\/revisions"}],"predecessor-version":[{"id":11386,"href":"https:\/\/mobaro.com\/es\/wp-json\/wp\/v2\/pages\/3787\/revisions\/11386"}],"up":[{"embeddable":true,"href":"https:\/\/mobaro.com\/es\/wp-json\/wp\/v2\/pages\/16"}],"wp:attachment":[{"href":"https:\/\/mobaro.com\/es\/wp-json\/wp\/v2\/media?parent=3787"}],"curies":[{"name":"wp","href":"https:\/\/api.w.org\/{rel}","templated":true}]}}