{"id":3147,"date":"2019-05-02T08:05:16","date_gmt":"2019-05-02T08:05:16","guid":{"rendered":"https:\/\/mobaro.com\/?page_id=3147"},"modified":"2019-05-02T08:15:56","modified_gmt":"2019-05-02T08:15:56","slug":"privacy-and-cookie-policy","status":"publish","type":"page","link":"https:\/\/mobaro.com\/es\/privacy-and-cookie-policy\/","title":{"rendered":"Pol\u00edtica de privacidad y cookies"},"content":{"rendered":"<div data-elementor-type=\"wp-post\" data-elementor-id=\"3147\" class=\"elementor elementor-3147\" data-elementor-post-type=\"page\">\n\t\t\t\t\t\t<section class=\"elementor-section elementor-top-section elementor-element elementor-element-25ff0e8 elementor-section-boxed elementor-section-height-default elementor-section-height-default exad-glass-effect-no exad-sticky-section-no\" data-id=\"25ff0e8\" data-element_type=\"section\">\n\t\t\t\t\t\t<div class=\"elementor-container elementor-column-gap-default\">\n\t\t\t\t\t<div class=\"elementor-column elementor-col-100 elementor-top-column elementor-element elementor-element-8b878d5 exad-glass-effect-no exad-sticky-section-no\" data-id=\"8b878d5\" data-element_type=\"column\">\n\t\t\t<div class=\"elementor-widget-wrap elementor-element-populated\">\n\t\t\t\t\t\t<div class=\"elementor-element elementor-element-41f0d9d exad-sticky-section-no exad-glass-effect-no elementor-widget elementor-widget-heading\" data-id=\"41f0d9d\" data-element_type=\"widget\" data-widget_type=\"heading.default\">\n\t\t\t\t<div class=\"elementor-widget-container\">\n\t\t\t\t\t<h2 class=\"elementor-heading-title elementor-size-default\">Pol\u00edtica de privacidad y cookies<\/h2>\t\t\t\t<\/div>\n\t\t\t\t<\/div>\n\t\t\t\t\t<\/div>\n\t\t<\/div>\n\t\t\t\t\t<\/div>\n\t\t<\/section>\n\t\t\t\t<section class=\"elementor-section elementor-top-section elementor-element elementor-element-b8cc36b elementor-section-boxed elementor-section-height-default elementor-section-height-default exad-glass-effect-no exad-sticky-section-no\" data-id=\"b8cc36b\" data-element_type=\"section\">\n\t\t\t\t\t\t<div class=\"elementor-container elementor-column-gap-default\">\n\t\t\t\t\t<div class=\"elementor-column elementor-col-100 elementor-top-column elementor-element elementor-element-1af482c exad-glass-effect-no exad-sticky-section-no\" data-id=\"1af482c\" data-element_type=\"column\">\n\t\t\t<div class=\"elementor-widget-wrap elementor-element-populated\">\n\t\t\t\t\t\t<div class=\"elementor-element elementor-element-b51f982 exad-sticky-section-no exad-glass-effect-no elementor-widget elementor-widget-text-editor\" data-id=\"b51f982\" data-element_type=\"widget\" data-widget_type=\"text-editor.default\">\n\t\t\t\t<div class=\"elementor-widget-container\">\n\t\t\t\t\t\t\t\t\t<h4>Mobaro A\/S<br \/>Frederiksgade 1, 2.<br \/>Aarhus C, DK 8000<br \/>+45 71 99 94 99<br \/>Dinamarca<br \/>info@mobaro.com<\/h4><p>\u00a0<\/p><p>Esta pol\u00edtica describe c\u00f3mo Mobaro A\/S recopila datos personales, la finalidad para la que se utilizan estos datos personales y c\u00f3mo Mobaro A\/S trata dichos datos.<\/p><p>Esta pol\u00edtica contiene informaci\u00f3n legal relativa al tratamiento de datos personales de Mobaro A\/S. En esta pol\u00edtica de privacidad encontrar\u00e1 informaci\u00f3n sobre sus derechos como persona registrada. Si como cliente comercial, visitante del sitio web o usuario del servicio de atenci\u00f3n al cliente (denominados en este documento \"usuario\", \"usuarios\" o \"el interesado\") tiene alguna pregunta sobre el tratamiento de sus datos, o desea hacer valer sus derechos en virtud de la legislaci\u00f3n sobre privacidad, p\u00f3ngase en contacto con Mobaro A\/S utilizando los datos de contacto que figuran en esta pol\u00edtica.<\/p><h4>Base jur\u00eddica del tratamiento<\/h4><p>Al navegar por el sitio web de Mobaro, el usuario encontrar\u00e1 ofertas relacionadas con la actividad comercial de Mobaro. Si el usuario desea seguir adelante con una oferta, Mobaro le pedir\u00e1 informaci\u00f3n personal. Los tipos de informaci\u00f3n se describir\u00e1n m\u00e1s adelante en esta pol\u00edtica.<\/p><p>\u00a0La necesidad resultante de procesar datos puede dividirse en dos categor\u00edas principales:<\/p><p><strong>R: Suscripci\u00f3n<\/strong><br \/>El usuario da su consentimiento al tratamiento de sus datos personales para uno o varios fines espec\u00edficos, como la suscripci\u00f3n a un blog o la recepci\u00f3n de correos directos con ofertas espec\u00edficas.<\/p><p><strong>B: Consultas<\/strong><br \/>El tratamiento es necesario para la ejecuci\u00f3n de un contrato en el que el usuario es parte o para tomar medidas a petici\u00f3n del usuario antes de celebrar un contrato.<\/p><p><strong>\u00bfQu\u00e9 informaci\u00f3n personal recogemos de las personas que visitan nuestro sitio web?<\/strong><br \/>Al realizar un pedido o registrarse en nuestro sitio, seg\u00fan proceda, es posible que se le pida (al usuario) que introduzca su nombre, direcci\u00f3n de correo electr\u00f3nico, n\u00famero de tel\u00e9fono y nombre de la empresa para facilitar el di\u00e1logo o el contacto posterior.<\/p><p><strong>\u00bfCu\u00e1ndo recopilamos informaci\u00f3n?<\/strong><br \/>Recopilamos informaci\u00f3n sobre usted cuando se suscribe a un bolet\u00edn de noticias, rellena un formulario de contacto, abre un ticket de soporte o solicita contenidos premium de nuestro sitio.<\/p><p><strong>\u00bfC\u00f3mo utilizamos su informaci\u00f3n?<\/strong><br \/>Podemos utilizar la informaci\u00f3n que obtenemos de usted cuando se registra, se suscribe a nuestro bolet\u00edn de noticias, responde a una encuesta o a una comunicaci\u00f3n de marketing, navega por el sitio web o utiliza algunas otras funciones del sitio de las siguientes maneras:<\/p><p>- Para permitirnos ofrecerle un mejor servicio al responder a sus solicitudes de atenci\u00f3n al cliente.<br \/>- Para enviar correos electr\u00f3nicos peri\u00f3dicos con informaci\u00f3n\/contenido adicional.<br \/>- Para hacer un seguimiento de su correspondencia (consultas por correo electr\u00f3nico o tel\u00e9fono).<\/p><p><strong>\u00bfC\u00f3mo protegemos su informaci\u00f3n?<br \/><\/strong><br \/>- No utilizamos escaneado de vulnerabilidades ni escaneado conforme a las normas PCI.<br \/>- S\u00f3lo proporcionamos art\u00edculos e informaci\u00f3n. Nunca pedimos n\u00fameros de tarjetas de cr\u00e9dito.<br \/>- Realizamos escaneos regulares de malware.<\/p><p>Su informaci\u00f3n personal est\u00e1 contenida tras redes seguras y s\u00f3lo es accesible por un n\u00famero limitado de personas que tienen derechos especiales de acceso a dichos sistemas y est\u00e1n obligadas a mantener la confidencialidad de la informaci\u00f3n. Adem\u00e1s, todos los datos confidenciales que proporcione se cifran mediante la tecnolog\u00eda Secure Socket Layer (SSL).<br \/>Aplicamos diversas medidas de seguridad cuando un usuario introduce, env\u00eda o accede a sus datos para mantener la seguridad de su informaci\u00f3n personal.<br \/>Todas las transacciones se procesan a trav\u00e9s de un proveedor de pasarela y no se almacenan ni procesan en nuestros servidores.<\/p><p><strong>\u00bfUtilizamos \"cookies\"?<\/strong><br \/>S\u00ed. Las cookies son peque\u00f1os archivos que un sitio o su proveedor de servicios transfiere al disco duro de su ordenador a trav\u00e9s de su navegador web (si usted lo permite) y que permiten a los sistemas del sitio o del proveedor de servicios reconocer su navegador y capturar y recordar determinada informaci\u00f3n. Tambi\u00e9n se utilizan para ayudarnos a entender sus preferencias basadas en la actividad previa o actual del sitio, lo que nos permite ofrecerle servicios mejorados. Tambi\u00e9n utilizamos cookies para ayudarnos a recopilar datos agregados sobre el tr\u00e1fico del sitio y la interacci\u00f3n del sitio para que podamos ofrecer mejores experiencias y herramientas del sitio en el futuro.Utilizamos cookies para:<\/p><p>- Haz un seguimiento de los anuncios.<br \/>- Recopilar datos agregados sobre el tr\u00e1fico y las interacciones en el sitio para ofrecer mejores experiencias y herramientas en el futuro.<\/p><p>Tambi\u00e9n podemos utilizar servicios de terceros de confianza que rastreen esta informaci\u00f3n en nuestro nombre.<\/p><p>Puede elegir que su ordenador le avise cada vez que se env\u00ede una cookie, o puede elegir desactivar todas las cookies. Esto se hace a trav\u00e9s de la configuraci\u00f3n de su navegador. Cada navegador es un poco diferente, mira en el men\u00fa de ayuda de tu navegador para aprender la forma correcta de modificar tus cookies.<\/p><p><strong>Consentimiento de cookies<\/strong><br \/>Cuando un usuario visita el sitio web por primera vez, se le da la opci\u00f3n de aceptar o rechazar todas las cookies o algunas de ellas.<\/p><p>Si los usuarios desactivan las cookies en su navegador:<br \/>Si desactiva las cookies, se desactivar\u00e1n algunas de las funciones del sitio.<\/p><p><strong>Divulgaci\u00f3n a terceros<\/strong><br \/>No vendemos, intercambiamos ni transferimos a terceros sus datos personales.<\/p><p><strong>Enlaces de terceros<\/strong><br \/>No incluimos ni ofrecemos productos o servicios de terceros en nuestro sitio web.<\/p><p><strong>Google<\/strong><br \/>Hemos puesto en marcha lo siguiente:<br \/>- Remarketing con Google Adwords<br \/>- Etiqueta Universal Analytics<br \/>Informaci\u00f3n adicional: https:\/\/support.google.com\/adwordspolicy\/answer\/1316548?hl=en<\/p><p><strong>Anuncios en Facebook<\/strong><br \/>Utilizamos el p\u00edxel de remarketing de Facebook para mostrar anuncios a usuarios que con su interacci\u00f3n en el sitio web de Mobaro han mostrado inter\u00e9s en contenidos espec\u00edficos.<\/p><p><strong>La etiqueta LinkedIn Insight<\/strong><br \/>Utilizamos el p\u00edxel de remarketing de Facebook para mostrar anuncios a usuarios que con su interacci\u00f3n en el sitio web de Mobaro han mostrado inter\u00e9s en contenidos espec\u00edficos.<\/p><p><strong>C\u00f3digo de seguimiento de Hubspot<\/strong><br \/>Utilizamos el software Hubspot Marketing Automation para conocer el comportamiento de los usuarios de nuestros sitios web. Esto nos permite ver qui\u00e9n interact\u00faa con qu\u00e9 en el sitio web de Mobaro.<\/p><p>\u00a1! Nota: S\u00f3lo los usuarios que hayan dado activamente su consentimiento, por ejemplo rellenando un formulario, ser\u00e1n identificables en el sitio web. Todos los dem\u00e1s permanecer\u00e1n en el anonimato.<\/p><p><strong>Exclusi\u00f3n voluntaria<\/strong><br \/>Los usuarios pueden establecer sus preferencias sobre el modo en que Google les env\u00eda publicidad a trav\u00e9s de la p\u00e1gina de configuraci\u00f3n de anuncios de Google. Alternativamente, puede optar por no participar visitando la p\u00e1gina de inhabilitaci\u00f3n de Network Advertising Initiative o utilizando el complemento de inhabilitaci\u00f3n para navegadores de Google Analytics.<\/p><p><strong>Ley CAN SPAM<\/strong><br \/>La Ley CAN-SPAM establece las normas para el correo electr\u00f3nico comercial, fija los requisitos que deben cumplir los mensajes comerciales, otorga a los destinatarios el derecho a impedir que se les env\u00eden correos electr\u00f3nicos y prev\u00e9 duras sanciones en caso de infracci\u00f3n.<\/p><p>Recopilamos su direcci\u00f3n de correo electr\u00f3nico para:<br \/>- Enviar informaci\u00f3n, responder a consultas y\/u otras solicitudes o preguntas<br \/>- Tramitar pedidos y enviar informaci\u00f3n y actualizaciones relativas a los mismos.<br \/>- Enviarle informaci\u00f3n adicional relacionada con su servicio<br \/>- Comercializar con nuestra lista de correo o seguir enviando correos electr\u00f3nicos a nuestros clientes despu\u00e9s de que se haya producido la transacci\u00f3n original.<\/p><p>Para estar en conformidad con CANSPAM, estamos de acuerdo con lo siguiente:<br \/>- No utilizar asuntos o direcciones de correo electr\u00f3nico falsos o enga\u00f1osos.<br \/>- Identifique el mensaje como publicidad de alguna manera razonable.<br \/>- Incluya la direcci\u00f3n f\u00edsica de la sede de nuestra empresa o centro.<br \/>- Supervisar el cumplimiento de los servicios de marketing por correo electr\u00f3nico de terceros, si se utilizan.<br \/>- Atienda r\u00e1pidamente las solicitudes de baja.<br \/>- Permita a los usuarios darse de baja utilizando el enlace que aparece en la parte inferior de cada correo electr\u00f3nico.<br \/>Si en cualquier momento desea darse de baja para no recibir m\u00e1s correos electr\u00f3nicos, puede enviarnos un correo electr\u00f3nico a<br \/>- Siga las instrucciones que aparecen al final de cada correo electr\u00f3nico y le eliminaremos r\u00e1pidamente de TODA la correspondencia.<\/p><p><strong>Derechos del interesado<\/strong><br \/>En virtud de la Ley de protecci\u00f3n de datos personales y de la Directiva de privacidad de la UE, los interesados (\"Usted\") tienen determinados derechos en relaci\u00f3n con los datos personales recogidos por Mobaro A\/S en relaci\u00f3n con su persona. Estos derechos son:<\/p><p><strong>Derecho de acceso<\/strong> - Usted tiene, bajo ciertas condiciones, derecho a acceder a los datos que Mobaro A\/S conserva sobre su persona.<\/p><p><strong>Derecho de rectificaci\u00f3n de datos<\/strong> - Tiene derecho a corregir errores u omisiones en los datos que Mobaro A\/S trata relacionados con su persona.<\/p><p><strong>Derecho de supresi\u00f3n<\/strong>\u00a0- En determinadas condiciones, usted tiene derecho a solicitar la supresi\u00f3n de los datos relacionados con su persona. Tenga en cuenta que este derecho no se aplica a la mayor\u00eda de los tratamientos legales de datos personales. Si ha consentido el tratamiento de sus datos personales, puede retirar su consentimiento a este tratamiento, mediante el cual se suprimir\u00e1n los datos relacionados.<\/p><p><strong>Sujeto a tratamiento limitado<\/strong>\u00a0- En algunos casos, usted tiene derecho a suspender el tratamiento de sus datos personales. Esto se aplicar\u00e1 si se cuestiona la exactitud de los datos, si desea una copia de los datos tratados il\u00edcitamente y, por tanto, no desea que se supriman, si necesita prolongar el almacenamiento de los datos m\u00e1s tiempo del que Mobaro<br \/>A\/S, o si usted impugna el derecho a tratar sus datos y no se resuelve dicha impugnaci\u00f3n.<\/p><p><strong>Derecho a la portabilidad de los datos<\/strong> - En algunos casos, tiene derecho a recibir los datos personales que Mobaro A\/S haya recopilado sobre su persona en un formato estructurado, de uso generalizado y lectura mec\u00e1nica, con el fin de transferir sus datos personales a otro responsable del tratamiento.<\/p><p><strong>Derecho a la informaci\u00f3n\u00a0<\/strong>- En algunos casos, puede oponerse al tratamiento de sus datos personales. Si se opone al tratamiento de sus datos, \u00e9stos dejar\u00e1n de tratarse, salvo que existan motivos leg\u00edtimos importantes para ello o que el tratamiento sea necesario para la resoluci\u00f3n o defensa de un litigio. Si sus datos se tratan con fines de marketing directo, puede oponerse a ello en cualquier momento, lo que dar\u00e1 lugar a la finalizaci\u00f3n de dicho tratamiento.<\/p><p><strong>Uso de sus derechos<\/strong><br \/>La normativa de la UE sobre privacidad de datos y\/o la legislaci\u00f3n local regulan sus derechos relacionados con la privacidad de los datos. Estos derechos no son derechos absolutos, sino derechos que puede ejercer en funci\u00f3n de c\u00f3mo Mobaro A\/S trate los datos personales.<\/p><p>Si desea ejercer alguno de los derechos anteriores, env\u00ede su consulta a Mobaro A\/S utilizando la informaci\u00f3n de contacto que figura en esta pol\u00edtica. Mobaro A\/S evaluar\u00e1 las consultas individuales lo antes posible.<\/p><p>Si desea recurrir el tratamiento de sus datos personales ante una autoridad externa, dichas reclamaciones deber\u00e1n remitirse a la autoridad de control de su pa\u00eds de origen en la UE. En Dinamarca, ser\u00e1 Datatilsynet.<\/p><p><strong>Contacto<\/strong><br \/>Si tiene alguna pregunta sobre esta pol\u00edtica de privacidad, puede ponerse en contacto con nosotros utilizando la informaci\u00f3n que figura a continuaci\u00f3n.<\/p><h4>Mobaro A\/S<br \/>Frederiksgade 1, 2.<br \/>Aarhus C, DK 8000<br \/>+45 71 99 94 99<br \/>Dinamarca<br \/>info@mobaro.com<br \/>\u00daltima edici\u00f3n el 2018-05-22<\/h4>\t\t\t\t\t\t\t\t<\/div>\n\t\t\t\t<\/div>\n\t\t\t\t\t<\/div>\n\t\t<\/div>\n\t\t\t\t\t<\/div>\n\t\t<\/section>\n\t\t\t\t<\/div>","protected":false},"excerpt":{"rendered":"<p>Pol\u00edtica de privacidad y cookies Mobaro A\/SFrederiksgade 1, 2.Aarhus C, DK 8000+45 71 99 94 99Denmarkinfo@mobaro.com Esta pol\u00edtica describe c\u00f3mo Mobaro A\/S recopila datos personales, la finalidad para la que se utilizan estos datos personales y c\u00f3mo Mobaro A\/S trata dichos datos. Esta pol\u00edtica contiene informaci\u00f3n legal relativa al tratamiento de datos personales de Mobaro A\/S. Puede [...]<\/p>","protected":false},"author":1,"featured_media":0,"parent":0,"menu_order":0,"comment_status":"closed","ping_status":"closed","template":"","meta":{"content-type":"","footnotes":""},"class_list":["post-3147","page","type-page","status-publish","hentry"],"_links":{"self":[{"href":"https:\/\/mobaro.com\/es\/wp-json\/wp\/v2\/pages\/3147","targetHints":{"allow":["GET"]}}],"collection":[{"href":"https:\/\/mobaro.com\/es\/wp-json\/wp\/v2\/pages"}],"about":[{"href":"https:\/\/mobaro.com\/es\/wp-json\/wp\/v2\/types\/page"}],"author":[{"embeddable":true,"href":"https:\/\/mobaro.com\/es\/wp-json\/wp\/v2\/users\/1"}],"replies":[{"embeddable":true,"href":"https:\/\/mobaro.com\/es\/wp-json\/wp\/v2\/comments?post=3147"}],"version-history":[{"count":3,"href":"https:\/\/mobaro.com\/es\/wp-json\/wp\/v2\/pages\/3147\/revisions"}],"predecessor-version":[{"id":3150,"href":"https:\/\/mobaro.com\/es\/wp-json\/wp\/v2\/pages\/3147\/revisions\/3150"}],"wp:attachment":[{"href":"https:\/\/mobaro.com\/es\/wp-json\/wp\/v2\/media?parent=3147"}],"curies":[{"name":"wp","href":"https:\/\/api.w.org\/{rel}","templated":true}]}}