{"id":22,"date":"2019-03-05T09:54:55","date_gmt":"2019-03-05T09:54:55","guid":{"rendered":"https:\/\/mobaro.com\/?page_id=22"},"modified":"2025-08-25T14:42:32","modified_gmt":"2025-08-25T12:42:32","slug":"request-a-demo","status":"publish","type":"page","link":"https:\/\/mobaro.com\/es\/request-a-demo\/","title":{"rendered":"Solicita una demo"},"content":{"rendered":"<div data-elementor-type=\"wp-post\" data-elementor-id=\"22\" class=\"elementor elementor-22\" data-elementor-post-type=\"page\">\n\t\t\t\t\t\t<section class=\"elementor-section elementor-top-section elementor-element elementor-element-0b419fe elementor-section-boxed elementor-section-height-default elementor-section-height-default exad-glass-effect-no exad-sticky-section-no\" data-id=\"0b419fe\" data-element_type=\"section\">\n\t\t\t\t\t\t<div class=\"elementor-container elementor-column-gap-no\">\n\t\t\t\t\t<div class=\"elementor-column elementor-col-100 elementor-top-column elementor-element elementor-element-b44bef1 exad-glass-effect-no exad-sticky-section-no\" data-id=\"b44bef1\" data-element_type=\"column\">\n\t\t\t<div class=\"elementor-widget-wrap elementor-element-populated\">\n\t\t\t\t\t\t<div class=\"elementor-element elementor-element-b447201 exad-sticky-section-no exad-glass-effect-no elementor-widget elementor-widget-heading\" data-id=\"b447201\" data-element_type=\"widget\" data-widget_type=\"heading.default\">\n\t\t\t\t<div class=\"elementor-widget-container\">\n\t\t\t\t\t<h2 class=\"elementor-heading-title elementor-size-default\">solicite una demostraci\u00f3n<\/h2>\t\t\t\t<\/div>\n\t\t\t\t<\/div>\n\t\t\t\t\t<\/div>\n\t\t<\/div>\n\t\t\t\t\t<\/div>\n\t\t<\/section>\n\t\t\t\t<section class=\"elementor-section elementor-top-section elementor-element elementor-element-aa772d3 elementor-section-boxed elementor-section-height-default elementor-section-height-default exad-glass-effect-no exad-sticky-section-no\" data-id=\"aa772d3\" data-element_type=\"section\">\n\t\t\t\t\t\t<div class=\"elementor-container elementor-column-gap-default\">\n\t\t\t\t\t<div class=\"elementor-column elementor-col-50 elementor-top-column elementor-element elementor-element-1303386 exad-glass-effect-no exad-sticky-section-no\" data-id=\"1303386\" data-element_type=\"column\">\n\t\t\t<div class=\"elementor-widget-wrap elementor-element-populated\">\n\t\t\t\t\t\t<div class=\"elementor-element elementor-element-85874b8 exad-sticky-section-no exad-glass-effect-no elementor-widget elementor-widget-text-editor\" data-id=\"85874b8\" data-element_type=\"widget\" data-widget_type=\"text-editor.default\">\n\t\t\t\t<div class=\"elementor-widget-container\">\n\t\t\t\t\t\t\t\t\t<p>Por favor, proporcione sus datos a continuaci\u00f3n para programar una demostraci\u00f3n en l\u00ednea de las caracter\u00edsticas y principios que hacen Mobaro un ajuste perfecto para tantos parques tem\u00e1ticos, parques acu\u00e1ticos, FECs, zool\u00f3gicos, museos y mucho m\u00e1s.<\/p>\t\t\t\t\t\t\t\t<\/div>\n\t\t\t\t<\/div>\n\t\t\t\t<div class=\"elementor-element elementor-element-4b9b8b8 exad-sticky-section-no exad-glass-effect-no elementor-widget elementor-widget-image\" data-id=\"4b9b8b8\" data-element_type=\"widget\" data-widget_type=\"image.default\">\n\t\t\t\t<div class=\"elementor-widget-container\">\n\t\t\t\t\t\t\t\t\t\t\t\t\t\t\t<img fetchpriority=\"high\" decoding=\"async\" width=\"800\" height=\"390\" src=\"https:\/\/mobaro.com\/wp-content\/uploads\/2022\/08\/The-Mobaro-platform.png\" class=\"attachment-large size-large wp-image-8291\" alt=\"\" srcset=\"https:\/\/mobaro.com\/wp-content\/uploads\/2022\/08\/The-Mobaro-platform.png 1000w, https:\/\/mobaro.com\/wp-content\/uploads\/2022\/08\/The-Mobaro-platform-300x146.png 300w, https:\/\/mobaro.com\/wp-content\/uploads\/2022\/08\/The-Mobaro-platform-768x374.png 768w, https:\/\/mobaro.com\/wp-content\/uploads\/2022\/08\/The-Mobaro-platform-18x9.png 18w\" sizes=\"(max-width: 800px) 100vw, 800px\" \/>\t\t\t\t\t\t\t\t\t\t\t\t\t\t\t<\/div>\n\t\t\t\t<\/div>\n\t\t\t\t\t<\/div>\n\t\t<\/div>\n\t\t\t\t<div class=\"elementor-column elementor-col-50 elementor-top-column elementor-element elementor-element-fcae322 exad-glass-effect-no exad-sticky-section-no\" data-id=\"fcae322\" data-element_type=\"column\" data-settings=\"{&quot;background_background&quot;:&quot;classic&quot;}\">\n\t\t\t<div class=\"elementor-widget-wrap elementor-element-populated\">\n\t\t\t\t\t\t<div class=\"elementor-element elementor-element-d109436 exad-sticky-section-no exad-glass-effect-no elementor-widget elementor-widget-html\" data-id=\"d109436\" data-element_type=\"widget\" data-widget_type=\"html.default\">\n\t\t\t\t<div class=\"elementor-widget-container\">\n\t\t\t\t\t<script charset=\"utf-8\" type=\"text\/javascript\" src=\"\/\/js.hsforms.net\/forms\/embed\/v2.js\"><\/script>\n<script>\n  hbspt.forms.create({\n    portalId: \"2795997\",\n    formId: \"0b8fb2b3-dc4b-498e-a35b-97224d499796\",\n    region: \"na1\"\n  });\n<\/script>\t\t\t\t<\/div>\n\t\t\t\t<\/div>\n\t\t\t\t\t<\/div>\n\t\t<\/div>\n\t\t\t\t\t<\/div>\n\t\t<\/section>\n\t\t<div class=\"elementor-element elementor-element-5b1d02e0 e-flex e-con-boxed e-con e-parent\" data-id=\"5b1d02e0\" data-element_type=\"container\">\n\t\t\t\t\t<div class=\"e-con-inner\">\n\t\t<div class=\"elementor-element elementor-element-73ee86f4 e-con-full e-flex e-con e-child\" data-id=\"73ee86f4\" data-element_type=\"container\">\n\t\t\t\t<div class=\"elementor-element elementor-element-3fefceac exad-sticky-section-no exad-glass-effect-no elementor-widget elementor-widget-image\" data-id=\"3fefceac\" data-element_type=\"widget\" data-widget_type=\"image.default\">\n\t\t\t\t<div class=\"elementor-widget-container\">\n\t\t\t\t\t\t\t\t\t\t\t\t\t\t\t<img decoding=\"async\" width=\"523\" height=\"523\" data-src=\"https:\/\/mobaro.com\/wp-content\/uploads\/2024\/10\/lori_gogel.jpg\" class=\"attachment-large size-large wp-image-10409 lazyload\" alt=\"\" data-srcset=\"https:\/\/mobaro.com\/wp-content\/uploads\/2024\/10\/lori_gogel.jpg 523w, https:\/\/mobaro.com\/wp-content\/uploads\/2024\/10\/lori_gogel-300x300.jpg 300w, https:\/\/mobaro.com\/wp-content\/uploads\/2024\/10\/lori_gogel-150x150.jpg 150w, https:\/\/mobaro.com\/wp-content\/uploads\/2024\/10\/lori_gogel-12x12.jpg 12w\" data-sizes=\"(max-width: 523px) 100vw, 523px\" src=\"data:image\/gif;base64,R0lGODlhAQABAAAAACH5BAEKAAEALAAAAAABAAEAAAICTAEAOw==\" style=\"--smush-placeholder-width: 523px; --smush-placeholder-aspect-ratio: 523\/523;\" \/>\t\t\t\t\t\t\t\t\t\t\t\t\t\t\t<\/div>\n\t\t\t\t<\/div>\n\t\t\t\t<div class=\"elementor-element elementor-element-630a0d0 exad-sticky-section-no exad-glass-effect-no elementor-widget elementor-widget-text-editor\" data-id=\"630a0d0\" data-element_type=\"widget\" data-widget_type=\"text-editor.default\">\n\t\t\t\t<div class=\"elementor-widget-container\">\n\t\t\t\t\t\t\t\t\t<p>\"Mobaro nos proporciona mejoras significativas en eficiencia beneficiando enormemente nuestras operaciones\"<\/p>\t\t\t\t\t\t\t\t<\/div>\n\t\t\t\t<\/div>\n\t\t\t\t<div class=\"elementor-element elementor-element-41c1f6e1 exad-sticky-section-no exad-glass-effect-no elementor-widget elementor-widget-text-editor\" data-id=\"41c1f6e1\" data-element_type=\"widget\" data-widget_type=\"text-editor.default\">\n\t\t\t\t<div class=\"elementor-widget-container\">\n\t\t\t\t\t\t\t\t\t<p>Lori Gogel<br \/>Director de Atracciones<br \/>Holiday World y Splashin' Safari<\/p>\t\t\t\t\t\t\t\t<\/div>\n\t\t\t\t<\/div>\n\t\t\t\t<\/div>\n\t\t<div class=\"elementor-element elementor-element-14f8b7f3 e-con-full e-flex e-con e-child\" data-id=\"14f8b7f3\" data-element_type=\"container\">\n\t\t\t\t<div class=\"elementor-element elementor-element-1e76d28a exad-sticky-section-no exad-glass-effect-no elementor-widget elementor-widget-image\" data-id=\"1e76d28a\" data-element_type=\"widget\" data-widget_type=\"image.default\">\n\t\t\t\t<div class=\"elementor-widget-container\">\n\t\t\t\t\t\t\t\t\t\t\t\t\t\t\t<img decoding=\"async\" width=\"523\" height=\"523\" data-src=\"https:\/\/mobaro.com\/wp-content\/uploads\/2024\/10\/brett.jpg\" class=\"attachment-large size-large wp-image-10410 lazyload\" alt=\"\" data-srcset=\"https:\/\/mobaro.com\/wp-content\/uploads\/2024\/10\/brett.jpg 523w, https:\/\/mobaro.com\/wp-content\/uploads\/2024\/10\/brett-300x300.jpg 300w, https:\/\/mobaro.com\/wp-content\/uploads\/2024\/10\/brett-150x150.jpg 150w, https:\/\/mobaro.com\/wp-content\/uploads\/2024\/10\/brett-12x12.jpg 12w\" data-sizes=\"(max-width: 523px) 100vw, 523px\" src=\"data:image\/gif;base64,R0lGODlhAQABAAAAACH5BAEKAAEALAAAAAABAAEAAAICTAEAOw==\" style=\"--smush-placeholder-width: 523px; --smush-placeholder-aspect-ratio: 523\/523;\" \/>\t\t\t\t\t\t\t\t\t\t\t\t\t\t\t<\/div>\n\t\t\t\t<\/div>\n\t\t\t\t<div class=\"elementor-element elementor-element-4f710b89 exad-sticky-section-no exad-glass-effect-no elementor-widget elementor-widget-text-editor\" data-id=\"4f710b89\" data-element_type=\"widget\" data-widget_type=\"text-editor.default\">\n\t\t\t\t<div class=\"elementor-widget-container\">\n\t\t\t\t\t\t\t\t\t<p>\"Nos permite centrarnos m\u00e1s en crear experiencias memorables para nuestros hu\u00e9spedes\"<\/p>\t\t\t\t\t\t\t\t<\/div>\n\t\t\t\t<\/div>\n\t\t\t\t<div class=\"elementor-element elementor-element-67bae8cc exad-sticky-section-no exad-glass-effect-no elementor-widget elementor-widget-text-editor\" data-id=\"67bae8cc\" data-element_type=\"widget\" data-widget_type=\"text-editor.default\">\n\t\t\t\t<div class=\"elementor-widget-container\">\n\t\t\t\t\t\t\t\t\t<p>Brett Blevins<br \/>Vicepresidente de Operaciones<br \/>Splash Kingdom - Parques acu\u00e1ticos familiares<\/p>\t\t\t\t\t\t\t\t<\/div>\n\t\t\t\t<\/div>\n\t\t\t\t<\/div>\n\t\t<div class=\"elementor-element elementor-element-489d62de e-con-full e-flex e-con e-child\" data-id=\"489d62de\" data-element_type=\"container\">\n\t\t\t\t<div class=\"elementor-element elementor-element-30a04152 exad-sticky-section-no exad-glass-effect-no elementor-widget elementor-widget-image\" data-id=\"30a04152\" data-element_type=\"widget\" data-widget_type=\"image.default\">\n\t\t\t\t<div class=\"elementor-widget-container\">\n\t\t\t\t\t\t\t\t\t\t\t\t\t\t\t<img decoding=\"async\" width=\"523\" height=\"523\" data-src=\"https:\/\/mobaro.com\/wp-content\/uploads\/2024\/10\/jessi.jpg\" class=\"attachment-large size-large wp-image-10408 lazyload\" alt=\"\" data-srcset=\"https:\/\/mobaro.com\/wp-content\/uploads\/2024\/10\/jessi.jpg 523w, https:\/\/mobaro.com\/wp-content\/uploads\/2024\/10\/jessi-300x300.jpg 300w, https:\/\/mobaro.com\/wp-content\/uploads\/2024\/10\/jessi-150x150.jpg 150w, https:\/\/mobaro.com\/wp-content\/uploads\/2024\/10\/jessi-12x12.jpg 12w\" data-sizes=\"(max-width: 523px) 100vw, 523px\" src=\"data:image\/gif;base64,R0lGODlhAQABAAAAACH5BAEKAAEALAAAAAABAAEAAAICTAEAOw==\" style=\"--smush-placeholder-width: 523px; --smush-placeholder-aspect-ratio: 523\/523;\" \/>\t\t\t\t\t\t\t\t\t\t\t\t\t\t\t<\/div>\n\t\t\t\t<\/div>\n\t\t\t\t<div class=\"elementor-element elementor-element-b55217e exad-sticky-section-no exad-glass-effect-no elementor-widget elementor-widget-text-editor\" data-id=\"b55217e\" data-element_type=\"widget\" data-widget_type=\"text-editor.default\">\n\t\t\t\t<div class=\"elementor-widget-container\">\n\t\t\t\t\t\t\t\t\t<p class=\"p1\">Mobaro mantiene a los equipos de operaciones y mantenimiento alineados y trabajando bien juntos.<\/p>\t\t\t\t\t\t\t\t<\/div>\n\t\t\t\t<\/div>\n\t\t\t\t<div class=\"elementor-element elementor-element-6936ca9e exad-sticky-section-no exad-glass-effect-no elementor-widget elementor-widget-text-editor\" data-id=\"6936ca9e\" data-element_type=\"widget\" data-widget_type=\"text-editor.default\">\n\t\t\t\t<div class=\"elementor-widget-container\">\n\t\t\t\t\t\t\t\t\t<p>Jessi O'Daniels<br \/>Director General<br \/>Isla del Naufragio<\/p>\t\t\t\t\t\t\t\t<\/div>\n\t\t\t\t<\/div>\n\t\t\t\t<\/div>\n\t\t<div class=\"elementor-element elementor-element-680e1da1 e-con-full e-flex e-con e-child\" data-id=\"680e1da1\" data-element_type=\"container\">\n\t\t\t\t<div class=\"elementor-element elementor-element-4d07c946 exad-sticky-section-no exad-glass-effect-no elementor-widget elementor-widget-image\" data-id=\"4d07c946\" data-element_type=\"widget\" data-widget_type=\"image.default\">\n\t\t\t\t<div class=\"elementor-widget-container\">\n\t\t\t\t\t\t\t\t\t\t\t\t\t\t\t<img decoding=\"async\" width=\"523\" height=\"523\" data-src=\"https:\/\/mobaro.com\/wp-content\/uploads\/2024\/10\/erik.jpg\" class=\"attachment-large size-large wp-image-10411 lazyload\" alt=\"\" data-srcset=\"https:\/\/mobaro.com\/wp-content\/uploads\/2024\/10\/erik.jpg 523w, https:\/\/mobaro.com\/wp-content\/uploads\/2024\/10\/erik-300x300.jpg 300w, https:\/\/mobaro.com\/wp-content\/uploads\/2024\/10\/erik-150x150.jpg 150w, https:\/\/mobaro.com\/wp-content\/uploads\/2024\/10\/erik-12x12.jpg 12w\" data-sizes=\"(max-width: 523px) 100vw, 523px\" src=\"data:image\/gif;base64,R0lGODlhAQABAAAAACH5BAEKAAEALAAAAAABAAEAAAICTAEAOw==\" style=\"--smush-placeholder-width: 523px; --smush-placeholder-aspect-ratio: 523\/523;\" \/>\t\t\t\t\t\t\t\t\t\t\t\t\t\t\t<\/div>\n\t\t\t\t<\/div>\n\t\t\t\t<div class=\"elementor-element elementor-element-725eac1d exad-sticky-section-no exad-glass-effect-no elementor-widget elementor-widget-text-editor\" data-id=\"725eac1d\" data-element_type=\"widget\" data-widget_type=\"text-editor.default\">\n\t\t\t\t<div class=\"elementor-widget-container\">\n\t\t\t\t\t\t\t\t\t<p>\"Nos permite mejorar nuestra seguridad, productividad y coherencia de las experiencias \u00fanicas que ofrecemos\".<\/p>\t\t\t\t\t\t\t\t<\/div>\n\t\t\t\t<\/div>\n\t\t\t\t<div class=\"elementor-element elementor-element-690fbf1 exad-sticky-section-no exad-glass-effect-no elementor-widget elementor-widget-text-editor\" data-id=\"690fbf1\" data-element_type=\"widget\" data-widget_type=\"text-editor.default\">\n\t\t\t\t<div class=\"elementor-widget-container\">\n\t\t\t\t\t\t\t\t\t<p>Erik Stottlemeyer<br \/>Consejero Delegado<br \/>Parque de Aventuras USA<\/p>\t\t\t\t\t\t\t\t<\/div>\n\t\t\t\t<\/div>\n\t\t\t\t<\/div>\n\t\t\t\t\t<\/div>\n\t\t\t\t<\/div>\n\t\t\t\t<\/div>","protected":false},"excerpt":{"rendered":"<p>Solicite una demostraci\u00f3n Proporcione sus datos a continuaci\u00f3n para programar una demostraci\u00f3n en l\u00ednea de las funciones y principios que hacen de Mobaro la soluci\u00f3n perfecta para muchos parques tem\u00e1ticos, parques acu\u00e1ticos, parques zool\u00f3gicos, museos y mucho m\u00e1s. \"Mobaro nos proporciona mejoras significativas en eficiencia beneficiando enormemente nuestras operaciones\" Lori GogelDirectora de AtraccionesHoliday World y Splashin' Safari [...]<\/p>","protected":false},"author":1,"featured_media":0,"parent":0,"menu_order":0,"comment_status":"closed","ping_status":"closed","template":"","meta":{"content-type":"","footnotes":""},"class_list":["post-22","page","type-page","status-publish","hentry"],"_links":{"self":[{"href":"https:\/\/mobaro.com\/es\/wp-json\/wp\/v2\/pages\/22","targetHints":{"allow":["GET"]}}],"collection":[{"href":"https:\/\/mobaro.com\/es\/wp-json\/wp\/v2\/pages"}],"about":[{"href":"https:\/\/mobaro.com\/es\/wp-json\/wp\/v2\/types\/page"}],"author":[{"embeddable":true,"href":"https:\/\/mobaro.com\/es\/wp-json\/wp\/v2\/users\/1"}],"replies":[{"embeddable":true,"href":"https:\/\/mobaro.com\/es\/wp-json\/wp\/v2\/comments?post=22"}],"version-history":[{"count":105,"href":"https:\/\/mobaro.com\/es\/wp-json\/wp\/v2\/pages\/22\/revisions"}],"predecessor-version":[{"id":11299,"href":"https:\/\/mobaro.com\/es\/wp-json\/wp\/v2\/pages\/22\/revisions\/11299"}],"wp:attachment":[{"href":"https:\/\/mobaro.com\/es\/wp-json\/wp\/v2\/media?parent=22"}],"curies":[{"name":"wp","href":"https:\/\/api.w.org\/{rel}","templated":true}]}}