{"id":11356,"date":"2025-10-06T11:03:00","date_gmt":"2025-10-06T09:03:00","guid":{"rendered":"https:\/\/mobaro.com\/?page_id=11356"},"modified":"2026-04-14T14:24:17","modified_gmt":"2026-04-14T12:24:17","slug":"app-web-developer-on-site-hybrid-remote","status":"publish","type":"page","link":"https:\/\/mobaro.com\/es\/about\/jobs\/app-web-developer-on-site-hybrid-remote\/","title":{"rendered":"Desarrollador de aplicaciones y web (presencial \/ h\u00edbrido \/ remoto)"},"content":{"rendered":"<h2>\n<p>Desarrollador de aplicaciones y web (presencial \/ h\u00edbrido \/ remoto)<\/p>\n<\/h2>\n<p><i>\u00danete a Mobaro y ayuda a construir las herramientas que mantienen seguras las monta\u00f1as rusas y fluidos los toboganes de agua.<\/i><\/p>\n<p>\t\t\t\t\t\t\t\t\t\t\t\t\t\t\t<img fetchpriority=\"high\" decoding=\"async\" width=\"800\" height=\"419\" src=\"https:\/\/mobaro.com\/wp-content\/uploads\/2021\/10\/fullstack-developer-mobaro.jpg\" alt=\"\" srcset=\"https:\/\/mobaro.com\/wp-content\/uploads\/2021\/10\/fullstack-developer-mobaro.jpg 800w, https:\/\/mobaro.com\/wp-content\/uploads\/2021\/10\/fullstack-developer-mobaro-300x157.jpg 300w, https:\/\/mobaro.com\/wp-content\/uploads\/2021\/10\/fullstack-developer-mobaro-768x402.jpg 768w, https:\/\/mobaro.com\/wp-content\/uploads\/2021\/10\/fullstack-developer-mobaro-16x8.jpg 16w\" sizes=\"(max-width: 800px) 100vw, 800px\" \/>\t\t\t\t\t\t\t\t\t\t\t\t\t\t\t<\/p>\n<p><strong>Posici\u00f3n<\/strong>: Full-time, Targeting November 1, 2025 - but we're flexible<strong><br \/>Ubicaci\u00f3n<\/strong>: Presencial \/ H\u00edbrido \/ Remoto en Viby J. (Aarhus, Dinamarca)<br \/><strong>Nivel de experiencia<\/strong>: Medio-superior (3-5 a\u00f1os)<\/p>\n<p><strong>\u00a0<\/strong><\/p>\n<p><strong>Qui\u00e9nes somos<\/strong><\/p>\n<p>En Mobaro, creamos software que mantiene los parques tem\u00e1ticos, parques acu\u00e1ticos y centros de entretenimiento familiar seguros, eficientes y listos para ofrecer experiencias inolvidables a los hu\u00e9spedes. Los operadores de todo el mundo conf\u00edan en nuestra plataforma de GMAO y gesti\u00f3n de activos empresariales para gestionar la seguridad, el mantenimiento y las operaciones diarias.<\/p>\n<p>Somos una empresa danesa con ambiciones globales, y entre nuestros clientes figuran algunos de los nombres m\u00e1s interesantes del sector del ocio, el deporte y el entretenimiento. Cuando decimos que su c\u00f3digo puede proteger a las personas y hacer girar las atracciones, \u00a1lo decimos en serio!<\/p>\n<p>Ahora buscamos un desarrollador de aplicaciones y p\u00e1ginas web que se una a nuestro equipo de desarrollo principal y se encargue de la aplicaci\u00f3n m\u00f3vil Mobaro, la herramienta que utilizan a diario miles de operadores, t\u00e9cnicos y gestores de atracciones de todo el mundo.<\/p>\n<p>\u00a0<\/p>\n<p><strong>Su papel<\/strong><\/p>\n<p>Ser\u00e1s el desarrollador de nuestra aplicaci\u00f3n m\u00f3vil, actualmente basada en Cordova, Ionic y AngularJS. Tu principal responsabilidad ser\u00e1 mantener y evolucionar la aplicaci\u00f3n mientras lideras la transici\u00f3n a una pila moderna con:<\/p>\n<ul>\n<li>Angular<\/li>\n<li>Marco i\u00f3nico<\/li>\n<li>Arquitectura PWA.<\/li>\n<\/ul>\n<p>Esta es una oportunidad de dejar su huella en un producto global que repercute directamente en la seguridad y las operaciones de algunas de las principales instalaciones de ocio del mundo.<\/p>\n<p>\u00a0<\/p>\n<p><strong>En qu\u00e9 trabajar\u00e1s<\/strong><\/p>\n<ul>\n<li>Asumir la propiedad t\u00e9cnica de la(s) aplicaci\u00f3n(es) Mobaro utilizada(s) por miles de usuarios activos diarios.<\/li>\n<li>Impulsar la migraci\u00f3n de Cordova\/Ionic\/AngularJS a una soluci\u00f3n armonizada Angular + Ionic + PWA.<\/li>\n<\/ul>\n<p>\u00a0<\/p>\n<ul>\n<li>Garantizar una experiencia s\u00f3lida, escalable y f\u00e1cil de usar que se alinee con la visi\u00f3n UX de Mobaro.<\/li>\n<li>Colaborar con nuestros equipos de servicios profesionales y de pila completa para ofrecer nuevas funciones e integraciones de clientes.<\/li>\n<li>Aportar su experiencia para ayudarnos a preparar nuestra plataforma para el futuro.<\/li>\n<\/ul>\n<p>\u00a0<\/p>\n<p><strong>Lo que buscamos<\/strong><\/p>\n<ul>\n<li>3-5 a\u00f1os de experiencia demostrada con Cordova, Ionic, Angular (incl. AngularJS) y tecnolog\u00edas relacionadas.<\/li>\n<li>Una base s\u00f3lida en JavaScript\/TypeScript y desarrollo de aplicaciones web.<\/li>\n<li>Experiencia con PWA o inter\u00e9s en liderar una transici\u00f3n de este tipo.<\/li>\n<li>Desarrollador con iniciativa propia al que le gustan la responsabilidad y la implicaci\u00f3n.<\/li>\n<\/ul>\n<p>\u00a0<\/p>\n<p><strong>Qu\u00e9 obtendr\u00e1<\/strong><\/p>\n<ul>\n<li>Un lugar de trabajo con compa\u00f1eros cualificados y apasionados y un alto grado de libertad y responsabilidad individual.<\/li>\n<li>Un puesto de alto impacto en una empresa SaaS en crecimiento que presta servicio a una base de clientes global.<\/li>\n<li>Colaboraci\u00f3n con un talentoso equipo de desarrolladores a trav\u00e9s de m\u00faltiples v\u00edas \u00e1giles.<\/li>\n<li>La oportunidad de dar forma a las herramientas que hacen que las atracciones sean m\u00e1s seguras y las operaciones m\u00e1s fluidas para millones de clientes en todo el mundo.<\/li>\n<\/ul>\n<p>\u00a0<\/p>\n<p><strong>\u00bfPor qu\u00e9 Mobaro?<\/strong><\/p>\n<p>Porque nuestro software no es una aplicaci\u00f3n m\u00e1s: ayuda a garantizar la seguridad y la calidad en entornos donde realmente importa. Desde monta\u00f1as rusas hasta toboganes acu\u00e1ticos, Mobaro es la columna vertebral invisible de las operaciones en parques y atracciones de todo el mundo. Unirse a nosotros significa que su trabajo marcar\u00e1 una diferencia real tanto para los operadores como para los visitantes.<\/p>\n<p>\u00a0<\/p>\n<p><strong>\u00bfLe interesa?<\/strong><\/p>\n<p>Env\u00edenos su solicitud y hablemos de c\u00f3mo puede ayudar a dar forma al futuro de la aplicaci\u00f3n Mobaro y del propio sector del ocio.<\/p>\n<p>P\u00f3ngase en contacto con Christian Rasmussen en <a href=\"mailto:cr@mobaro.com\">cr@mobaro.com<\/a> si tiene alguna pregunta o desea presentar su solicitud.<\/p>\n<p>Estamos impacientes por recibir su respuesta.<\/p>","protected":false},"excerpt":{"rendered":"<p>Desarrollador de aplicaciones y web (in situ \/ h\u00edbrido \/ remoto) \u00danase a Mobaro y ayude a crear las herramientas que mantienen seguras las monta\u00f1as rusas y fluidos los toboganes de agua. Puesto: Full-time, Targeting November 1, 2025 - but we're flexibleLocation: Presencial \/ H\u00edbrido \/ Remoto en Viby J. (Aarhus, Dinamarca)Nivel de experiencia: Medio-Senior (3-5 a\u00f1os) Qui\u00e9nes somos En Mobaro, [...]<\/p>","protected":false},"author":1,"featured_media":5925,"parent":3787,"menu_order":0,"comment_status":"closed","ping_status":"closed","template":"","meta":{"content-type":"","footnotes":""},"class_list":["post-11356","page","type-page","status-publish","has-post-thumbnail","hentry"],"_links":{"self":[{"href":"https:\/\/mobaro.com\/es\/wp-json\/wp\/v2\/pages\/11356","targetHints":{"allow":["GET"]}}],"collection":[{"href":"https:\/\/mobaro.com\/es\/wp-json\/wp\/v2\/pages"}],"about":[{"href":"https:\/\/mobaro.com\/es\/wp-json\/wp\/v2\/types\/page"}],"author":[{"embeddable":true,"href":"https:\/\/mobaro.com\/es\/wp-json\/wp\/v2\/users\/1"}],"replies":[{"embeddable":true,"href":"https:\/\/mobaro.com\/es\/wp-json\/wp\/v2\/comments?post=11356"}],"version-history":[{"count":2,"href":"https:\/\/mobaro.com\/es\/wp-json\/wp\/v2\/pages\/11356\/revisions"}],"predecessor-version":[{"id":11444,"href":"https:\/\/mobaro.com\/es\/wp-json\/wp\/v2\/pages\/11356\/revisions\/11444"}],"up":[{"embeddable":true,"href":"https:\/\/mobaro.com\/es\/wp-json\/wp\/v2\/pages\/3787"}],"wp:featuredmedia":[{"embeddable":true,"href":"https:\/\/mobaro.com\/es\/wp-json\/wp\/v2\/media\/5925"}],"wp:attachment":[{"href":"https:\/\/mobaro.com\/es\/wp-json\/wp\/v2\/media?parent=11356"}],"curies":[{"name":"wp","href":"https:\/\/api.w.org\/{rel}","templated":true}]}}