{"id":11353,"date":"2025-10-06T11:01:09","date_gmt":"2025-10-06T09:01:09","guid":{"rendered":"https:\/\/mobaro.com\/?page_id=11353"},"modified":"2025-11-13T14:15:21","modified_gmt":"2025-11-13T13:15:21","slug":"frontend-developer-on-site-hybrid-remote","status":"publish","type":"page","link":"https:\/\/mobaro.com\/es\/about\/jobs\/frontend-developer-on-site-hybrid-remote\/","title":{"rendered":"Desarrollador Frontend (Presencial \/ H\u00edbrido \/ Remoto)"},"content":{"rendered":"<div data-elementor-type=\"wp-post\" data-elementor-id=\"11353\" class=\"elementor elementor-11353\" data-elementor-post-type=\"page\">\n\t\t\t\t\t\t<section class=\"elementor-section elementor-top-section elementor-element elementor-element-c674f94 elementor-section-boxed elementor-section-height-default elementor-section-height-default exad-glass-effect-no exad-sticky-section-no\" data-id=\"c674f94\" data-element_type=\"section\">\n\t\t\t\t\t\t<div class=\"elementor-container elementor-column-gap-default\">\n\t\t\t\t\t<div class=\"elementor-column elementor-col-100 elementor-top-column elementor-element elementor-element-8ad1f4f exad-glass-effect-no exad-sticky-section-no\" data-id=\"8ad1f4f\" data-element_type=\"column\">\n\t\t\t<div class=\"elementor-widget-wrap elementor-element-populated\">\n\t\t\t\t\t\t<div class=\"elementor-element elementor-element-18d898a exad-sticky-section-no exad-glass-effect-no elementor-widget elementor-widget-heading\" data-id=\"18d898a\" data-element_type=\"widget\" data-widget_type=\"heading.default\">\n\t\t\t\t<div class=\"elementor-widget-container\">\n\t\t\t\t\t<h2 class=\"elementor-heading-title elementor-size-default\"><p>Desarrollador Frontend (Presencial \/ H\u00edbrido \/ Remoto)<span style=\"color: rgb(7, 79, 87); font-family: Montserrat, sans-serif; font-size: 2rem; font-weight: 600; white-space: pre-wrap; background-color: rgb(255, 255, 255); display: inline !important; float: none;\"><\/span><\/p><\/h2>\t\t\t\t<\/div>\n\t\t\t\t<\/div>\n\t\t\t\t<div class=\"elementor-element elementor-element-e3c5e66 exad-sticky-section-no exad-glass-effect-no elementor-widget elementor-widget-text-editor\" data-id=\"e3c5e66\" data-element_type=\"widget\" data-widget_type=\"text-editor.default\">\n\t\t\t\t<div class=\"elementor-widget-container\">\n\t\t\t\t\t\t\t\t\t<p class=\"MsoNormal\"><i>\u00danete a Mobaro y ayuda a construir las herramientas que mantienen seguras las monta\u00f1as rusas y fluidos los toboganes de agua.<\/i><\/p>\t\t\t\t\t\t\t\t<\/div>\n\t\t\t\t<\/div>\n\t\t\t\t\t<\/div>\n\t\t<\/div>\n\t\t\t\t\t<\/div>\n\t\t<\/section>\n\t\t\t\t<section class=\"elementor-section elementor-top-section elementor-element elementor-element-eb0cb96 elementor-section-boxed elementor-section-height-default elementor-section-height-default exad-glass-effect-no exad-sticky-section-no\" data-id=\"eb0cb96\" data-element_type=\"section\">\n\t\t\t\t\t\t<div class=\"elementor-container elementor-column-gap-default\">\n\t\t\t\t\t<div class=\"elementor-column elementor-col-100 elementor-top-column elementor-element elementor-element-388da12 exad-glass-effect-no exad-sticky-section-no\" data-id=\"388da12\" data-element_type=\"column\">\n\t\t\t<div class=\"elementor-widget-wrap elementor-element-populated\">\n\t\t\t\t\t\t<div class=\"elementor-element elementor-element-ff4d4ba exad-sticky-section-no exad-glass-effect-no elementor-widget elementor-widget-image\" data-id=\"ff4d4ba\" data-element_type=\"widget\" data-widget_type=\"image.default\">\n\t\t\t\t<div class=\"elementor-widget-container\">\n\t\t\t\t\t\t\t\t\t\t\t\t\t\t\t<img fetchpriority=\"high\" decoding=\"async\" width=\"800\" height=\"419\" src=\"https:\/\/mobaro.com\/wp-content\/uploads\/2021\/10\/frontend-developer-mobaro.jpg\" class=\"attachment-large size-large wp-image-5924\" alt=\"\" srcset=\"https:\/\/mobaro.com\/wp-content\/uploads\/2021\/10\/frontend-developer-mobaro.jpg 800w, https:\/\/mobaro.com\/wp-content\/uploads\/2021\/10\/frontend-developer-mobaro-300x157.jpg 300w, https:\/\/mobaro.com\/wp-content\/uploads\/2021\/10\/frontend-developer-mobaro-768x402.jpg 768w, https:\/\/mobaro.com\/wp-content\/uploads\/2021\/10\/frontend-developer-mobaro-16x8.jpg 16w\" sizes=\"(max-width: 800px) 100vw, 800px\" \/>\t\t\t\t\t\t\t\t\t\t\t\t\t\t\t<\/div>\n\t\t\t\t<\/div>\n\t\t\t\t<div class=\"elementor-element elementor-element-01d4bcd exad-sticky-section-no exad-glass-effect-no elementor-widget elementor-widget-text-editor\" data-id=\"01d4bcd\" data-element_type=\"widget\" data-widget_type=\"text-editor.default\">\n\t\t\t\t<div class=\"elementor-widget-container\">\n\t\t\t\t\t\t\t\t\t<p><strong>Qui\u00e9nes somos<\/strong><\/p><p>En Mobaro, estamos replanteando la forma en que las industrias m\u00e1s divertidas y din\u00e1micas del mundo se mantienen seguras, eficientes y conformes. Nuestra plataforma SaaS impulsa las operaciones diarias en m\u00e1s de 400 atracciones en todo el mundo, desde parques tem\u00e1ticos y parques acu\u00e1ticos hasta arenas de trampol\u00edn y FEC.<\/p><p>Somos una empresa danesa con ambiciones globales, y entre nuestros clientes figuran algunos de los nombres m\u00e1s interesantes del sector del ocio, el deporte y el entretenimiento. Cuando decimos que su c\u00f3digo puede proteger a las personas y hacer girar las atracciones, \u00a1lo decimos en serio!<\/p><p>\u00a0<\/p><p><b>Qu\u00e9 har\u00e1<br \/><\/b><\/p><p>Buscamos un desarrollador frontend apasionado por el software moderno, al que le encante resolver problemas complejos y est\u00e9 preparado para hacerse cargo de funciones reales en un equipo en r\u00e1pida evoluci\u00f3n.<\/p><p>Como miembro clave de nuestro equipo de desarrollo de productos, deber\u00e1s:<\/p><ul><li>Creaci\u00f3n de funciones modernas y escalables para web y dispositivos m\u00f3viles<\/li><li>Ayudar a dar forma a la arquitectura de una plataforma en crecimiento<\/li><li>Vea c\u00f3mo se utiliza su trabajo en atracciones de todo el mundo<\/li><li>Participar en decisiones de alto impacto sobre tecnolog\u00eda, experiencia del usuario y direcci\u00f3n del producto.<\/li><li>Colabore, experimente, aprenda e itere con un equipo amable y perspicaz.<\/li><\/ul><p>\u00a0<\/p><p><strong>Qu\u00e9 buscamos<\/strong><\/p><ul><li>M\u00e1s de 3 a\u00f1os creando aplicaciones para el mundo real<\/li><li>Experiencia con TypeScript, PWAs y AngularJS\/Angular es un plus pero no una obligaci\u00f3n.<\/li><li>Dominio del desarrollo web y frontend moderno<\/li><li>Curioso, emprendedor y sin miedo a asumir responsabilidades<\/li><li>Te encanta el c\u00f3digo limpio, el trabajo en equipo inteligente y hacer felices a los usuarios<\/li><li>Se siente c\u00f3modo en una cultura colaborativa y as\u00edncrona.<\/li><\/ul><p>\u00a0<\/p><p><strong>Tecnolog\u00eda con la que trabajar\u00e1<\/strong><\/p><p>No es necesario que lo sepas todo: contratamos por mentalidad y potencial de crecimiento. Pero esta es la pila con la que estar\u00e1s en contacto:<\/p><ul><li><strong>Backend<\/strong>: C# (.NET 9+)<\/li><li><strong>Frontend<\/strong>: TypeScript, JavaScript, AngularJS\/Angular<\/li><li><strong>M\u00f3vil<\/strong>: TypeScript, Ionic, AngularJS y Angular<\/li><li><strong>Bases de datos<\/strong>: MSSQL, RavenDB<\/li><li><strong>Infraestructura<\/strong>: La nube primero en Azure<\/li><li><strong>Herramientas<\/strong>: Git, CI\/CD, Azure DevOps.<\/li><\/ul><p>\u00a0<\/p><p><strong>\u00bfPor qu\u00e9 Mobaro?<\/strong><\/p><p>He aqu\u00ed por qu\u00e9 a la gente le encanta trabajar aqu\u00ed:<\/p><ul><li><strong>Tendr\u00e1s un alto grado de libertad y responsabilidad<\/strong> - le confiamos autonom\u00eda e impacto real<\/li><li><strong>Trabajar\u00e1s en cosas significativas<\/strong> - ayudar a personas reales en entornos reales<\/li><li><strong>Utilizar\u00e1s herramientas modernas y dar\u00e1s forma a c\u00f3mo construimos<\/strong><\/li><li><strong>Su trabajo marca la diferencia<\/strong> - de las listas de comprobaci\u00f3n de seguridad al mantenimiento preventivo<\/li><li><strong>Flexibilidad a distancia<\/strong> - Se dar\u00e1 prioridad a los candidatos de Dinamarca, pero estamos abiertos a la mayor\u00eda de los pa\u00edses.<\/li><li><strong>Y nuestros clientes son incre\u00edbles<\/strong> - desde parques acu\u00e1ticos y tem\u00e1ticos hasta cadenas de camas el\u00e1sticas.<\/li><\/ul><p>\u00a0<\/p><p><strong>Log\u00edstica<\/strong><\/p><ul><li><strong>Tipo<\/strong>: A tiempo completo<\/li><li><strong>Ubicaci\u00f3n<\/strong>: Presencial \/ H\u00edbrido \/ Remoto en Viby J. (Aarhus, Dinamarca)<\/li><li><strong>Fecha de inicio<\/strong>: El objetivo es el 1 de noviembre de 2025, pero somos flexibles.<\/li><\/ul><p>\u00a0<\/p><p><strong>\u00bfLe interesa?<\/strong><\/p><p>Env\u00edenos su solicitud y hablemos de c\u00f3mo puede ayudar a dar forma al futuro de la aplicaci\u00f3n Mobaro y del propio sector del ocio.<\/p><p>P\u00f3ngase en contacto con Christian Rasmussen en <a href=\"mailto:cr@mobaro.com\">cr@mobaro.com<\/a> si tiene alguna pregunta o desea presentar su solicitud.<\/p><p>Estamos impacientes por recibir su respuesta.<\/p>\t\t\t\t\t\t\t\t<\/div>\n\t\t\t\t<\/div>\n\t\t\t\t\t<\/div>\n\t\t<\/div>\n\t\t\t\t\t<\/div>\n\t\t<\/section>\n\t\t\t\t<\/div>","protected":false},"excerpt":{"rendered":"<p>Desarrollador Frontend (Presencial \/ H\u00edbrido \/ Remoto) \u00danase a Mobaro y ayude a crear las herramientas que mantienen seguras las monta\u00f1as rusas y fluidos los toboganes de agua. Qui\u00e9nes somos En Mobaro, estamos repensando c\u00f3mo las industrias m\u00e1s divertidas y din\u00e1micas del mundo se mantienen seguras, eficientes y conformes. Nuestra plataforma SaaS impulsa las operaciones diarias de m\u00e1s de 400 atracciones en todo el mundo, desde [...]<\/p>","protected":false},"author":1,"featured_media":0,"parent":3787,"menu_order":0,"comment_status":"closed","ping_status":"closed","template":"","meta":{"content-type":"","footnotes":""},"class_list":["post-11353","page","type-page","status-publish","hentry"],"_links":{"self":[{"href":"https:\/\/mobaro.com\/es\/wp-json\/wp\/v2\/pages\/11353","targetHints":{"allow":["GET"]}}],"collection":[{"href":"https:\/\/mobaro.com\/es\/wp-json\/wp\/v2\/pages"}],"about":[{"href":"https:\/\/mobaro.com\/es\/wp-json\/wp\/v2\/types\/page"}],"author":[{"embeddable":true,"href":"https:\/\/mobaro.com\/es\/wp-json\/wp\/v2\/users\/1"}],"replies":[{"embeddable":true,"href":"https:\/\/mobaro.com\/es\/wp-json\/wp\/v2\/comments?post=11353"}],"version-history":[{"count":13,"href":"https:\/\/mobaro.com\/es\/wp-json\/wp\/v2\/pages\/11353\/revisions"}],"predecessor-version":[{"id":11383,"href":"https:\/\/mobaro.com\/es\/wp-json\/wp\/v2\/pages\/11353\/revisions\/11383"}],"up":[{"embeddable":true,"href":"https:\/\/mobaro.com\/es\/wp-json\/wp\/v2\/pages\/3787"}],"wp:attachment":[{"href":"https:\/\/mobaro.com\/es\/wp-json\/wp\/v2\/media?parent=11353"}],"curies":[{"name":"wp","href":"https:\/\/api.w.org\/{rel}","templated":true}]}}